{"id":419,"date":"2025-02-28T22:41:16","date_gmt":"2025-02-28T22:41:16","guid":{"rendered":"https:\/\/lightslategray-snake-446862.hostingersite.com\/?page_id=419"},"modified":"2025-05-21T02:23:02","modified_gmt":"2025-05-21T02:23:02","slug":"reparacion-mantenimiento-camaras-seguridad-medellin","status":"publish","type":"page","link":"https:\/\/disvecol.com.co\/index.php\/reparacion-mantenimiento-camaras-seguridad-medellin\/","title":{"rendered":"Mantenimiento camaras de seguridad en Medellin"},"content":{"rendered":"\n<p>Mantenimiento y reparaci\u00f3n c\u00e1maras de seguridad Medellin <a href=\"https:\/\/lightslategray-snake-446862.hostingersite.com\/\">\/<\/a><a href=\"https:\/\/lightslategray-snake-446862.hostingersite.com\/index.php\/instalacion-camaras-medellin\/\">Instalacion Camaras de Seguridad | camaras  WIFI<\/a><\/p>\n\n\n\n<p>Venta Mantenimiento e Instalacion de camaras en Medellin, Envigado, Sabaneta, y demas municipios de Antioquia <\/p>\n\n\n\n<p>Disvecol es una empresa l\u00edder en la prestaci\u00f3n de servicios de instalaci\u00f3n, mantenimiento y reparaci\u00f3n de sistemas de seguridad, especializada en c\u00e1maras de vigilancia en Medell\u00edn. Nuestra misi\u00f3n es garantizar la seguridad y tranquilidad de nuestros clientes mediante soluciones tecnol\u00f3gicas avanzadas y un servicio de mantenimiento profesional.<\/p>\n\n\n\n<p><strong>Director General &#8211; Disvecol &#8211; Mantenimiento de C\u00e1maras de Seguridad<\/strong><\/p>\n\n\n\n<p>Como CEO de Disvecol, Me comprometo a ofrecer a nuestros clientes un servicio de mantenimiento integral para sus sistemas de c\u00e1maras de seguridad. Nuestro equipo altamente capacitado se encarga de realizar diagn\u00f3sticos, reparaciones y actualizaciones peri\u00f3dicas, asegurando que su sistema de monitoreo funcione de manera \u00f3ptima.<\/p>\n\n\n\n<p>Contamos con m\u00e1s de 10 a\u00f1os de experiencia en la industria de seguridad electr\u00f3nica, con una atenci\u00f3n personalizada que garantiza la soluci\u00f3n m\u00e1s eficiente seg\u00fan las necesidades espec\u00edficas de cada cliente. Ya sea para c\u00e1maras de circuito cerrado (CCTV), sistemas IP o anal\u00f3gicos, Disvecol ofrece el respaldo t\u00e9cnico necesario para mantener su sistema de vigilancia siempre activo y en perfecto<\/p>\n\n\n\n<p><\/p>\n\n\n\n<p>Nosotros en<\/p>\n\n\n\n<p><strong>Servicios de mantenimiento incluyen:<\/strong><\/p>\n\n\n\n<ul class=\"wp-block-list\">\n<li>Inspecci\u00f3n y diagn\u00f3stico<\/li>\n\n\n\n<li>Reparar<\/li>\n\n\n\n<li>\u00d3ptimo<\/li>\n\n\n\n<li>A<\/li>\n<\/ul>\n\n\n\n<figure class=\"wp-block-image size-full\"><img decoding=\"async\" width=\"440\" height=\"330\" src=\"https:\/\/lightslategray-snake-446862.hostingersite.com\/wp-content\/uploads\/2025\/02\/instalacion-de-camaras-de-seguridad_440x330-png.avif\" alt=\"Mantenimiento camaras de seguridad Medellin\" class=\"wp-image-421\" srcset=\"https:\/\/disvecol.com.co\/wp-content\/uploads\/2025\/02\/instalacion-de-camaras-de-seguridad_440x330-png.avif 440w, https:\/\/disvecol.com.co\/wp-content\/uploads\/2025\/02\/instalacion-de-camaras-de-seguridad_440x330-300x225.avif 300w\" sizes=\"(max-width: 440px) 100vw, 440px\" \/><figcaption class=\"wp-element-caption\">reparacion de camARAS  DE VIGILANCIA<\/figcaption><\/figure>\n\n\n\n<p><\/p>\n","protected":false},"excerpt":{"rendered":"<p>Mantenimiento y reparaci\u00f3n c\u00e1maras de seguridad Medellin \/Instalacion Camaras de Seguridad | camaras WIFI Venta Mantenimiento e Instalacion de camaras [&hellip;]<\/p>\n","protected":false},"author":1,"featured_media":0,"parent":0,"menu_order":0,"comment_status":"closed","ping_status":"closed","template":"","meta":{"site-sidebar-layout":"default","site-content-layout":"","ast-site-content-layout":"default","site-content-style":"default","site-sidebar-style":"default","ast-global-header-display":"","ast-banner-title-visibility":"","ast-main-header-display":"","ast-hfb-above-header-display":"","ast-hfb-below-header-display":"","ast-hfb-mobile-header-display":"","site-post-title":"","ast-breadcrumbs-content":"","ast-featured-img":"","footer-sml-layout":"","ast-disable-related-posts":"","theme-transparent-header-meta":"","adv-header-id-meta":"","stick-header-meta":"","header-above-stick-meta":"","header-main-stick-meta":"","header-below-stick-meta":"","astra-migrate-meta-layouts":"default","ast-page-background-enabled":"default","ast-page-background-meta":{"desktop":{"background-color":"var(--ast-global-color-5)","background-image":"","background-repeat":"repeat","background-position":"center center","background-size":"auto","background-attachment":"scroll","background-type":"","background-media":"","overlay-type":"","overlay-color":"","overlay-opacity":"","overlay-gradient":""},"tablet":{"background-color":"","background-image":"","background-repeat":"repeat","background-position":"center center","background-size":"auto","background-attachment":"scroll","background-type":"","background-media":"","overlay-type":"","overlay-color":"","overlay-opacity":"","overlay-gradient":""},"mobile":{"background-color":"","background-image":"","background-repeat":"repeat","background-position":"center center","background-size":"auto","background-attachment":"scroll","background-type":"","background-media":"","overlay-type":"","overlay-color":"","overlay-opacity":"","overlay-gradient":""}},"ast-content-background-meta":{"desktop":{"background-color":"var(--ast-global-color-4)","background-image":"","background-repeat":"repeat","background-position":"center center","background-size":"auto","background-attachment":"scroll","background-type":"","background-media":"","overlay-type":"","overlay-color":"","overlay-opacity":"","overlay-gradient":""},"tablet":{"background-color":"var(--ast-global-color-4)","background-image":"","background-repeat":"repeat","background-position":"center center","background-size":"auto","background-attachment":"scroll","background-type":"","background-media":"","overlay-type":"","overlay-color":"","overlay-opacity":"","overlay-gradient":""},"mobile":{"background-color":"var(--ast-global-color-4)","background-image":"","background-repeat":"repeat","background-position":"center center","background-size":"auto","background-attachment":"scroll","background-type":"","background-media":"","overlay-type":"","overlay-color":"","overlay-opacity":"","overlay-gradient":""}},"footnotes":""},"class_list":["post-419","page","type-page","status-publish","hentry"],"yoast_head":"<!-- This site is optimized with the Yoast SEO plugin v27.3 - https:\/\/yoast.com\/product\/yoast-seo-wordpress\/ -->\n<title>Mantenimiento e Instalaci\u00f3n c\u00e1maras de seguridad en Medellin<\/title>\n<meta name=\"description\" content=\"Mantenimiento y Reparaci\u00f3n c\u00e1maras de seguridad en Medellin - Disvecol - Camaras de seguridad Wifi. para hogar y empresa 3006550033\" \/>\n<meta name=\"robots\" content=\"index, follow, max-snippet:-1, max-image-preview:large, max-video-preview:-1\" \/>\n<link rel=\"canonical\" href=\"https:\/\/disvecol.com.co\/index.php\/reparacion-mantenimiento-camaras-seguridad-medellin\/\" \/>\n<meta property=\"og:locale\" content=\"es_ES\" \/>\n<meta property=\"og:type\" content=\"article\" \/>\n<meta property=\"og:title\" content=\"Mantenimiento e Instalaci\u00f3n c\u00e1maras de seguridad en Medellin\" \/>\n<meta property=\"og:description\" content=\"Mantenimiento y Reparaci\u00f3n c\u00e1maras de seguridad en Medellin - Disvecol - Camaras de seguridad Wifi. para hogar y empresa 3006550033\" \/>\n<meta property=\"og:url\" content=\"https:\/\/disvecol.com.co\/index.php\/reparacion-mantenimiento-camaras-seguridad-medellin\/\" \/>\n<meta property=\"article:modified_time\" content=\"2025-05-21T02:23:02+00:00\" \/>\n<meta property=\"og:image\" content=\"https:\/\/lightslategray-snake-446862.hostingersite.com\/wp-content\/uploads\/2025\/02\/instalacion-de-camaras-de-seguridad_440x330-png.avif\" \/>\n<meta name=\"twitter:card\" content=\"summary_large_image\" \/>\n<meta name=\"twitter:label1\" content=\"Tiempo de lectura\" \/>\n\t<meta name=\"twitter:data1\" content=\"2 minutos\" \/>\n<script type=\"application\/ld+json\" class=\"yoast-schema-graph\">{\"@context\":\"https:\\\/\\\/schema.org\",\"@graph\":[{\"@type\":\"WebPage\",\"@id\":\"https:\\\/\\\/disvecol.com.co\\\/index.php\\\/reparacion-mantenimiento-camaras-seguridad-medellin\\\/\",\"url\":\"https:\\\/\\\/disvecol.com.co\\\/index.php\\\/reparacion-mantenimiento-camaras-seguridad-medellin\\\/\",\"name\":\"Mantenimiento e Instalaci\u00f3n c\u00e1maras de seguridad en Medellin\",\"isPartOf\":{\"@id\":\"https:\\\/\\\/disvecol.com.co\\\/#website\"},\"primaryImageOfPage\":{\"@id\":\"https:\\\/\\\/disvecol.com.co\\\/index.php\\\/reparacion-mantenimiento-camaras-seguridad-medellin\\\/#primaryimage\"},\"image\":{\"@id\":\"https:\\\/\\\/disvecol.com.co\\\/index.php\\\/reparacion-mantenimiento-camaras-seguridad-medellin\\\/#primaryimage\"},\"thumbnailUrl\":\"https:\\\/\\\/lightslategray-snake-446862.hostingersite.com\\\/wp-content\\\/uploads\\\/2025\\\/02\\\/instalacion-de-camaras-de-seguridad_440x330-png.avif\",\"datePublished\":\"2025-02-28T22:41:16+00:00\",\"dateModified\":\"2025-05-21T02:23:02+00:00\",\"description\":\"Mantenimiento y Reparaci\u00f3n c\u00e1maras de seguridad en Medellin - Disvecol - Camaras de seguridad Wifi. para hogar y empresa 3006550033\",\"breadcrumb\":{\"@id\":\"https:\\\/\\\/disvecol.com.co\\\/index.php\\\/reparacion-mantenimiento-camaras-seguridad-medellin\\\/#breadcrumb\"},\"inLanguage\":\"es\",\"potentialAction\":[{\"@type\":\"ReadAction\",\"target\":[\"https:\\\/\\\/disvecol.com.co\\\/index.php\\\/reparacion-mantenimiento-camaras-seguridad-medellin\\\/\"]}]},{\"@type\":\"ImageObject\",\"inLanguage\":\"es\",\"@id\":\"https:\\\/\\\/disvecol.com.co\\\/index.php\\\/reparacion-mantenimiento-camaras-seguridad-medellin\\\/#primaryimage\",\"url\":\"https:\\\/\\\/lightslategray-snake-446862.hostingersite.com\\\/wp-content\\\/uploads\\\/2025\\\/02\\\/instalacion-de-camaras-de-seguridad_440x330-png.avif\",\"contentUrl\":\"https:\\\/\\\/lightslategray-snake-446862.hostingersite.com\\\/wp-content\\\/uploads\\\/2025\\\/02\\\/instalacion-de-camaras-de-seguridad_440x330-png.avif\"},{\"@type\":\"BreadcrumbList\",\"@id\":\"https:\\\/\\\/disvecol.com.co\\\/index.php\\\/reparacion-mantenimiento-camaras-seguridad-medellin\\\/#breadcrumb\",\"itemListElement\":[{\"@type\":\"ListItem\",\"position\":1,\"name\":\"Portada\",\"item\":\"https:\\\/\\\/disvecol.com.co\\\/\"},{\"@type\":\"ListItem\",\"position\":2,\"name\":\"Mantenimiento camaras de seguridad en Medellin\"}]},{\"@type\":\"WebSite\",\"@id\":\"https:\\\/\\\/disvecol.com.co\\\/#website\",\"url\":\"https:\\\/\\\/disvecol.com.co\\\/\",\"name\":\"Disvecol | camaras de seguridad\",\"description\":\"C\u00e1maras de seguridad y alarmas \",\"publisher\":{\"@id\":\"https:\\\/\\\/disvecol.com.co\\\/#organization\"},\"alternateName\":\"camaras de seguridad Medellin\",\"potentialAction\":[{\"@type\":\"SearchAction\",\"target\":{\"@type\":\"EntryPoint\",\"urlTemplate\":\"https:\\\/\\\/disvecol.com.co\\\/?s={search_term_string}\"},\"query-input\":{\"@type\":\"PropertyValueSpecification\",\"valueRequired\":true,\"valueName\":\"search_term_string\"}}],\"inLanguage\":\"es\"},{\"@type\":\"Organization\",\"@id\":\"https:\\\/\\\/disvecol.com.co\\\/#organization\",\"name\":\"Disvecol S.a.S\",\"alternateName\":\"disvecol camaras\",\"url\":\"https:\\\/\\\/disvecol.com.co\\\/\",\"logo\":{\"@type\":\"ImageObject\",\"inLanguage\":\"es\",\"@id\":\"https:\\\/\\\/disvecol.com.co\\\/#\\\/schema\\\/logo\\\/image\\\/\",\"url\":\"https:\\\/\\\/disvecol.com.co\\\/wp-content\\\/uploads\\\/2025\\\/03\\\/cropped-cropped-1_20250317_112650_0000.png\",\"contentUrl\":\"https:\\\/\\\/disvecol.com.co\\\/wp-content\\\/uploads\\\/2025\\\/03\\\/cropped-cropped-1_20250317_112650_0000.png\",\"width\":1077,\"height\":1077,\"caption\":\"Disvecol S.a.S\"},\"image\":{\"@id\":\"https:\\\/\\\/disvecol.com.co\\\/#\\\/schema\\\/logo\\\/image\\\/\"},\"sameAs\":[\"https:\\\/\\\/www.instagram.com\\\/disvecol_camaras\"]}]}<\/script>\n<!-- \/ Yoast SEO plugin. -->","yoast_head_json":{"title":"Mantenimiento e Instalaci\u00f3n c\u00e1maras de seguridad en Medellin","description":"Mantenimiento y Reparaci\u00f3n c\u00e1maras de seguridad en Medellin - Disvecol - Camaras de seguridad Wifi. para hogar y empresa 3006550033","robots":{"index":"index","follow":"follow","max-snippet":"max-snippet:-1","max-image-preview":"max-image-preview:large","max-video-preview":"max-video-preview:-1"},"canonical":"https:\/\/disvecol.com.co\/index.php\/reparacion-mantenimiento-camaras-seguridad-medellin\/","og_locale":"es_ES","og_type":"article","og_title":"Mantenimiento e Instalaci\u00f3n c\u00e1maras de seguridad en Medellin","og_description":"Mantenimiento y Reparaci\u00f3n c\u00e1maras de seguridad en Medellin - Disvecol - Camaras de seguridad Wifi. para hogar y empresa 3006550033","og_url":"https:\/\/disvecol.com.co\/index.php\/reparacion-mantenimiento-camaras-seguridad-medellin\/","article_modified_time":"2025-05-21T02:23:02+00:00","og_image":[{"url":"https:\/\/lightslategray-snake-446862.hostingersite.com\/wp-content\/uploads\/2025\/02\/instalacion-de-camaras-de-seguridad_440x330-png.avif","type":"","width":"","height":""}],"twitter_card":"summary_large_image","twitter_misc":{"Tiempo de lectura":"2 minutos"},"schema":{"@context":"https:\/\/schema.org","@graph":[{"@type":"WebPage","@id":"https:\/\/disvecol.com.co\/index.php\/reparacion-mantenimiento-camaras-seguridad-medellin\/","url":"https:\/\/disvecol.com.co\/index.php\/reparacion-mantenimiento-camaras-seguridad-medellin\/","name":"Mantenimiento e Instalaci\u00f3n c\u00e1maras de seguridad en Medellin","isPartOf":{"@id":"https:\/\/disvecol.com.co\/#website"},"primaryImageOfPage":{"@id":"https:\/\/disvecol.com.co\/index.php\/reparacion-mantenimiento-camaras-seguridad-medellin\/#primaryimage"},"image":{"@id":"https:\/\/disvecol.com.co\/index.php\/reparacion-mantenimiento-camaras-seguridad-medellin\/#primaryimage"},"thumbnailUrl":"https:\/\/lightslategray-snake-446862.hostingersite.com\/wp-content\/uploads\/2025\/02\/instalacion-de-camaras-de-seguridad_440x330-png.avif","datePublished":"2025-02-28T22:41:16+00:00","dateModified":"2025-05-21T02:23:02+00:00","description":"Mantenimiento y Reparaci\u00f3n c\u00e1maras de seguridad en Medellin - Disvecol - Camaras de seguridad Wifi. para hogar y empresa 3006550033","breadcrumb":{"@id":"https:\/\/disvecol.com.co\/index.php\/reparacion-mantenimiento-camaras-seguridad-medellin\/#breadcrumb"},"inLanguage":"es","potentialAction":[{"@type":"ReadAction","target":["https:\/\/disvecol.com.co\/index.php\/reparacion-mantenimiento-camaras-seguridad-medellin\/"]}]},{"@type":"ImageObject","inLanguage":"es","@id":"https:\/\/disvecol.com.co\/index.php\/reparacion-mantenimiento-camaras-seguridad-medellin\/#primaryimage","url":"https:\/\/lightslategray-snake-446862.hostingersite.com\/wp-content\/uploads\/2025\/02\/instalacion-de-camaras-de-seguridad_440x330-png.avif","contentUrl":"https:\/\/lightslategray-snake-446862.hostingersite.com\/wp-content\/uploads\/2025\/02\/instalacion-de-camaras-de-seguridad_440x330-png.avif"},{"@type":"BreadcrumbList","@id":"https:\/\/disvecol.com.co\/index.php\/reparacion-mantenimiento-camaras-seguridad-medellin\/#breadcrumb","itemListElement":[{"@type":"ListItem","position":1,"name":"Portada","item":"https:\/\/disvecol.com.co\/"},{"@type":"ListItem","position":2,"name":"Mantenimiento camaras de seguridad en Medellin"}]},{"@type":"WebSite","@id":"https:\/\/disvecol.com.co\/#website","url":"https:\/\/disvecol.com.co\/","name":"Disvecol | camaras de seguridad","description":"C\u00e1maras de seguridad y alarmas ","publisher":{"@id":"https:\/\/disvecol.com.co\/#organization"},"alternateName":"camaras de seguridad Medellin","potentialAction":[{"@type":"SearchAction","target":{"@type":"EntryPoint","urlTemplate":"https:\/\/disvecol.com.co\/?s={search_term_string}"},"query-input":{"@type":"PropertyValueSpecification","valueRequired":true,"valueName":"search_term_string"}}],"inLanguage":"es"},{"@type":"Organization","@id":"https:\/\/disvecol.com.co\/#organization","name":"Disvecol S.a.S","alternateName":"disvecol camaras","url":"https:\/\/disvecol.com.co\/","logo":{"@type":"ImageObject","inLanguage":"es","@id":"https:\/\/disvecol.com.co\/#\/schema\/logo\/image\/","url":"https:\/\/disvecol.com.co\/wp-content\/uploads\/2025\/03\/cropped-cropped-1_20250317_112650_0000.png","contentUrl":"https:\/\/disvecol.com.co\/wp-content\/uploads\/2025\/03\/cropped-cropped-1_20250317_112650_0000.png","width":1077,"height":1077,"caption":"Disvecol S.a.S"},"image":{"@id":"https:\/\/disvecol.com.co\/#\/schema\/logo\/image\/"},"sameAs":["https:\/\/www.instagram.com\/disvecol_camaras"]}]}},"_hostinger_reach_plugin_has_subscription_block":false,"_hostinger_reach_plugin_is_elementor":false,"_links":{"self":[{"href":"https:\/\/disvecol.com.co\/index.php\/wp-json\/wp\/v2\/pages\/419","targetHints":{"allow":["GET"]}}],"collection":[{"href":"https:\/\/disvecol.com.co\/index.php\/wp-json\/wp\/v2\/pages"}],"about":[{"href":"https:\/\/disvecol.com.co\/index.php\/wp-json\/wp\/v2\/types\/page"}],"author":[{"embeddable":true,"href":"https:\/\/disvecol.com.co\/index.php\/wp-json\/wp\/v2\/users\/1"}],"replies":[{"embeddable":true,"href":"https:\/\/disvecol.com.co\/index.php\/wp-json\/wp\/v2\/comments?post=419"}],"version-history":[{"count":3,"href":"https:\/\/disvecol.com.co\/index.php\/wp-json\/wp\/v2\/pages\/419\/revisions"}],"predecessor-version":[{"id":542,"href":"https:\/\/disvecol.com.co\/index.php\/wp-json\/wp\/v2\/pages\/419\/revisions\/542"}],"wp:attachment":[{"href":"https:\/\/disvecol.com.co\/index.php\/wp-json\/wp\/v2\/media?parent=419"}],"curies":[{"name":"wp","href":"https:\/\/api.w.org\/{rel}","templated":true}]}}