{"id":1278,"date":"2025-08-27T19:16:54","date_gmt":"2025-08-27T19:16:54","guid":{"rendered":"https:\/\/disvecol.com.co\/?post_type=product&#038;p=1278"},"modified":"2025-08-27T19:16:54","modified_gmt":"2025-08-27T19:16:54","slug":"tapo-c200-1080p","status":"publish","type":"product","link":"https:\/\/disvecol.com.co\/index.php\/producto\/tapo-c200-1080p\/","title":{"rendered":"TAPO C200 1080P"},"content":{"rendered":"<h2><span dir=\"auto\" style=\"vertical-align: inherit;\"><span dir=\"auto\" style=\"vertical-align: inherit;\">Im\u00e1genes n\u00edtidas de 1080p para una vigilancia confiable<\/span><\/span><\/h2>\n<p><span dir=\"auto\" style=\"vertical-align: inherit;\"><span dir=\"auto\" style=\"vertical-align: inherit;\">La c\u00e1mara TAPO C200 1080P revoluciona la seguridad del hogar al ofrecer una nitidez de video de alta definici\u00f3n, garantizando que cada detalle sea n\u00edtido y visible. Con su avanzada resoluci\u00f3n de 1080P, no se perder\u00e1 ni un solo momento, ya sea las travesuras de su mascota o la seguridad de su familia las 24 horas. Dise\u00f1ada para brindarle tranquilidad, la TAPO C200 le ayuda a mantenerse conectado e informado dondequiera que est\u00e9.<\/span><\/span><\/p>\n<h2><span dir=\"auto\" style=\"vertical-align: inherit;\"><span dir=\"auto\" style=\"vertical-align: inherit;\">Panor\u00e1mica e inclinaci\u00f3n de 360\u00b0 para una cobertura completa del \u00e1rea<\/span><\/span><\/h2>\n<p><span dir=\"auto\" style=\"vertical-align: inherit;\"><span dir=\"auto\" style=\"vertical-align: inherit;\">Vigilar tu espacio nunca ha sido tan f\u00e1cil. La TAPO C200 cuenta con un intuitivo mecanismo de giro e inclinaci\u00f3n que permite que la c\u00e1mara gire hasta 360\u00b0 horizontalmente y 114\u00b0 verticalmente. Esto garantiza una cobertura m\u00e1s amplia y elimina los puntos ciegos en salas de estar, habitaciones infantiles, oficinas y m\u00e1s. Ideal para uso dom\u00e9stico o en peque\u00f1as empresas, esta funci\u00f3n garantiza una vigilancia fluida d\u00eda y noche.<\/span><\/span><\/p>\n<h2><span dir=\"auto\" style=\"vertical-align: inherit;\"><span dir=\"auto\" style=\"vertical-align: inherit;\">Visi\u00f3n nocturna y detecci\u00f3n de movimiento inteligente<\/span><\/span><\/h2>\n<p><span dir=\"auto\" style=\"vertical-align: inherit;\"><span dir=\"auto\" style=\"vertical-align: inherit;\">\u00bfTe preocupa la vigilancia en condiciones de poca luz? La TAPO C200 destaca por su visi\u00f3n nocturna, que ofrece una visibilidad de hasta 9 metros incluso en completa oscuridad. Adem\u00e1s, la c\u00e1mara incorpora tecnolog\u00eda inteligente de detecci\u00f3n de movimiento, que env\u00eda alertas instant\u00e1neas directamente a tu tel\u00e9fono al detectar actividad sospechosa. Esto la convierte en tu asistente de seguridad proactivo, ayud\u00e1ndote a actuar con rapidez cuando sea necesario.<\/span><\/span><\/p>\n<p><span dir=\"auto\" style=\"vertical-align: inherit;\"><span dir=\"auto\" style=\"vertical-align: inherit;\">Mant\u00e9ngase seguro con sus pr\u00e1cticas opciones de almacenamiento en la nube o tarjeta SD, que garantizan que sus momentos m\u00e1s importantes se guarden para consultarlos en cualquier momento. La f\u00e1cil configuraci\u00f3n y la compatibilidad con la app TAPO hacen que administrar su c\u00e1mara sea muy sencillo y sin estr\u00e9s. Ya sea que est\u00e9 monitoreando su hogar, mascotas o seres queridos, la c\u00e1mara TAPO C200 1080P es la soluci\u00f3n inteligente que estaba buscando.<\/span><\/span><\/p>\n","protected":false},"excerpt":{"rendered":"<h2><span dir=\"auto\" style=\"vertical-align: inherit;\">m\u00e1genes n\u00edtidas de 1080p para una vigilancia confiable<\/span><\/h2>\n<p><span dir=\"auto\" style=\"vertical-align: inherit;\">La c\u00e1mara TAPO C200 1080P revoluciona la seguridad del hogar al ofrecer una nitidez de video de alta definici\u00f3n, garantizando que cada detalle sea n\u00edtido y visible. Con su avanzada resoluci\u00f3n de 1080P, no se perder\u00e1 ni un solo momento, ya sea las travesuras de su mascota o la seguridad de su familia las 24 horas. Dise\u00f1ada para brindarle tranquilidad, la TAPO C200 le ayuda a mantenerse conectado e informado dondequiera que est\u00e9.<\/span><\/p>\n","protected":false},"featured_media":1279,"comment_status":"open","ping_status":"closed","template":"","meta":{"site-sidebar-layout":"default","site-content-layout":"","ast-site-content-layout":"default","site-content-style":"default","site-sidebar-style":"default","ast-global-header-display":"","ast-banner-title-visibility":"","ast-main-header-display":"","ast-hfb-above-header-display":"","ast-hfb-below-header-display":"","ast-hfb-mobile-header-display":"","site-post-title":"","ast-breadcrumbs-content":"","ast-featured-img":"","footer-sml-layout":"","ast-disable-related-posts":"","theme-transparent-header-meta":"default","adv-header-id-meta":"","stick-header-meta":"","header-above-stick-meta":"","header-main-stick-meta":"","header-below-stick-meta":"","astra-migrate-meta-layouts":"set","ast-page-background-enabled":"default","ast-page-background-meta":{"desktop":{"background-color":"var(--ast-global-color-5)","background-image":"","background-repeat":"repeat","background-position":"center center","background-size":"auto","background-attachment":"scroll","background-type":"","background-media":"","overlay-type":"","overlay-color":"","overlay-opacity":"","overlay-gradient":""},"tablet":{"background-color":"","background-image":"","background-repeat":"repeat","background-position":"center center","background-size":"auto","background-attachment":"scroll","background-type":"","background-media":"","overlay-type":"","overlay-color":"","overlay-opacity":"","overlay-gradient":""},"mobile":{"background-color":"","background-image":"","background-repeat":"repeat","background-position":"center center","background-size":"auto","background-attachment":"scroll","background-type":"","background-media":"","overlay-type":"","overlay-color":"","overlay-opacity":"","overlay-gradient":""}},"ast-content-background-meta":{"desktop":{"background-color":"var(--ast-global-color-4)","background-image":"","background-repeat":"repeat","background-position":"center center","background-size":"auto","background-attachment":"scroll","background-type":"","background-media":"","overlay-type":"","overlay-color":"","overlay-opacity":"","overlay-gradient":""},"tablet":{"background-color":"var(--ast-global-color-4)","background-image":"","background-repeat":"repeat","background-position":"center center","background-size":"auto","background-attachment":"scroll","background-type":"","background-media":"","overlay-type":"","overlay-color":"","overlay-opacity":"","overlay-gradient":""},"mobile":{"background-color":"var(--ast-global-color-4)","background-image":"","background-repeat":"repeat","background-position":"center center","background-size":"auto","background-attachment":"scroll","background-type":"","background-media":"","overlay-type":"","overlay-color":"","overlay-opacity":"","overlay-gradient":""}}},"product_brand":[],"product_cat":[44,21],"product_tag":[],"class_list":{"0":"post-1278","1":"product","2":"type-product","3":"status-publish","4":"has-post-thumbnail","6":"product_cat-camaras-para-el-hogar","7":"product_cat-camaras-wifi-ezviz","8":"desktop-align-right","9":"tablet-align-center","10":"mobile-align-left","12":"first","13":"instock","14":"shipping-taxable","15":"purchasable","16":"product-type-simple"},"yoast_head":"<!-- This site is optimized with the Yoast SEO plugin v27.3 - https:\/\/yoast.com\/product\/yoast-seo-wordpress\/ -->\n<title>TAPO C200 1080P -<\/title>\n<meta name=\"description\" content=\"m\u00e1genes n\u00edtidas de 1080p para una vigilancia confiableLa c\u00e1mara TAPO C200 1080P revoluciona la seguridad del hogar al ofrecer una nitidez de video de alta definici\u00f3n, garantizando que cada detalle sea n\u00edtido y visible. Con su avanzada resoluci\u00f3n de 1080P, no se perder\u00e1 ni un solo momento, ya sea las travesuras de su mascota o la seguridad de su familia las 24 horas. Dise\u00f1ada para brindarle tranquilidad, la TAPO C200 le ayuda a mantenerse conectado e informado dondequiera que est\u00e9.\" \/>\n<meta name=\"robots\" content=\"index, follow, max-snippet:-1, max-image-preview:large, max-video-preview:-1\" \/>\n<link rel=\"canonical\" href=\"https:\/\/disvecol.com.co\/index.php\/producto\/tapo-c200-1080p\/\" \/>\n<meta property=\"og:locale\" content=\"es_ES\" \/>\n<meta property=\"og:type\" content=\"article\" \/>\n<meta property=\"og:title\" content=\"TAPO C200 1080P -\" \/>\n<meta property=\"og:description\" content=\"m\u00e1genes n\u00edtidas de 1080p para una vigilancia confiableLa c\u00e1mara TAPO C200 1080P revoluciona la seguridad del hogar al ofrecer una nitidez de video de alta definici\u00f3n, garantizando que cada detalle sea n\u00edtido y visible. Con su avanzada resoluci\u00f3n de 1080P, no se perder\u00e1 ni un solo momento, ya sea las travesuras de su mascota o la seguridad de su familia las 24 horas. Dise\u00f1ada para brindarle tranquilidad, la TAPO C200 le ayuda a mantenerse conectado e informado dondequiera que est\u00e9.\" \/>\n<meta property=\"og:url\" content=\"https:\/\/disvecol.com.co\/index.php\/producto\/tapo-c200-1080p\/\" \/>\n<meta property=\"og:image\" content=\"https:\/\/disvecol.com.co\/wp-content\/uploads\/2025\/08\/TAPO-C200-2.jpg\" \/>\n\t<meta property=\"og:image:width\" content=\"1200\" \/>\n\t<meta property=\"og:image:height\" content=\"1200\" \/>\n\t<meta property=\"og:image:type\" content=\"image\/jpeg\" \/>\n<meta name=\"twitter:card\" content=\"summary_large_image\" \/>\n<meta name=\"twitter:label1\" content=\"Tiempo de lectura\" \/>\n\t<meta name=\"twitter:data1\" content=\"2 minutos\" \/>\n<script type=\"application\/ld+json\" class=\"yoast-schema-graph\">{\"@context\":\"https:\\\/\\\/schema.org\",\"@graph\":[{\"@type\":\"WebPage\",\"@id\":\"https:\\\/\\\/disvecol.com.co\\\/index.php\\\/producto\\\/tapo-c200-1080p\\\/\",\"url\":\"https:\\\/\\\/disvecol.com.co\\\/index.php\\\/producto\\\/tapo-c200-1080p\\\/\",\"name\":\"TAPO C200 1080P -\",\"isPartOf\":{\"@id\":\"https:\\\/\\\/disvecol.com.co\\\/#website\"},\"primaryImageOfPage\":{\"@id\":\"https:\\\/\\\/disvecol.com.co\\\/index.php\\\/producto\\\/tapo-c200-1080p\\\/#primaryimage\"},\"image\":{\"@id\":\"https:\\\/\\\/disvecol.com.co\\\/index.php\\\/producto\\\/tapo-c200-1080p\\\/#primaryimage\"},\"thumbnailUrl\":\"https:\\\/\\\/disvecol.com.co\\\/wp-content\\\/uploads\\\/2025\\\/08\\\/TAPO-C200-2.jpg\",\"datePublished\":\"2025-08-27T19:16:54+00:00\",\"description\":\"m\u00e1genes n\u00edtidas de 1080p para una vigilancia confiableLa c\u00e1mara TAPO C200 1080P revoluciona la seguridad del hogar al ofrecer una nitidez de video de alta definici\u00f3n, garantizando que cada detalle sea n\u00edtido y visible. Con su avanzada resoluci\u00f3n de 1080P, no se perder\u00e1 ni un solo momento, ya sea las travesuras de su mascota o la seguridad de su familia las 24 horas. Dise\u00f1ada para brindarle tranquilidad, la TAPO C200 le ayuda a mantenerse conectado e informado dondequiera que est\u00e9.\",\"breadcrumb\":{\"@id\":\"https:\\\/\\\/disvecol.com.co\\\/index.php\\\/producto\\\/tapo-c200-1080p\\\/#breadcrumb\"},\"inLanguage\":\"es\",\"potentialAction\":[{\"@type\":\"ReadAction\",\"target\":[\"https:\\\/\\\/disvecol.com.co\\\/index.php\\\/producto\\\/tapo-c200-1080p\\\/\"]}]},{\"@type\":\"ImageObject\",\"inLanguage\":\"es\",\"@id\":\"https:\\\/\\\/disvecol.com.co\\\/index.php\\\/producto\\\/tapo-c200-1080p\\\/#primaryimage\",\"url\":\"https:\\\/\\\/disvecol.com.co\\\/wp-content\\\/uploads\\\/2025\\\/08\\\/TAPO-C200-2.jpg\",\"contentUrl\":\"https:\\\/\\\/disvecol.com.co\\\/wp-content\\\/uploads\\\/2025\\\/08\\\/TAPO-C200-2.jpg\",\"width\":1200,\"height\":1200,\"caption\":\"TAPO C200 1080P\"},{\"@type\":\"BreadcrumbList\",\"@id\":\"https:\\\/\\\/disvecol.com.co\\\/index.php\\\/producto\\\/tapo-c200-1080p\\\/#breadcrumb\",\"itemListElement\":[{\"@type\":\"ListItem\",\"position\":1,\"name\":\"Portada\",\"item\":\"https:\\\/\\\/disvecol.com.co\\\/\"},{\"@type\":\"ListItem\",\"position\":2,\"name\":\"Shop\",\"item\":\"https:\\\/\\\/disvecol.com.co\\\/index.php\\\/shop\\\/\"},{\"@type\":\"ListItem\",\"position\":3,\"name\":\"TAPO C200 1080P\"}]},{\"@type\":\"WebSite\",\"@id\":\"https:\\\/\\\/disvecol.com.co\\\/#website\",\"url\":\"https:\\\/\\\/disvecol.com.co\\\/\",\"name\":\"Disvecol | camaras de seguridad\",\"description\":\"C\u00e1maras de seguridad y alarmas \",\"publisher\":{\"@id\":\"https:\\\/\\\/disvecol.com.co\\\/#organization\"},\"alternateName\":\"camaras de seguridad Medellin\",\"potentialAction\":[{\"@type\":\"SearchAction\",\"target\":{\"@type\":\"EntryPoint\",\"urlTemplate\":\"https:\\\/\\\/disvecol.com.co\\\/?s={search_term_string}\"},\"query-input\":{\"@type\":\"PropertyValueSpecification\",\"valueRequired\":true,\"valueName\":\"search_term_string\"}}],\"inLanguage\":\"es\"},{\"@type\":\"Organization\",\"@id\":\"https:\\\/\\\/disvecol.com.co\\\/#organization\",\"name\":\"Disvecol S.a.S\",\"alternateName\":\"disvecol camaras\",\"url\":\"https:\\\/\\\/disvecol.com.co\\\/\",\"logo\":{\"@type\":\"ImageObject\",\"inLanguage\":\"es\",\"@id\":\"https:\\\/\\\/disvecol.com.co\\\/#\\\/schema\\\/logo\\\/image\\\/\",\"url\":\"https:\\\/\\\/disvecol.com.co\\\/wp-content\\\/uploads\\\/2025\\\/03\\\/cropped-cropped-1_20250317_112650_0000.png\",\"contentUrl\":\"https:\\\/\\\/disvecol.com.co\\\/wp-content\\\/uploads\\\/2025\\\/03\\\/cropped-cropped-1_20250317_112650_0000.png\",\"width\":1077,\"height\":1077,\"caption\":\"Disvecol S.a.S\"},\"image\":{\"@id\":\"https:\\\/\\\/disvecol.com.co\\\/#\\\/schema\\\/logo\\\/image\\\/\"},\"sameAs\":[\"https:\\\/\\\/www.instagram.com\\\/disvecol_camaras\"]}]}<\/script>\n<!-- \/ Yoast SEO plugin. -->","yoast_head_json":{"title":"TAPO C200 1080P -","description":"m\u00e1genes n\u00edtidas de 1080p para una vigilancia confiableLa c\u00e1mara TAPO C200 1080P revoluciona la seguridad del hogar al ofrecer una nitidez de video de alta definici\u00f3n, garantizando que cada detalle sea n\u00edtido y visible. Con su avanzada resoluci\u00f3n de 1080P, no se perder\u00e1 ni un solo momento, ya sea las travesuras de su mascota o la seguridad de su familia las 24 horas. Dise\u00f1ada para brindarle tranquilidad, la TAPO C200 le ayuda a mantenerse conectado e informado dondequiera que est\u00e9.","robots":{"index":"index","follow":"follow","max-snippet":"max-snippet:-1","max-image-preview":"max-image-preview:large","max-video-preview":"max-video-preview:-1"},"canonical":"https:\/\/disvecol.com.co\/index.php\/producto\/tapo-c200-1080p\/","og_locale":"es_ES","og_type":"article","og_title":"TAPO C200 1080P -","og_description":"m\u00e1genes n\u00edtidas de 1080p para una vigilancia confiableLa c\u00e1mara TAPO C200 1080P revoluciona la seguridad del hogar al ofrecer una nitidez de video de alta definici\u00f3n, garantizando que cada detalle sea n\u00edtido y visible. Con su avanzada resoluci\u00f3n de 1080P, no se perder\u00e1 ni un solo momento, ya sea las travesuras de su mascota o la seguridad de su familia las 24 horas. Dise\u00f1ada para brindarle tranquilidad, la TAPO C200 le ayuda a mantenerse conectado e informado dondequiera que est\u00e9.","og_url":"https:\/\/disvecol.com.co\/index.php\/producto\/tapo-c200-1080p\/","og_image":[{"width":1200,"height":1200,"url":"https:\/\/disvecol.com.co\/wp-content\/uploads\/2025\/08\/TAPO-C200-2.jpg","type":"image\/jpeg"}],"twitter_card":"summary_large_image","twitter_misc":{"Tiempo de lectura":"2 minutos"},"schema":{"@context":"https:\/\/schema.org","@graph":[{"@type":"WebPage","@id":"https:\/\/disvecol.com.co\/index.php\/producto\/tapo-c200-1080p\/","url":"https:\/\/disvecol.com.co\/index.php\/producto\/tapo-c200-1080p\/","name":"TAPO C200 1080P -","isPartOf":{"@id":"https:\/\/disvecol.com.co\/#website"},"primaryImageOfPage":{"@id":"https:\/\/disvecol.com.co\/index.php\/producto\/tapo-c200-1080p\/#primaryimage"},"image":{"@id":"https:\/\/disvecol.com.co\/index.php\/producto\/tapo-c200-1080p\/#primaryimage"},"thumbnailUrl":"https:\/\/disvecol.com.co\/wp-content\/uploads\/2025\/08\/TAPO-C200-2.jpg","datePublished":"2025-08-27T19:16:54+00:00","description":"m\u00e1genes n\u00edtidas de 1080p para una vigilancia confiableLa c\u00e1mara TAPO C200 1080P revoluciona la seguridad del hogar al ofrecer una nitidez de video de alta definici\u00f3n, garantizando que cada detalle sea n\u00edtido y visible. Con su avanzada resoluci\u00f3n de 1080P, no se perder\u00e1 ni un solo momento, ya sea las travesuras de su mascota o la seguridad de su familia las 24 horas. Dise\u00f1ada para brindarle tranquilidad, la TAPO C200 le ayuda a mantenerse conectado e informado dondequiera que est\u00e9.","breadcrumb":{"@id":"https:\/\/disvecol.com.co\/index.php\/producto\/tapo-c200-1080p\/#breadcrumb"},"inLanguage":"es","potentialAction":[{"@type":"ReadAction","target":["https:\/\/disvecol.com.co\/index.php\/producto\/tapo-c200-1080p\/"]}]},{"@type":"ImageObject","inLanguage":"es","@id":"https:\/\/disvecol.com.co\/index.php\/producto\/tapo-c200-1080p\/#primaryimage","url":"https:\/\/disvecol.com.co\/wp-content\/uploads\/2025\/08\/TAPO-C200-2.jpg","contentUrl":"https:\/\/disvecol.com.co\/wp-content\/uploads\/2025\/08\/TAPO-C200-2.jpg","width":1200,"height":1200,"caption":"TAPO C200 1080P"},{"@type":"BreadcrumbList","@id":"https:\/\/disvecol.com.co\/index.php\/producto\/tapo-c200-1080p\/#breadcrumb","itemListElement":[{"@type":"ListItem","position":1,"name":"Portada","item":"https:\/\/disvecol.com.co\/"},{"@type":"ListItem","position":2,"name":"Shop","item":"https:\/\/disvecol.com.co\/index.php\/shop\/"},{"@type":"ListItem","position":3,"name":"TAPO C200 1080P"}]},{"@type":"WebSite","@id":"https:\/\/disvecol.com.co\/#website","url":"https:\/\/disvecol.com.co\/","name":"Disvecol | camaras de seguridad","description":"C\u00e1maras de seguridad y alarmas ","publisher":{"@id":"https:\/\/disvecol.com.co\/#organization"},"alternateName":"camaras de seguridad Medellin","potentialAction":[{"@type":"SearchAction","target":{"@type":"EntryPoint","urlTemplate":"https:\/\/disvecol.com.co\/?s={search_term_string}"},"query-input":{"@type":"PropertyValueSpecification","valueRequired":true,"valueName":"search_term_string"}}],"inLanguage":"es"},{"@type":"Organization","@id":"https:\/\/disvecol.com.co\/#organization","name":"Disvecol S.a.S","alternateName":"disvecol camaras","url":"https:\/\/disvecol.com.co\/","logo":{"@type":"ImageObject","inLanguage":"es","@id":"https:\/\/disvecol.com.co\/#\/schema\/logo\/image\/","url":"https:\/\/disvecol.com.co\/wp-content\/uploads\/2025\/03\/cropped-cropped-1_20250317_112650_0000.png","contentUrl":"https:\/\/disvecol.com.co\/wp-content\/uploads\/2025\/03\/cropped-cropped-1_20250317_112650_0000.png","width":1077,"height":1077,"caption":"Disvecol S.a.S"},"image":{"@id":"https:\/\/disvecol.com.co\/#\/schema\/logo\/image\/"},"sameAs":["https:\/\/www.instagram.com\/disvecol_camaras"]}]}},"_links":{"self":[{"href":"https:\/\/disvecol.com.co\/index.php\/wp-json\/wp\/v2\/product\/1278","targetHints":{"allow":["GET"]}}],"collection":[{"href":"https:\/\/disvecol.com.co\/index.php\/wp-json\/wp\/v2\/product"}],"about":[{"href":"https:\/\/disvecol.com.co\/index.php\/wp-json\/wp\/v2\/types\/product"}],"replies":[{"embeddable":true,"href":"https:\/\/disvecol.com.co\/index.php\/wp-json\/wp\/v2\/comments?post=1278"}],"wp:featuredmedia":[{"embeddable":true,"href":"https:\/\/disvecol.com.co\/index.php\/wp-json\/wp\/v2\/media\/1279"}],"wp:attachment":[{"href":"https:\/\/disvecol.com.co\/index.php\/wp-json\/wp\/v2\/media?parent=1278"}],"wp:term":[{"taxonomy":"product_brand","embeddable":true,"href":"https:\/\/disvecol.com.co\/index.php\/wp-json\/wp\/v2\/product_brand?post=1278"},{"taxonomy":"product_cat","embeddable":true,"href":"https:\/\/disvecol.com.co\/index.php\/wp-json\/wp\/v2\/product_cat?post=1278"},{"taxonomy":"product_tag","embeddable":true,"href":"https:\/\/disvecol.com.co\/index.php\/wp-json\/wp\/v2\/product_tag?post=1278"}],"curies":[{"name":"wp","href":"https:\/\/api.w.org\/{rel}","templated":true}]}}