{"id":1505,"date":"2026-03-05T02:49:24","date_gmt":"2026-03-05T02:49:24","guid":{"rendered":"https:\/\/disvecol.com.co\/?post_type=product&#038;p=1505"},"modified":"2026-03-05T02:52:01","modified_gmt":"2026-03-05T02:52:01","slug":"cs-h6c-r200-1q5wfl","status":"publish","type":"product","link":"https:\/\/disvecol.com.co\/index.php\/producto\/cs-h6c-r200-1q5wfl\/","title":{"rendered":"CS-H6C-R200-1Q5WFL"},"content":{"rendered":"<h2><\/h2>\n<p><span dir=\"auto\" style=\"vertical-align: inherit;\">La c\u00e1mara EZVIZ H6C de 5 MP ofrece impresionantes videos de alta resoluci\u00f3n, capturando cada detalle con una precisi\u00f3n inigualable. Ya sea para uso dom\u00e9stico o de oficina, esta c\u00e1mara garantiza im\u00e1genes n\u00edtidas y claras en todo momento. Olv\u00eddese de la vigilancia borrosa y d\u00e9 la bienvenida a una vigilancia n\u00edtida.<\/span><\/p>\n<h2><span dir=\"auto\" style=\"vertical-align: inherit;\">Rendimiento confiable d\u00eda y noche<\/span><\/h2>\n<p><span dir=\"auto\" style=\"vertical-align: inherit;\">Equipada con tecnolog\u00eda avanzada de visi\u00f3n nocturna, esta c\u00e1mara ofrece un rendimiento excepcional en condiciones de poca luz. Proteja su espacio sin esfuerzo en cualquier momento, de d\u00eda o de noche, con la EZVIZ H6C. Su robusta construcci\u00f3n garantiza un funcionamiento ininterrumpido para todas sus necesidades de seguridad.<\/span><\/p>\n<h2><span dir=\"auto\" style=\"vertical-align: inherit;\">Configuraci\u00f3n sencilla con funciones inteligentes<\/span><\/h2>\n<p><span dir=\"auto\" style=\"vertical-align: inherit;\">Dise\u00f1ada para la comodidad del usuario, la configuraci\u00f3n plug-and-play de esta c\u00e1mara es muy f\u00e1cil de instalar. Con una integraci\u00f3n perfecta en su sistema actual, disfrute de una funcionalidad inteligente con controles intuitivos. Desde la monitorizaci\u00f3n en vivo hasta la reproducci\u00f3n, la EZVIZ H6C redefine la facilidad en la gesti\u00f3n de la seguridad.<\/span><\/p>\n","protected":false},"excerpt":{"rendered":"<h2><span dir=\"auto\" style=\"vertical-align: inherit;\"><span dir=\"auto\" style=\"vertical-align: inherit;\">Claridad mejorada con 5 megap\u00edxeles<\/span><\/span><\/h2>\n<p><span dir=\"auto\" style=\"vertical-align: inherit;\"><span dir=\"auto\" style=\"vertical-align: inherit;\">La c\u00e1mara EZVIZ H6C de 5 MP ofrece impresionantes videos de alta resoluci\u00f3n, capturando cada detalle con una precisi\u00f3n inigualable. Ya sea para uso dom\u00e9stico o de oficina, esta c\u00e1mara garantiza im\u00e1genes n\u00edtidas y claras en todo momento. Olv\u00eddese de la vigilancia borrosa y d\u00e9 la bienvenida a una vigilancia n\u00edtida.<\/span><\/span><\/p>\n<h2><span dir=\"auto\" style=\"vertical-align: inherit;\"><span dir=\"auto\" style=\"vertical-align: inherit;\">Rendimiento confiable d\u00eda y noche<\/span><\/span><\/h2>\n<p><span dir=\"auto\" style=\"vertical-align: inherit;\"><span dir=\"auto\" style=\"vertical-align: inherit;\">Equipada con tecnolog\u00eda avanzada de visi\u00f3n nocturna, esta c\u00e1mara ofrece un rendimiento excepcional en condiciones de poca luz. Proteja su espacio sin esfuerzo en cualquier momento, de d\u00eda o de noche, con la EZVIZ H6C. Su robusta construcci\u00f3n garantiza un funcionamiento ininterrumpido para todas sus necesidades de seguridad.<\/span><\/span><\/p>\n<h2><span dir=\"auto\" style=\"vertical-align: inherit;\"><span dir=\"auto\" style=\"vertical-align: inherit;\">Configuraci\u00f3n sencilla con funciones inteligentes<\/span><\/span><\/h2>\n<p><span dir=\"auto\" style=\"vertical-align: inherit;\"><span dir=\"auto\" style=\"vertical-align: inherit;\">Dise\u00f1ada para la comodidad del usuario, la configuraci\u00f3n plug-and-play de esta c\u00e1mara es muy f\u00e1cil de instalar. Con una integraci\u00f3n perfecta en su sistema actual, disfrute de una funcionalidad inteligente con controles intuitivos. Desde la monitorizaci\u00f3n en vivo hasta la reproducci\u00f3n, la EZVIZ H6C redefine la facilidad en la gesti\u00f3n de la seguridad.<\/span><\/span><\/p>\n","protected":false},"featured_media":1508,"comment_status":"open","ping_status":"closed","template":"","meta":{"site-sidebar-layout":"default","site-content-layout":"","ast-site-content-layout":"default","site-content-style":"default","site-sidebar-style":"default","ast-global-header-display":"","ast-banner-title-visibility":"","ast-main-header-display":"","ast-hfb-above-header-display":"","ast-hfb-below-header-display":"","ast-hfb-mobile-header-display":"","site-post-title":"","ast-breadcrumbs-content":"","ast-featured-img":"","footer-sml-layout":"","ast-disable-related-posts":"","theme-transparent-header-meta":"default","adv-header-id-meta":"","stick-header-meta":"","header-above-stick-meta":"","header-main-stick-meta":"","header-below-stick-meta":"","astra-migrate-meta-layouts":"set","ast-page-background-enabled":"default","ast-page-background-meta":{"desktop":{"background-color":"var(--ast-global-color-5)","background-image":"","background-repeat":"repeat","background-position":"center center","background-size":"auto","background-attachment":"scroll","background-type":"","background-media":"","overlay-type":"","overlay-color":"","overlay-opacity":"","overlay-gradient":""},"tablet":{"background-color":"","background-image":"","background-repeat":"repeat","background-position":"center center","background-size":"auto","background-attachment":"scroll","background-type":"","background-media":"","overlay-type":"","overlay-color":"","overlay-opacity":"","overlay-gradient":""},"mobile":{"background-color":"","background-image":"","background-repeat":"repeat","background-position":"center center","background-size":"auto","background-attachment":"scroll","background-type":"","background-media":"","overlay-type":"","overlay-color":"","overlay-opacity":"","overlay-gradient":""}},"ast-content-background-meta":{"desktop":{"background-color":"var(--ast-global-color-4)","background-image":"","background-repeat":"repeat","background-position":"center center","background-size":"auto","background-attachment":"scroll","background-type":"","background-media":"","overlay-type":"","overlay-color":"","overlay-opacity":"","overlay-gradient":""},"tablet":{"background-color":"var(--ast-global-color-4)","background-image":"","background-repeat":"repeat","background-position":"center center","background-size":"auto","background-attachment":"scroll","background-type":"","background-media":"","overlay-type":"","overlay-color":"","overlay-opacity":"","overlay-gradient":""},"mobile":{"background-color":"var(--ast-global-color-4)","background-image":"","background-repeat":"repeat","background-position":"center center","background-size":"auto","background-attachment":"scroll","background-type":"","background-media":"","overlay-type":"","overlay-color":"","overlay-opacity":"","overlay-gradient":""}}},"product_brand":[],"product_cat":[44,21,20],"product_tag":[76,77,75],"class_list":{"0":"post-1505","1":"product","2":"type-product","3":"status-publish","4":"has-post-thumbnail","6":"product_cat-camaras-para-el-hogar","7":"product_cat-camaras-wifi-ezviz","8":"product_cat-sin-categorizar","9":"product_tag-3k","10":"product_tag-5mp","11":"product_tag-ezviz","12":"desktop-align-right","13":"tablet-align-center","14":"mobile-align-left","16":"first","17":"instock","18":"shipping-taxable","19":"purchasable","20":"product-type-simple"},"yoast_head":"<!-- This site is optimized with the Yoast SEO plugin v27.3 - https:\/\/yoast.com\/product\/yoast-seo-wordpress\/ -->\n<title>CS-H6C-R200-1Q5WFL -<\/title>\n<meta name=\"description\" content=\"La c\u00e1mara EZVIZ H6C de 5 MP ofrece impresionantes videos de alta resoluci\u00f3n, capturando cada detalle con una precisi\u00f3n inigualable. Ya sea para uso dom\u00e9stico o de oficina, esta c\u00e1mara garantiza im\u00e1genes n\u00edtidas y claras en todo momento. Olv\u00eddese de la vigilancia borrosa y d\u00e9 la bienvenida a una vigilancia n\u00edtida.Rendimiento confiable d\u00eda y nocheEquipada con tecnolog\u00eda avanzada de visi\u00f3n nocturna, esta c\u00e1mara ofrece un rendimiento excepcional en condiciones de poca luz. Proteja su espacio sin esfuerzo en cualquier momento, de d\u00eda o de noche, con la EZVIZ H6C. Su robusta construcci\u00f3n garantiza un funcionamiento ininterrumpido para todas sus necesidades de seguridad.Configuraci\u00f3n sencilla con funciones inteligentesDise\u00f1ada para la comodidad del usuario, la configuraci\u00f3n plug-and-play de esta c\u00e1mara es muy f\u00e1cil de instalar. Con una integraci\u00f3n perfecta en su sistema actual, disfrute de una funcionalidad inteligente con controles intuitivos. Desde la monitorizaci\u00f3n en vivo hasta la reproducci\u00f3n, la EZVIZ H6C redefine la facilidad en la gesti\u00f3n de la seguridad.\" \/>\n<meta name=\"robots\" content=\"index, follow, max-snippet:-1, max-image-preview:large, max-video-preview:-1\" \/>\n<link rel=\"canonical\" href=\"https:\/\/disvecol.com.co\/index.php\/producto\/cs-h6c-r200-1q5wfl\/\" \/>\n<meta property=\"og:locale\" content=\"es_ES\" \/>\n<meta property=\"og:type\" content=\"article\" \/>\n<meta property=\"og:title\" content=\"CS-H6C-R200-1Q5WFL -\" \/>\n<meta property=\"og:description\" content=\"La c\u00e1mara EZVIZ H6C de 5 MP ofrece impresionantes videos de alta resoluci\u00f3n, capturando cada detalle con una precisi\u00f3n inigualable. Ya sea para uso dom\u00e9stico o de oficina, esta c\u00e1mara garantiza im\u00e1genes n\u00edtidas y claras en todo momento. Olv\u00eddese de la vigilancia borrosa y d\u00e9 la bienvenida a una vigilancia n\u00edtida.Rendimiento confiable d\u00eda y nocheEquipada con tecnolog\u00eda avanzada de visi\u00f3n nocturna, esta c\u00e1mara ofrece un rendimiento excepcional en condiciones de poca luz. Proteja su espacio sin esfuerzo en cualquier momento, de d\u00eda o de noche, con la EZVIZ H6C. Su robusta construcci\u00f3n garantiza un funcionamiento ininterrumpido para todas sus necesidades de seguridad.Configuraci\u00f3n sencilla con funciones inteligentesDise\u00f1ada para la comodidad del usuario, la configuraci\u00f3n plug-and-play de esta c\u00e1mara es muy f\u00e1cil de instalar. Con una integraci\u00f3n perfecta en su sistema actual, disfrute de una funcionalidad inteligente con controles intuitivos. Desde la monitorizaci\u00f3n en vivo hasta la reproducci\u00f3n, la EZVIZ H6C redefine la facilidad en la gesti\u00f3n de la seguridad.\" \/>\n<meta property=\"og:url\" content=\"https:\/\/disvecol.com.co\/index.php\/producto\/cs-h6c-r200-1q5wfl\/\" \/>\n<meta property=\"article:modified_time\" content=\"2026-03-05T02:52:01+00:00\" \/>\n<meta property=\"og:image\" content=\"https:\/\/disvecol.com.co\/wp-content\/uploads\/2026\/03\/EZVIZ-H6C65MPX.webp\" \/>\n\t<meta property=\"og:image:width\" content=\"1024\" \/>\n\t<meta property=\"og:image:height\" content=\"1070\" \/>\n\t<meta property=\"og:image:type\" content=\"image\/webp\" \/>\n<meta name=\"twitter:card\" content=\"summary_large_image\" \/>\n<meta name=\"twitter:label1\" content=\"Tiempo de lectura\" \/>\n\t<meta name=\"twitter:data1\" content=\"1 minuto\" \/>\n<script type=\"application\/ld+json\" class=\"yoast-schema-graph\">{\"@context\":\"https:\\\/\\\/schema.org\",\"@graph\":[{\"@type\":\"WebPage\",\"@id\":\"https:\\\/\\\/disvecol.com.co\\\/index.php\\\/producto\\\/cs-h6c-r200-1q5wfl\\\/\",\"url\":\"https:\\\/\\\/disvecol.com.co\\\/index.php\\\/producto\\\/cs-h6c-r200-1q5wfl\\\/\",\"name\":\"CS-H6C-R200-1Q5WFL -\",\"isPartOf\":{\"@id\":\"https:\\\/\\\/disvecol.com.co\\\/#website\"},\"primaryImageOfPage\":{\"@id\":\"https:\\\/\\\/disvecol.com.co\\\/index.php\\\/producto\\\/cs-h6c-r200-1q5wfl\\\/#primaryimage\"},\"image\":{\"@id\":\"https:\\\/\\\/disvecol.com.co\\\/index.php\\\/producto\\\/cs-h6c-r200-1q5wfl\\\/#primaryimage\"},\"thumbnailUrl\":\"https:\\\/\\\/disvecol.com.co\\\/wp-content\\\/uploads\\\/2026\\\/03\\\/EZVIZ-H6C65MPX.webp\",\"datePublished\":\"2026-03-05T02:49:24+00:00\",\"dateModified\":\"2026-03-05T02:52:01+00:00\",\"description\":\"La c\u00e1mara EZVIZ H6C de 5 MP ofrece impresionantes videos de alta resoluci\u00f3n, capturando cada detalle con una precisi\u00f3n inigualable. Ya sea para uso dom\u00e9stico o de oficina, esta c\u00e1mara garantiza im\u00e1genes n\u00edtidas y claras en todo momento. Olv\u00eddese de la vigilancia borrosa y d\u00e9 la bienvenida a una vigilancia n\u00edtida.Rendimiento confiable d\u00eda y nocheEquipada con tecnolog\u00eda avanzada de visi\u00f3n nocturna, esta c\u00e1mara ofrece un rendimiento excepcional en condiciones de poca luz. Proteja su espacio sin esfuerzo en cualquier momento, de d\u00eda o de noche, con la EZVIZ H6C. Su robusta construcci\u00f3n garantiza un funcionamiento ininterrumpido para todas sus necesidades de seguridad.Configuraci\u00f3n sencilla con funciones inteligentesDise\u00f1ada para la comodidad del usuario, la configuraci\u00f3n plug-and-play de esta c\u00e1mara es muy f\u00e1cil de instalar. Con una integraci\u00f3n perfecta en su sistema actual, disfrute de una funcionalidad inteligente con controles intuitivos. Desde la monitorizaci\u00f3n en vivo hasta la reproducci\u00f3n, la EZVIZ H6C redefine la facilidad en la gesti\u00f3n de la seguridad.\",\"breadcrumb\":{\"@id\":\"https:\\\/\\\/disvecol.com.co\\\/index.php\\\/producto\\\/cs-h6c-r200-1q5wfl\\\/#breadcrumb\"},\"inLanguage\":\"es\",\"potentialAction\":[{\"@type\":\"ReadAction\",\"target\":[\"https:\\\/\\\/disvecol.com.co\\\/index.php\\\/producto\\\/cs-h6c-r200-1q5wfl\\\/\"]}]},{\"@type\":\"ImageObject\",\"inLanguage\":\"es\",\"@id\":\"https:\\\/\\\/disvecol.com.co\\\/index.php\\\/producto\\\/cs-h6c-r200-1q5wfl\\\/#primaryimage\",\"url\":\"https:\\\/\\\/disvecol.com.co\\\/wp-content\\\/uploads\\\/2026\\\/03\\\/EZVIZ-H6C65MPX.webp\",\"contentUrl\":\"https:\\\/\\\/disvecol.com.co\\\/wp-content\\\/uploads\\\/2026\\\/03\\\/EZVIZ-H6C65MPX.webp\",\"width\":1024,\"height\":1070,\"caption\":\"CS-H6C-R200-1Q5WFL\"},{\"@type\":\"BreadcrumbList\",\"@id\":\"https:\\\/\\\/disvecol.com.co\\\/index.php\\\/producto\\\/cs-h6c-r200-1q5wfl\\\/#breadcrumb\",\"itemListElement\":[{\"@type\":\"ListItem\",\"position\":1,\"name\":\"Portada\",\"item\":\"https:\\\/\\\/disvecol.com.co\\\/\"},{\"@type\":\"ListItem\",\"position\":2,\"name\":\"Shop\",\"item\":\"https:\\\/\\\/disvecol.com.co\\\/index.php\\\/shop\\\/\"},{\"@type\":\"ListItem\",\"position\":3,\"name\":\"CS-H6C-R200-1Q5WFL\"}]},{\"@type\":\"WebSite\",\"@id\":\"https:\\\/\\\/disvecol.com.co\\\/#website\",\"url\":\"https:\\\/\\\/disvecol.com.co\\\/\",\"name\":\"Disvecol | camaras de seguridad\",\"description\":\"C\u00e1maras de seguridad y alarmas \",\"publisher\":{\"@id\":\"https:\\\/\\\/disvecol.com.co\\\/#organization\"},\"alternateName\":\"camaras de seguridad Medellin\",\"potentialAction\":[{\"@type\":\"SearchAction\",\"target\":{\"@type\":\"EntryPoint\",\"urlTemplate\":\"https:\\\/\\\/disvecol.com.co\\\/?s={search_term_string}\"},\"query-input\":{\"@type\":\"PropertyValueSpecification\",\"valueRequired\":true,\"valueName\":\"search_term_string\"}}],\"inLanguage\":\"es\"},{\"@type\":\"Organization\",\"@id\":\"https:\\\/\\\/disvecol.com.co\\\/#organization\",\"name\":\"Disvecol S.a.S\",\"alternateName\":\"disvecol camaras\",\"url\":\"https:\\\/\\\/disvecol.com.co\\\/\",\"logo\":{\"@type\":\"ImageObject\",\"inLanguage\":\"es\",\"@id\":\"https:\\\/\\\/disvecol.com.co\\\/#\\\/schema\\\/logo\\\/image\\\/\",\"url\":\"https:\\\/\\\/disvecol.com.co\\\/wp-content\\\/uploads\\\/2025\\\/03\\\/cropped-cropped-1_20250317_112650_0000.png\",\"contentUrl\":\"https:\\\/\\\/disvecol.com.co\\\/wp-content\\\/uploads\\\/2025\\\/03\\\/cropped-cropped-1_20250317_112650_0000.png\",\"width\":1077,\"height\":1077,\"caption\":\"Disvecol S.a.S\"},\"image\":{\"@id\":\"https:\\\/\\\/disvecol.com.co\\\/#\\\/schema\\\/logo\\\/image\\\/\"},\"sameAs\":[\"https:\\\/\\\/www.instagram.com\\\/disvecol_camaras\"]}]}<\/script>\n<!-- \/ Yoast SEO plugin. -->","yoast_head_json":{"title":"CS-H6C-R200-1Q5WFL -","description":"La c\u00e1mara EZVIZ H6C de 5 MP ofrece impresionantes videos de alta resoluci\u00f3n, capturando cada detalle con una precisi\u00f3n inigualable. Ya sea para uso dom\u00e9stico o de oficina, esta c\u00e1mara garantiza im\u00e1genes n\u00edtidas y claras en todo momento. Olv\u00eddese de la vigilancia borrosa y d\u00e9 la bienvenida a una vigilancia n\u00edtida.Rendimiento confiable d\u00eda y nocheEquipada con tecnolog\u00eda avanzada de visi\u00f3n nocturna, esta c\u00e1mara ofrece un rendimiento excepcional en condiciones de poca luz. Proteja su espacio sin esfuerzo en cualquier momento, de d\u00eda o de noche, con la EZVIZ H6C. Su robusta construcci\u00f3n garantiza un funcionamiento ininterrumpido para todas sus necesidades de seguridad.Configuraci\u00f3n sencilla con funciones inteligentesDise\u00f1ada para la comodidad del usuario, la configuraci\u00f3n plug-and-play de esta c\u00e1mara es muy f\u00e1cil de instalar. Con una integraci\u00f3n perfecta en su sistema actual, disfrute de una funcionalidad inteligente con controles intuitivos. Desde la monitorizaci\u00f3n en vivo hasta la reproducci\u00f3n, la EZVIZ H6C redefine la facilidad en la gesti\u00f3n de la seguridad.","robots":{"index":"index","follow":"follow","max-snippet":"max-snippet:-1","max-image-preview":"max-image-preview:large","max-video-preview":"max-video-preview:-1"},"canonical":"https:\/\/disvecol.com.co\/index.php\/producto\/cs-h6c-r200-1q5wfl\/","og_locale":"es_ES","og_type":"article","og_title":"CS-H6C-R200-1Q5WFL -","og_description":"La c\u00e1mara EZVIZ H6C de 5 MP ofrece impresionantes videos de alta resoluci\u00f3n, capturando cada detalle con una precisi\u00f3n inigualable. Ya sea para uso dom\u00e9stico o de oficina, esta c\u00e1mara garantiza im\u00e1genes n\u00edtidas y claras en todo momento. Olv\u00eddese de la vigilancia borrosa y d\u00e9 la bienvenida a una vigilancia n\u00edtida.Rendimiento confiable d\u00eda y nocheEquipada con tecnolog\u00eda avanzada de visi\u00f3n nocturna, esta c\u00e1mara ofrece un rendimiento excepcional en condiciones de poca luz. Proteja su espacio sin esfuerzo en cualquier momento, de d\u00eda o de noche, con la EZVIZ H6C. Su robusta construcci\u00f3n garantiza un funcionamiento ininterrumpido para todas sus necesidades de seguridad.Configuraci\u00f3n sencilla con funciones inteligentesDise\u00f1ada para la comodidad del usuario, la configuraci\u00f3n plug-and-play de esta c\u00e1mara es muy f\u00e1cil de instalar. Con una integraci\u00f3n perfecta en su sistema actual, disfrute de una funcionalidad inteligente con controles intuitivos. Desde la monitorizaci\u00f3n en vivo hasta la reproducci\u00f3n, la EZVIZ H6C redefine la facilidad en la gesti\u00f3n de la seguridad.","og_url":"https:\/\/disvecol.com.co\/index.php\/producto\/cs-h6c-r200-1q5wfl\/","article_modified_time":"2026-03-05T02:52:01+00:00","og_image":[{"width":1024,"height":1070,"url":"https:\/\/disvecol.com.co\/wp-content\/uploads\/2026\/03\/EZVIZ-H6C65MPX.webp","type":"image\/webp"}],"twitter_card":"summary_large_image","twitter_misc":{"Tiempo de lectura":"1 minuto"},"schema":{"@context":"https:\/\/schema.org","@graph":[{"@type":"WebPage","@id":"https:\/\/disvecol.com.co\/index.php\/producto\/cs-h6c-r200-1q5wfl\/","url":"https:\/\/disvecol.com.co\/index.php\/producto\/cs-h6c-r200-1q5wfl\/","name":"CS-H6C-R200-1Q5WFL -","isPartOf":{"@id":"https:\/\/disvecol.com.co\/#website"},"primaryImageOfPage":{"@id":"https:\/\/disvecol.com.co\/index.php\/producto\/cs-h6c-r200-1q5wfl\/#primaryimage"},"image":{"@id":"https:\/\/disvecol.com.co\/index.php\/producto\/cs-h6c-r200-1q5wfl\/#primaryimage"},"thumbnailUrl":"https:\/\/disvecol.com.co\/wp-content\/uploads\/2026\/03\/EZVIZ-H6C65MPX.webp","datePublished":"2026-03-05T02:49:24+00:00","dateModified":"2026-03-05T02:52:01+00:00","description":"La c\u00e1mara EZVIZ H6C de 5 MP ofrece impresionantes videos de alta resoluci\u00f3n, capturando cada detalle con una precisi\u00f3n inigualable. Ya sea para uso dom\u00e9stico o de oficina, esta c\u00e1mara garantiza im\u00e1genes n\u00edtidas y claras en todo momento. Olv\u00eddese de la vigilancia borrosa y d\u00e9 la bienvenida a una vigilancia n\u00edtida.Rendimiento confiable d\u00eda y nocheEquipada con tecnolog\u00eda avanzada de visi\u00f3n nocturna, esta c\u00e1mara ofrece un rendimiento excepcional en condiciones de poca luz. Proteja su espacio sin esfuerzo en cualquier momento, de d\u00eda o de noche, con la EZVIZ H6C. Su robusta construcci\u00f3n garantiza un funcionamiento ininterrumpido para todas sus necesidades de seguridad.Configuraci\u00f3n sencilla con funciones inteligentesDise\u00f1ada para la comodidad del usuario, la configuraci\u00f3n plug-and-play de esta c\u00e1mara es muy f\u00e1cil de instalar. Con una integraci\u00f3n perfecta en su sistema actual, disfrute de una funcionalidad inteligente con controles intuitivos. Desde la monitorizaci\u00f3n en vivo hasta la reproducci\u00f3n, la EZVIZ H6C redefine la facilidad en la gesti\u00f3n de la seguridad.","breadcrumb":{"@id":"https:\/\/disvecol.com.co\/index.php\/producto\/cs-h6c-r200-1q5wfl\/#breadcrumb"},"inLanguage":"es","potentialAction":[{"@type":"ReadAction","target":["https:\/\/disvecol.com.co\/index.php\/producto\/cs-h6c-r200-1q5wfl\/"]}]},{"@type":"ImageObject","inLanguage":"es","@id":"https:\/\/disvecol.com.co\/index.php\/producto\/cs-h6c-r200-1q5wfl\/#primaryimage","url":"https:\/\/disvecol.com.co\/wp-content\/uploads\/2026\/03\/EZVIZ-H6C65MPX.webp","contentUrl":"https:\/\/disvecol.com.co\/wp-content\/uploads\/2026\/03\/EZVIZ-H6C65MPX.webp","width":1024,"height":1070,"caption":"CS-H6C-R200-1Q5WFL"},{"@type":"BreadcrumbList","@id":"https:\/\/disvecol.com.co\/index.php\/producto\/cs-h6c-r200-1q5wfl\/#breadcrumb","itemListElement":[{"@type":"ListItem","position":1,"name":"Portada","item":"https:\/\/disvecol.com.co\/"},{"@type":"ListItem","position":2,"name":"Shop","item":"https:\/\/disvecol.com.co\/index.php\/shop\/"},{"@type":"ListItem","position":3,"name":"CS-H6C-R200-1Q5WFL"}]},{"@type":"WebSite","@id":"https:\/\/disvecol.com.co\/#website","url":"https:\/\/disvecol.com.co\/","name":"Disvecol | camaras de seguridad","description":"C\u00e1maras de seguridad y alarmas ","publisher":{"@id":"https:\/\/disvecol.com.co\/#organization"},"alternateName":"camaras de seguridad Medellin","potentialAction":[{"@type":"SearchAction","target":{"@type":"EntryPoint","urlTemplate":"https:\/\/disvecol.com.co\/?s={search_term_string}"},"query-input":{"@type":"PropertyValueSpecification","valueRequired":true,"valueName":"search_term_string"}}],"inLanguage":"es"},{"@type":"Organization","@id":"https:\/\/disvecol.com.co\/#organization","name":"Disvecol S.a.S","alternateName":"disvecol camaras","url":"https:\/\/disvecol.com.co\/","logo":{"@type":"ImageObject","inLanguage":"es","@id":"https:\/\/disvecol.com.co\/#\/schema\/logo\/image\/","url":"https:\/\/disvecol.com.co\/wp-content\/uploads\/2025\/03\/cropped-cropped-1_20250317_112650_0000.png","contentUrl":"https:\/\/disvecol.com.co\/wp-content\/uploads\/2025\/03\/cropped-cropped-1_20250317_112650_0000.png","width":1077,"height":1077,"caption":"Disvecol S.a.S"},"image":{"@id":"https:\/\/disvecol.com.co\/#\/schema\/logo\/image\/"},"sameAs":["https:\/\/www.instagram.com\/disvecol_camaras"]}]}},"_links":{"self":[{"href":"https:\/\/disvecol.com.co\/index.php\/wp-json\/wp\/v2\/product\/1505","targetHints":{"allow":["GET"]}}],"collection":[{"href":"https:\/\/disvecol.com.co\/index.php\/wp-json\/wp\/v2\/product"}],"about":[{"href":"https:\/\/disvecol.com.co\/index.php\/wp-json\/wp\/v2\/types\/product"}],"replies":[{"embeddable":true,"href":"https:\/\/disvecol.com.co\/index.php\/wp-json\/wp\/v2\/comments?post=1505"}],"wp:featuredmedia":[{"embeddable":true,"href":"https:\/\/disvecol.com.co\/index.php\/wp-json\/wp\/v2\/media\/1508"}],"wp:attachment":[{"href":"https:\/\/disvecol.com.co\/index.php\/wp-json\/wp\/v2\/media?parent=1505"}],"wp:term":[{"taxonomy":"product_brand","embeddable":true,"href":"https:\/\/disvecol.com.co\/index.php\/wp-json\/wp\/v2\/product_brand?post=1505"},{"taxonomy":"product_cat","embeddable":true,"href":"https:\/\/disvecol.com.co\/index.php\/wp-json\/wp\/v2\/product_cat?post=1505"},{"taxonomy":"product_tag","embeddable":true,"href":"https:\/\/disvecol.com.co\/index.php\/wp-json\/wp\/v2\/product_tag?post=1505"}],"curies":[{"name":"wp","href":"https:\/\/api.w.org\/{rel}","templated":true}]}}