{"id":1509,"date":"2026-03-05T02:57:36","date_gmt":"2026-03-05T02:57:36","guid":{"rendered":"https:\/\/disvecol.com.co\/?post_type=product&#038;p=1509"},"modified":"2026-03-05T02:57:59","modified_gmt":"2026-03-05T02:57:59","slug":"ids-7108hqhi-m1s","status":"publish","type":"product","link":"https:\/\/disvecol.com.co\/index.php\/producto\/ids-7108hqhi-m1s\/","title":{"rendered":"IDS-7108HQHI-M1S"},"content":{"rendered":"<h2><span dir=\"auto\" style=\"vertical-align: inherit;\"><span dir=\"auto\" style=\"vertical-align: inherit;\">Claridad de video excepcional para sus necesidades de seguridad<\/span><\/span><\/h2>\n<p><span dir=\"auto\" style=\"vertical-align: inherit;\"><span dir=\"auto\" style=\"vertical-align: inherit;\">Disfrute de una grabaci\u00f3n de video superior con la grabadora HIK Vision de 5 megap\u00edxeles y 8 canales. Dise\u00f1ado para capturar im\u00e1genes n\u00edtidas y detalladas, este dispositivo garantiza el \u00f3ptimo funcionamiento de su sistema de seguridad, ofreciendo una calidad de video inigualable para fines de monitoreo.<\/span><\/span><\/p>\n<h2><span dir=\"auto\" style=\"vertical-align: inherit;\"><span dir=\"auto\" style=\"vertical-align: inherit;\">Grabaci\u00f3n avanzada de 8 canales<\/span><\/span><\/h2>\n<p><span dir=\"auto\" style=\"vertical-align: inherit;\"><span dir=\"auto\" style=\"vertical-align: inherit;\">Este grabador de video admite hasta 8 canales, lo que lo hace ideal para la vigilancia tanto residencial como comercial. Supervise m\u00faltiples \u00e1reas simult\u00e1neamente con facilidad, garantizando una cobertura de seguridad completa sin sacrificar la seguridad. La capacidad multicanal se adapta perfectamente a diversas configuraciones.<\/span><\/span><\/p>\n<h2><span dir=\"auto\" style=\"vertical-align: inherit;\"><span dir=\"auto\" style=\"vertical-align: inherit;\">Soluci\u00f3n de seguridad confiable e inteligente<\/span><\/span><\/h2>\n<p><span dir=\"auto\" style=\"vertical-align: inherit;\"><span dir=\"auto\" style=\"vertical-align: inherit;\">La videograbadora HIK Vision combina fiabilidad y tecnolog\u00eda intuitiva, lo que permite un funcionamiento fluido y una gesti\u00f3n sencilla de su sistema de seguridad. Ya sea que est\u00e9 mejorando la seguridad de su hogar o optimizando la vigilancia de su negocio, esta grabadora avanzada est\u00e1 dise\u00f1ada para satisfacer sus necesidades.<\/span><\/span><\/p>\n","protected":false},"excerpt":{"rendered":"<h2><span dir=\"auto\" style=\"vertical-align: inherit;\">Soluci\u00f3n de seguridad confiable e inteligente<\/span><\/h2>\n<p><span dir=\"auto\" style=\"vertical-align: inherit;\">La videograbadora HIK Vision combina fiabilidad y tecnolog\u00eda intuitiva, lo que permite un funcionamiento fluido y una gesti\u00f3n sencilla de su sistema de seguridad. Ya sea que est\u00e9 mejorando la seguridad de su hogar o optimizando la vigilancia de su negocio, esta grabadora avanzada est\u00e1 dise\u00f1ada para satisfacer sus necesidades.<\/span><\/p>\n","protected":false},"featured_media":0,"comment_status":"open","ping_status":"closed","template":"","meta":{"site-sidebar-layout":"default","site-content-layout":"","ast-site-content-layout":"default","site-content-style":"default","site-sidebar-style":"default","ast-global-header-display":"","ast-banner-title-visibility":"","ast-main-header-display":"","ast-hfb-above-header-display":"","ast-hfb-below-header-display":"","ast-hfb-mobile-header-display":"","site-post-title":"","ast-breadcrumbs-content":"","ast-featured-img":"","footer-sml-layout":"","ast-disable-related-posts":"","theme-transparent-header-meta":"default","adv-header-id-meta":"","stick-header-meta":"","header-above-stick-meta":"","header-main-stick-meta":"","header-below-stick-meta":"","astra-migrate-meta-layouts":"set","ast-page-background-enabled":"default","ast-page-background-meta":{"desktop":{"background-color":"var(--ast-global-color-5)","background-image":"","background-repeat":"repeat","background-position":"center center","background-size":"auto","background-attachment":"scroll","background-type":"","background-media":"","overlay-type":"","overlay-color":"","overlay-opacity":"","overlay-gradient":""},"tablet":{"background-color":"","background-image":"","background-repeat":"repeat","background-position":"center center","background-size":"auto","background-attachment":"scroll","background-type":"","background-media":"","overlay-type":"","overlay-color":"","overlay-opacity":"","overlay-gradient":""},"mobile":{"background-color":"","background-image":"","background-repeat":"repeat","background-position":"center center","background-size":"auto","background-attachment":"scroll","background-type":"","background-media":"","overlay-type":"","overlay-color":"","overlay-opacity":"","overlay-gradient":""}},"ast-content-background-meta":{"desktop":{"background-color":"var(--ast-global-color-4)","background-image":"","background-repeat":"repeat","background-position":"center center","background-size":"auto","background-attachment":"scroll","background-type":"","background-media":"","overlay-type":"","overlay-color":"","overlay-opacity":"","overlay-gradient":""},"tablet":{"background-color":"var(--ast-global-color-4)","background-image":"","background-repeat":"repeat","background-position":"center center","background-size":"auto","background-attachment":"scroll","background-type":"","background-media":"","overlay-type":"","overlay-color":"","overlay-opacity":"","overlay-gradient":""},"mobile":{"background-color":"var(--ast-global-color-4)","background-image":"","background-repeat":"repeat","background-position":"center center","background-size":"auto","background-attachment":"scroll","background-type":"","background-media":"","overlay-type":"","overlay-color":"","overlay-opacity":"","overlay-gradient":""}}},"product_brand":[],"product_cat":[22,20],"product_tag":[],"class_list":{"0":"post-1509","1":"product","2":"type-product","3":"status-publish","5":"product_cat-dvr-precios","6":"product_cat-sin-categorizar","7":"desktop-align-right","8":"tablet-align-center","9":"mobile-align-left","11":"first","12":"instock","13":"shipping-taxable","14":"purchasable","15":"product-type-simple"},"yoast_head":"<!-- This site is optimized with the Yoast SEO plugin v27.3 - https:\/\/yoast.com\/product\/yoast-seo-wordpress\/ -->\n<title>IDS-7108HQHI-M1S -<\/title>\n<meta name=\"description\" content=\"Soluci\u00f3n de seguridad confiable e inteligenteLa videograbadora HIK Vision combina fiabilidad y tecnolog\u00eda intuitiva, lo que permite un funcionamiento fluido y una gesti\u00f3n sencilla de su sistema de seguridad. Ya sea que est\u00e9 mejorando la seguridad de su hogar o optimizando la vigilancia de su negocio, esta grabadora avanzada est\u00e1 dise\u00f1ada para satisfacer sus necesidades.\" \/>\n<meta name=\"robots\" content=\"index, follow, max-snippet:-1, max-image-preview:large, max-video-preview:-1\" \/>\n<link rel=\"canonical\" href=\"https:\/\/disvecol.com.co\/index.php\/producto\/ids-7108hqhi-m1s\/\" \/>\n<meta property=\"og:locale\" content=\"es_ES\" \/>\n<meta property=\"og:type\" content=\"article\" \/>\n<meta property=\"og:title\" content=\"IDS-7108HQHI-M1S -\" \/>\n<meta property=\"og:description\" content=\"Soluci\u00f3n de seguridad confiable e inteligenteLa videograbadora HIK Vision combina fiabilidad y tecnolog\u00eda intuitiva, lo que permite un funcionamiento fluido y una gesti\u00f3n sencilla de su sistema de seguridad. Ya sea que est\u00e9 mejorando la seguridad de su hogar o optimizando la vigilancia de su negocio, esta grabadora avanzada est\u00e1 dise\u00f1ada para satisfacer sus necesidades.\" \/>\n<meta property=\"og:url\" content=\"https:\/\/disvecol.com.co\/index.php\/producto\/ids-7108hqhi-m1s\/\" \/>\n<meta property=\"article:modified_time\" content=\"2026-03-05T02:57:59+00:00\" \/>\n<meta name=\"twitter:card\" content=\"summary_large_image\" \/>\n<meta name=\"twitter:label1\" content=\"Tiempo de lectura\" \/>\n\t<meta name=\"twitter:data1\" content=\"1 minuto\" \/>\n<script type=\"application\/ld+json\" class=\"yoast-schema-graph\">{\"@context\":\"https:\\\/\\\/schema.org\",\"@graph\":[{\"@type\":\"WebPage\",\"@id\":\"https:\\\/\\\/disvecol.com.co\\\/index.php\\\/producto\\\/ids-7108hqhi-m1s\\\/\",\"url\":\"https:\\\/\\\/disvecol.com.co\\\/index.php\\\/producto\\\/ids-7108hqhi-m1s\\\/\",\"name\":\"IDS-7108HQHI-M1S -\",\"isPartOf\":{\"@id\":\"https:\\\/\\\/disvecol.com.co\\\/#website\"},\"datePublished\":\"2026-03-05T02:57:36+00:00\",\"dateModified\":\"2026-03-05T02:57:59+00:00\",\"description\":\"Soluci\u00f3n de seguridad confiable e inteligenteLa videograbadora HIK Vision combina fiabilidad y tecnolog\u00eda intuitiva, lo que permite un funcionamiento fluido y una gesti\u00f3n sencilla de su sistema de seguridad. Ya sea que est\u00e9 mejorando la seguridad de su hogar o optimizando la vigilancia de su negocio, esta grabadora avanzada est\u00e1 dise\u00f1ada para satisfacer sus necesidades.\",\"breadcrumb\":{\"@id\":\"https:\\\/\\\/disvecol.com.co\\\/index.php\\\/producto\\\/ids-7108hqhi-m1s\\\/#breadcrumb\"},\"inLanguage\":\"es\",\"potentialAction\":[{\"@type\":\"ReadAction\",\"target\":[\"https:\\\/\\\/disvecol.com.co\\\/index.php\\\/producto\\\/ids-7108hqhi-m1s\\\/\"]}]},{\"@type\":\"BreadcrumbList\",\"@id\":\"https:\\\/\\\/disvecol.com.co\\\/index.php\\\/producto\\\/ids-7108hqhi-m1s\\\/#breadcrumb\",\"itemListElement\":[{\"@type\":\"ListItem\",\"position\":1,\"name\":\"Portada\",\"item\":\"https:\\\/\\\/disvecol.com.co\\\/\"},{\"@type\":\"ListItem\",\"position\":2,\"name\":\"Shop\",\"item\":\"https:\\\/\\\/disvecol.com.co\\\/index.php\\\/shop\\\/\"},{\"@type\":\"ListItem\",\"position\":3,\"name\":\"IDS-7108HQHI-M1S\"}]},{\"@type\":\"WebSite\",\"@id\":\"https:\\\/\\\/disvecol.com.co\\\/#website\",\"url\":\"https:\\\/\\\/disvecol.com.co\\\/\",\"name\":\"Disvecol | camaras de seguridad\",\"description\":\"C\u00e1maras de seguridad y alarmas \",\"publisher\":{\"@id\":\"https:\\\/\\\/disvecol.com.co\\\/#organization\"},\"alternateName\":\"camaras de seguridad Medellin\",\"potentialAction\":[{\"@type\":\"SearchAction\",\"target\":{\"@type\":\"EntryPoint\",\"urlTemplate\":\"https:\\\/\\\/disvecol.com.co\\\/?s={search_term_string}\"},\"query-input\":{\"@type\":\"PropertyValueSpecification\",\"valueRequired\":true,\"valueName\":\"search_term_string\"}}],\"inLanguage\":\"es\"},{\"@type\":\"Organization\",\"@id\":\"https:\\\/\\\/disvecol.com.co\\\/#organization\",\"name\":\"Disvecol S.a.S\",\"alternateName\":\"disvecol camaras\",\"url\":\"https:\\\/\\\/disvecol.com.co\\\/\",\"logo\":{\"@type\":\"ImageObject\",\"inLanguage\":\"es\",\"@id\":\"https:\\\/\\\/disvecol.com.co\\\/#\\\/schema\\\/logo\\\/image\\\/\",\"url\":\"https:\\\/\\\/disvecol.com.co\\\/wp-content\\\/uploads\\\/2025\\\/03\\\/cropped-cropped-1_20250317_112650_0000.png\",\"contentUrl\":\"https:\\\/\\\/disvecol.com.co\\\/wp-content\\\/uploads\\\/2025\\\/03\\\/cropped-cropped-1_20250317_112650_0000.png\",\"width\":1077,\"height\":1077,\"caption\":\"Disvecol S.a.S\"},\"image\":{\"@id\":\"https:\\\/\\\/disvecol.com.co\\\/#\\\/schema\\\/logo\\\/image\\\/\"},\"sameAs\":[\"https:\\\/\\\/www.instagram.com\\\/disvecol_camaras\"]}]}<\/script>\n<!-- \/ Yoast SEO plugin. -->","yoast_head_json":{"title":"IDS-7108HQHI-M1S -","description":"Soluci\u00f3n de seguridad confiable e inteligenteLa videograbadora HIK Vision combina fiabilidad y tecnolog\u00eda intuitiva, lo que permite un funcionamiento fluido y una gesti\u00f3n sencilla de su sistema de seguridad. Ya sea que est\u00e9 mejorando la seguridad de su hogar o optimizando la vigilancia de su negocio, esta grabadora avanzada est\u00e1 dise\u00f1ada para satisfacer sus necesidades.","robots":{"index":"index","follow":"follow","max-snippet":"max-snippet:-1","max-image-preview":"max-image-preview:large","max-video-preview":"max-video-preview:-1"},"canonical":"https:\/\/disvecol.com.co\/index.php\/producto\/ids-7108hqhi-m1s\/","og_locale":"es_ES","og_type":"article","og_title":"IDS-7108HQHI-M1S -","og_description":"Soluci\u00f3n de seguridad confiable e inteligenteLa videograbadora HIK Vision combina fiabilidad y tecnolog\u00eda intuitiva, lo que permite un funcionamiento fluido y una gesti\u00f3n sencilla de su sistema de seguridad. Ya sea que est\u00e9 mejorando la seguridad de su hogar o optimizando la vigilancia de su negocio, esta grabadora avanzada est\u00e1 dise\u00f1ada para satisfacer sus necesidades.","og_url":"https:\/\/disvecol.com.co\/index.php\/producto\/ids-7108hqhi-m1s\/","article_modified_time":"2026-03-05T02:57:59+00:00","twitter_card":"summary_large_image","twitter_misc":{"Tiempo de lectura":"1 minuto"},"schema":{"@context":"https:\/\/schema.org","@graph":[{"@type":"WebPage","@id":"https:\/\/disvecol.com.co\/index.php\/producto\/ids-7108hqhi-m1s\/","url":"https:\/\/disvecol.com.co\/index.php\/producto\/ids-7108hqhi-m1s\/","name":"IDS-7108HQHI-M1S -","isPartOf":{"@id":"https:\/\/disvecol.com.co\/#website"},"datePublished":"2026-03-05T02:57:36+00:00","dateModified":"2026-03-05T02:57:59+00:00","description":"Soluci\u00f3n de seguridad confiable e inteligenteLa videograbadora HIK Vision combina fiabilidad y tecnolog\u00eda intuitiva, lo que permite un funcionamiento fluido y una gesti\u00f3n sencilla de su sistema de seguridad. Ya sea que est\u00e9 mejorando la seguridad de su hogar o optimizando la vigilancia de su negocio, esta grabadora avanzada est\u00e1 dise\u00f1ada para satisfacer sus necesidades.","breadcrumb":{"@id":"https:\/\/disvecol.com.co\/index.php\/producto\/ids-7108hqhi-m1s\/#breadcrumb"},"inLanguage":"es","potentialAction":[{"@type":"ReadAction","target":["https:\/\/disvecol.com.co\/index.php\/producto\/ids-7108hqhi-m1s\/"]}]},{"@type":"BreadcrumbList","@id":"https:\/\/disvecol.com.co\/index.php\/producto\/ids-7108hqhi-m1s\/#breadcrumb","itemListElement":[{"@type":"ListItem","position":1,"name":"Portada","item":"https:\/\/disvecol.com.co\/"},{"@type":"ListItem","position":2,"name":"Shop","item":"https:\/\/disvecol.com.co\/index.php\/shop\/"},{"@type":"ListItem","position":3,"name":"IDS-7108HQHI-M1S"}]},{"@type":"WebSite","@id":"https:\/\/disvecol.com.co\/#website","url":"https:\/\/disvecol.com.co\/","name":"Disvecol | camaras de seguridad","description":"C\u00e1maras de seguridad y alarmas ","publisher":{"@id":"https:\/\/disvecol.com.co\/#organization"},"alternateName":"camaras de seguridad Medellin","potentialAction":[{"@type":"SearchAction","target":{"@type":"EntryPoint","urlTemplate":"https:\/\/disvecol.com.co\/?s={search_term_string}"},"query-input":{"@type":"PropertyValueSpecification","valueRequired":true,"valueName":"search_term_string"}}],"inLanguage":"es"},{"@type":"Organization","@id":"https:\/\/disvecol.com.co\/#organization","name":"Disvecol S.a.S","alternateName":"disvecol camaras","url":"https:\/\/disvecol.com.co\/","logo":{"@type":"ImageObject","inLanguage":"es","@id":"https:\/\/disvecol.com.co\/#\/schema\/logo\/image\/","url":"https:\/\/disvecol.com.co\/wp-content\/uploads\/2025\/03\/cropped-cropped-1_20250317_112650_0000.png","contentUrl":"https:\/\/disvecol.com.co\/wp-content\/uploads\/2025\/03\/cropped-cropped-1_20250317_112650_0000.png","width":1077,"height":1077,"caption":"Disvecol S.a.S"},"image":{"@id":"https:\/\/disvecol.com.co\/#\/schema\/logo\/image\/"},"sameAs":["https:\/\/www.instagram.com\/disvecol_camaras"]}]}},"_links":{"self":[{"href":"https:\/\/disvecol.com.co\/index.php\/wp-json\/wp\/v2\/product\/1509","targetHints":{"allow":["GET"]}}],"collection":[{"href":"https:\/\/disvecol.com.co\/index.php\/wp-json\/wp\/v2\/product"}],"about":[{"href":"https:\/\/disvecol.com.co\/index.php\/wp-json\/wp\/v2\/types\/product"}],"replies":[{"embeddable":true,"href":"https:\/\/disvecol.com.co\/index.php\/wp-json\/wp\/v2\/comments?post=1509"}],"wp:attachment":[{"href":"https:\/\/disvecol.com.co\/index.php\/wp-json\/wp\/v2\/media?parent=1509"}],"wp:term":[{"taxonomy":"product_brand","embeddable":true,"href":"https:\/\/disvecol.com.co\/index.php\/wp-json\/wp\/v2\/product_brand?post=1509"},{"taxonomy":"product_cat","embeddable":true,"href":"https:\/\/disvecol.com.co\/index.php\/wp-json\/wp\/v2\/product_cat?post=1509"},{"taxonomy":"product_tag","embeddable":true,"href":"https:\/\/disvecol.com.co\/index.php\/wp-json\/wp\/v2\/product_tag?post=1509"}],"curies":[{"name":"wp","href":"https:\/\/api.w.org\/{rel}","templated":true}]}}