{"id":413,"date":"2025-02-28T03:35:08","date_gmt":"2025-02-28T03:35:08","guid":{"rendered":"https:\/\/lightslategray-snake-446862.hostingersite.com\/?post_type=product&#038;p=413"},"modified":"2026-01-30T23:50:28","modified_gmt":"2026-01-30T23:50:28","slug":"camara-analoga-1080-plastica","status":"publish","type":"product","link":"https:\/\/disvecol.com.co\/index.php\/producto\/camara-analoga-1080-plastica\/","title":{"rendered":"C\u00e1mara  an\u00e1loga 1080 pl\u00e1stica hik vision"},"content":{"rendered":"<h2>Calidad de Imagen Superior<\/h2>\n<p>La C\u00e1mara Hikvision Tipo Bala de 2 Mega Pixeles ofrece una calidad de imagen excepcional, capturando cada detalle con claridad. Con su resoluci\u00f3n de 1080p, podr\u00e1s visualizar im\u00e1genes n\u00edtidas tanto de d\u00eda como de noche. Esta c\u00e1mara es ideal para garantizar la seguridad de tu hogar o negocio, permiti\u00e9ndote monitorear en todo momento lo que m\u00e1s valoras.<\/p>\n<h2>Dise\u00f1o Resistente y Funcional<\/h2>\n<p>Construida con un dise\u00f1o robusto que resiste diversas condiciones clim\u00e1ticas, la C\u00e1mara Hikvision Tipo Bala es perfecta para uso en exteriores. Su estructura durable asegura que pueda soportar lluvia, sol y cualquier otro desaf\u00edo ambiental. Adem\u00e1s, su instalaci\u00f3n es sencilla, permitiendo un montaje f\u00e1cil en cualquier lugar, desde patios hasta entradas de edificios.<\/p>\n<h2>Funciones Inteligentes para Mayor Seguridad<\/h2>\n<p>Esta c\u00e1mara cuenta con caracter\u00edsticas avanzadas como detecci\u00f3n de movimiento y grabaci\u00f3n programada, que te permiten personalizar tu experiencia seg\u00fan tus necesidades de seguridad. Con la capacidad de recibir alertas en tiempo real a tu dispositivo m\u00f3vil, podr\u00e1s actuar de manera r\u00e1pida ante cualquier eventualidad. Gracias a su conectividad, podr\u00e1s revisar las grabaciones y transmitir en vivo desde la comodidad de tu smartphone o computadora.<\/p>\n<p>En conclusi\u00f3n, la C\u00e1mara Hikvision Tipo Bala de 2 Mega Pixeles es una excelente inversi\u00f3n para quienes buscan mejorar la seguridad de sus espacios. Con su calidad de imagen, resistencia y funciones inteligentes, tienes la tranquilidad de que est\u00e1s haciendo una elecci\u00f3n inteligente para proteger lo que m\u00e1s valoras.<\/p>\n","protected":false},"excerpt":{"rendered":"<p>Calidad de Imagen Superior La C\u00e1mara Hikvision Tipo Bala de 2 Mega Pixeles ofrece una calidad de imagen excepcional, capturando [&hellip;]<\/p>\n","protected":false},"featured_media":411,"comment_status":"open","ping_status":"closed","template":"","meta":{"site-sidebar-layout":"default","site-content-layout":"","ast-site-content-layout":"default","site-content-style":"default","site-sidebar-style":"default","ast-global-header-display":"","ast-banner-title-visibility":"","ast-main-header-display":"","ast-hfb-above-header-display":"","ast-hfb-below-header-display":"","ast-hfb-mobile-header-display":"","site-post-title":"","ast-breadcrumbs-content":"","ast-featured-img":"","footer-sml-layout":"","ast-disable-related-posts":"","theme-transparent-header-meta":"","adv-header-id-meta":"","stick-header-meta":"","header-above-stick-meta":"","header-main-stick-meta":"","header-below-stick-meta":"","astra-migrate-meta-layouts":"default","ast-page-background-enabled":"default","ast-page-background-meta":{"desktop":{"background-color":"var(--ast-global-color-5)","background-image":"","background-repeat":"repeat","background-position":"center center","background-size":"auto","background-attachment":"scroll","background-type":"","background-media":"","overlay-type":"","overlay-color":"","overlay-opacity":"","overlay-gradient":""},"tablet":{"background-color":"","background-image":"","background-repeat":"repeat","background-position":"center center","background-size":"auto","background-attachment":"scroll","background-type":"","background-media":"","overlay-type":"","overlay-color":"","overlay-opacity":"","overlay-gradient":""},"mobile":{"background-color":"","background-image":"","background-repeat":"repeat","background-position":"center center","background-size":"auto","background-attachment":"scroll","background-type":"","background-media":"","overlay-type":"","overlay-color":"","overlay-opacity":"","overlay-gradient":""}},"ast-content-background-meta":{"desktop":{"background-color":"var(--ast-global-color-4)","background-image":"","background-repeat":"repeat","background-position":"center center","background-size":"auto","background-attachment":"scroll","background-type":"","background-media":"","overlay-type":"","overlay-color":"","overlay-opacity":"","overlay-gradient":""},"tablet":{"background-color":"var(--ast-global-color-4)","background-image":"","background-repeat":"repeat","background-position":"center center","background-size":"auto","background-attachment":"scroll","background-type":"","background-media":"","overlay-type":"","overlay-color":"","overlay-opacity":"","overlay-gradient":""},"mobile":{"background-color":"var(--ast-global-color-4)","background-image":"","background-repeat":"repeat","background-position":"center center","background-size":"auto","background-attachment":"scroll","background-type":"","background-media":"","overlay-type":"","overlay-color":"","overlay-opacity":"","overlay-gradient":""}}},"product_brand":[51],"product_cat":[22],"product_tag":[],"class_list":{"0":"post-413","1":"product","2":"type-product","3":"status-publish","4":"has-post-thumbnail","6":"product_brand-hikvision","7":"product_cat-dvr-precios","8":"desktop-align-right","9":"tablet-align-center","10":"mobile-align-left","12":"first","13":"instock","14":"shipping-taxable","15":"purchasable","16":"product-type-simple"},"yoast_head":"<!-- This site is optimized with the Yoast SEO plugin v27.3 - https:\/\/yoast.com\/product\/yoast-seo-wordpress\/ -->\n<title>C\u00e1mara an\u00e1loga 1080 pl\u00e1stica hik vision -<\/title>\n<meta name=\"robots\" content=\"index, follow, max-snippet:-1, max-image-preview:large, max-video-preview:-1\" \/>\n<link rel=\"canonical\" href=\"https:\/\/disvecol.com.co\/index.php\/producto\/camara-analoga-1080-plastica\/\" \/>\n<meta property=\"og:locale\" content=\"es_ES\" \/>\n<meta property=\"og:type\" content=\"article\" \/>\n<meta property=\"og:title\" content=\"C\u00e1mara an\u00e1loga 1080 pl\u00e1stica hik vision -\" \/>\n<meta property=\"og:description\" content=\"Calidad de Imagen Superior La C\u00e1mara Hikvision Tipo Bala de 2 Mega Pixeles ofrece una calidad de imagen excepcional, capturando [&hellip;]\" \/>\n<meta property=\"og:url\" content=\"https:\/\/disvecol.com.co\/index.php\/producto\/camara-analoga-1080-plastica\/\" \/>\n<meta property=\"article:modified_time\" content=\"2026-01-30T23:50:28+00:00\" \/>\n<meta property=\"og:image\" content=\"https:\/\/disvecol.com.co\/wp-content\/uploads\/2025\/02\/img_1733-1_456x411.avif\" \/>\n\t<meta property=\"og:image:width\" content=\"456\" \/>\n\t<meta property=\"og:image:height\" content=\"411\" \/>\n\t<meta property=\"og:image:type\" content=\"image\/jpeg\" \/>\n<meta name=\"twitter:card\" content=\"summary_large_image\" \/>\n<meta name=\"twitter:label1\" content=\"Tiempo de lectura\" \/>\n\t<meta name=\"twitter:data1\" content=\"2 minutos\" \/>\n<script type=\"application\/ld+json\" class=\"yoast-schema-graph\">{\"@context\":\"https:\\\/\\\/schema.org\",\"@graph\":[{\"@type\":\"WebPage\",\"@id\":\"https:\\\/\\\/disvecol.com.co\\\/index.php\\\/producto\\\/camara-analoga-1080-plastica\\\/\",\"url\":\"https:\\\/\\\/disvecol.com.co\\\/index.php\\\/producto\\\/camara-analoga-1080-plastica\\\/\",\"name\":\"C\u00e1mara an\u00e1loga 1080 pl\u00e1stica hik vision -\",\"isPartOf\":{\"@id\":\"https:\\\/\\\/disvecol.com.co\\\/#website\"},\"primaryImageOfPage\":{\"@id\":\"https:\\\/\\\/disvecol.com.co\\\/index.php\\\/producto\\\/camara-analoga-1080-plastica\\\/#primaryimage\"},\"image\":{\"@id\":\"https:\\\/\\\/disvecol.com.co\\\/index.php\\\/producto\\\/camara-analoga-1080-plastica\\\/#primaryimage\"},\"thumbnailUrl\":\"https:\\\/\\\/disvecol.com.co\\\/wp-content\\\/uploads\\\/2025\\\/02\\\/img_1733-1_456x411.avif\",\"datePublished\":\"2025-02-28T03:35:08+00:00\",\"dateModified\":\"2026-01-30T23:50:28+00:00\",\"breadcrumb\":{\"@id\":\"https:\\\/\\\/disvecol.com.co\\\/index.php\\\/producto\\\/camara-analoga-1080-plastica\\\/#breadcrumb\"},\"inLanguage\":\"es\",\"potentialAction\":[{\"@type\":\"ReadAction\",\"target\":[\"https:\\\/\\\/disvecol.com.co\\\/index.php\\\/producto\\\/camara-analoga-1080-plastica\\\/\"]}]},{\"@type\":\"ImageObject\",\"inLanguage\":\"es\",\"@id\":\"https:\\\/\\\/disvecol.com.co\\\/index.php\\\/producto\\\/camara-analoga-1080-plastica\\\/#primaryimage\",\"url\":\"https:\\\/\\\/disvecol.com.co\\\/wp-content\\\/uploads\\\/2025\\\/02\\\/img_1733-1_456x411.avif\",\"contentUrl\":\"https:\\\/\\\/disvecol.com.co\\\/wp-content\\\/uploads\\\/2025\\\/02\\\/img_1733-1_456x411.avif\",\"width\":456,\"height\":411,\"caption\":\"Camara tipo bala hik vision full hd\"},{\"@type\":\"BreadcrumbList\",\"@id\":\"https:\\\/\\\/disvecol.com.co\\\/index.php\\\/producto\\\/camara-analoga-1080-plastica\\\/#breadcrumb\",\"itemListElement\":[{\"@type\":\"ListItem\",\"position\":1,\"name\":\"Portada\",\"item\":\"https:\\\/\\\/disvecol.com.co\\\/\"},{\"@type\":\"ListItem\",\"position\":2,\"name\":\"Shop\",\"item\":\"https:\\\/\\\/disvecol.com.co\\\/index.php\\\/shop\\\/\"},{\"@type\":\"ListItem\",\"position\":3,\"name\":\"C\u00e1mara an\u00e1loga 1080 pl\u00e1stica hik vision\"}]},{\"@type\":\"WebSite\",\"@id\":\"https:\\\/\\\/disvecol.com.co\\\/#website\",\"url\":\"https:\\\/\\\/disvecol.com.co\\\/\",\"name\":\"Disvecol | camaras de seguridad\",\"description\":\"C\u00e1maras de seguridad y alarmas \",\"publisher\":{\"@id\":\"https:\\\/\\\/disvecol.com.co\\\/#organization\"},\"alternateName\":\"camaras de seguridad Medellin\",\"potentialAction\":[{\"@type\":\"SearchAction\",\"target\":{\"@type\":\"EntryPoint\",\"urlTemplate\":\"https:\\\/\\\/disvecol.com.co\\\/?s={search_term_string}\"},\"query-input\":{\"@type\":\"PropertyValueSpecification\",\"valueRequired\":true,\"valueName\":\"search_term_string\"}}],\"inLanguage\":\"es\"},{\"@type\":\"Organization\",\"@id\":\"https:\\\/\\\/disvecol.com.co\\\/#organization\",\"name\":\"Disvecol S.a.S\",\"alternateName\":\"disvecol camaras\",\"url\":\"https:\\\/\\\/disvecol.com.co\\\/\",\"logo\":{\"@type\":\"ImageObject\",\"inLanguage\":\"es\",\"@id\":\"https:\\\/\\\/disvecol.com.co\\\/#\\\/schema\\\/logo\\\/image\\\/\",\"url\":\"https:\\\/\\\/disvecol.com.co\\\/wp-content\\\/uploads\\\/2025\\\/03\\\/cropped-cropped-1_20250317_112650_0000.png\",\"contentUrl\":\"https:\\\/\\\/disvecol.com.co\\\/wp-content\\\/uploads\\\/2025\\\/03\\\/cropped-cropped-1_20250317_112650_0000.png\",\"width\":1077,\"height\":1077,\"caption\":\"Disvecol S.a.S\"},\"image\":{\"@id\":\"https:\\\/\\\/disvecol.com.co\\\/#\\\/schema\\\/logo\\\/image\\\/\"},\"sameAs\":[\"https:\\\/\\\/www.instagram.com\\\/disvecol_camaras\"]}]}<\/script>\n<!-- \/ Yoast SEO plugin. -->","yoast_head_json":{"title":"C\u00e1mara an\u00e1loga 1080 pl\u00e1stica hik vision -","robots":{"index":"index","follow":"follow","max-snippet":"max-snippet:-1","max-image-preview":"max-image-preview:large","max-video-preview":"max-video-preview:-1"},"canonical":"https:\/\/disvecol.com.co\/index.php\/producto\/camara-analoga-1080-plastica\/","og_locale":"es_ES","og_type":"article","og_title":"C\u00e1mara an\u00e1loga 1080 pl\u00e1stica hik vision -","og_description":"Calidad de Imagen Superior La C\u00e1mara Hikvision Tipo Bala de 2 Mega Pixeles ofrece una calidad de imagen excepcional, capturando [&hellip;]","og_url":"https:\/\/disvecol.com.co\/index.php\/producto\/camara-analoga-1080-plastica\/","article_modified_time":"2026-01-30T23:50:28+00:00","og_image":[{"width":456,"height":411,"url":"https:\/\/disvecol.com.co\/wp-content\/uploads\/2025\/02\/img_1733-1_456x411.avif","type":"image\/jpeg"}],"twitter_card":"summary_large_image","twitter_misc":{"Tiempo de lectura":"2 minutos"},"schema":{"@context":"https:\/\/schema.org","@graph":[{"@type":"WebPage","@id":"https:\/\/disvecol.com.co\/index.php\/producto\/camara-analoga-1080-plastica\/","url":"https:\/\/disvecol.com.co\/index.php\/producto\/camara-analoga-1080-plastica\/","name":"C\u00e1mara an\u00e1loga 1080 pl\u00e1stica hik vision -","isPartOf":{"@id":"https:\/\/disvecol.com.co\/#website"},"primaryImageOfPage":{"@id":"https:\/\/disvecol.com.co\/index.php\/producto\/camara-analoga-1080-plastica\/#primaryimage"},"image":{"@id":"https:\/\/disvecol.com.co\/index.php\/producto\/camara-analoga-1080-plastica\/#primaryimage"},"thumbnailUrl":"https:\/\/disvecol.com.co\/wp-content\/uploads\/2025\/02\/img_1733-1_456x411.avif","datePublished":"2025-02-28T03:35:08+00:00","dateModified":"2026-01-30T23:50:28+00:00","breadcrumb":{"@id":"https:\/\/disvecol.com.co\/index.php\/producto\/camara-analoga-1080-plastica\/#breadcrumb"},"inLanguage":"es","potentialAction":[{"@type":"ReadAction","target":["https:\/\/disvecol.com.co\/index.php\/producto\/camara-analoga-1080-plastica\/"]}]},{"@type":"ImageObject","inLanguage":"es","@id":"https:\/\/disvecol.com.co\/index.php\/producto\/camara-analoga-1080-plastica\/#primaryimage","url":"https:\/\/disvecol.com.co\/wp-content\/uploads\/2025\/02\/img_1733-1_456x411.avif","contentUrl":"https:\/\/disvecol.com.co\/wp-content\/uploads\/2025\/02\/img_1733-1_456x411.avif","width":456,"height":411,"caption":"Camara tipo bala hik vision full hd"},{"@type":"BreadcrumbList","@id":"https:\/\/disvecol.com.co\/index.php\/producto\/camara-analoga-1080-plastica\/#breadcrumb","itemListElement":[{"@type":"ListItem","position":1,"name":"Portada","item":"https:\/\/disvecol.com.co\/"},{"@type":"ListItem","position":2,"name":"Shop","item":"https:\/\/disvecol.com.co\/index.php\/shop\/"},{"@type":"ListItem","position":3,"name":"C\u00e1mara an\u00e1loga 1080 pl\u00e1stica hik vision"}]},{"@type":"WebSite","@id":"https:\/\/disvecol.com.co\/#website","url":"https:\/\/disvecol.com.co\/","name":"Disvecol | camaras de seguridad","description":"C\u00e1maras de seguridad y alarmas ","publisher":{"@id":"https:\/\/disvecol.com.co\/#organization"},"alternateName":"camaras de seguridad Medellin","potentialAction":[{"@type":"SearchAction","target":{"@type":"EntryPoint","urlTemplate":"https:\/\/disvecol.com.co\/?s={search_term_string}"},"query-input":{"@type":"PropertyValueSpecification","valueRequired":true,"valueName":"search_term_string"}}],"inLanguage":"es"},{"@type":"Organization","@id":"https:\/\/disvecol.com.co\/#organization","name":"Disvecol S.a.S","alternateName":"disvecol camaras","url":"https:\/\/disvecol.com.co\/","logo":{"@type":"ImageObject","inLanguage":"es","@id":"https:\/\/disvecol.com.co\/#\/schema\/logo\/image\/","url":"https:\/\/disvecol.com.co\/wp-content\/uploads\/2025\/03\/cropped-cropped-1_20250317_112650_0000.png","contentUrl":"https:\/\/disvecol.com.co\/wp-content\/uploads\/2025\/03\/cropped-cropped-1_20250317_112650_0000.png","width":1077,"height":1077,"caption":"Disvecol S.a.S"},"image":{"@id":"https:\/\/disvecol.com.co\/#\/schema\/logo\/image\/"},"sameAs":["https:\/\/www.instagram.com\/disvecol_camaras"]}]}},"_links":{"self":[{"href":"https:\/\/disvecol.com.co\/index.php\/wp-json\/wp\/v2\/product\/413","targetHints":{"allow":["GET"]}}],"collection":[{"href":"https:\/\/disvecol.com.co\/index.php\/wp-json\/wp\/v2\/product"}],"about":[{"href":"https:\/\/disvecol.com.co\/index.php\/wp-json\/wp\/v2\/types\/product"}],"replies":[{"embeddable":true,"href":"https:\/\/disvecol.com.co\/index.php\/wp-json\/wp\/v2\/comments?post=413"}],"wp:featuredmedia":[{"embeddable":true,"href":"https:\/\/disvecol.com.co\/index.php\/wp-json\/wp\/v2\/media\/411"}],"wp:attachment":[{"href":"https:\/\/disvecol.com.co\/index.php\/wp-json\/wp\/v2\/media?parent=413"}],"wp:term":[{"taxonomy":"product_brand","embeddable":true,"href":"https:\/\/disvecol.com.co\/index.php\/wp-json\/wp\/v2\/product_brand?post=413"},{"taxonomy":"product_cat","embeddable":true,"href":"https:\/\/disvecol.com.co\/index.php\/wp-json\/wp\/v2\/product_cat?post=413"},{"taxonomy":"product_tag","embeddable":true,"href":"https:\/\/disvecol.com.co\/index.php\/wp-json\/wp\/v2\/product_tag?post=413"}],"curies":[{"name":"wp","href":"https:\/\/api.w.org\/{rel}","templated":true}]}}