{"id":414,"date":"2025-02-28T03:38:21","date_gmt":"2025-02-28T03:38:21","guid":{"rendered":"https:\/\/lightslategray-snake-446862.hostingersite.com\/?post_type=product&#038;p=414"},"modified":"2025-05-22T02:38:36","modified_gmt":"2025-05-22T02:38:36","slug":"camara-ezviz-para-interior","status":"publish","type":"product","link":"https:\/\/disvecol.com.co\/index.php\/producto\/camara-ezviz-para-interior\/","title":{"rendered":"camara ezviz para interior"},"content":{"rendered":"<h2><span style=\"vertical-align: inherit;\"><span style=\"vertical-align: inherit;\">Descubra una seguridad clara y confiable<\/span><\/span><\/h2>\n<p><span style=\"vertical-align: inherit;\"><span style=\"vertical-align: inherit;\">La c\u00e1mara Ezviz H1C es una soluci\u00f3n de seguridad de alta definici\u00f3n dise\u00f1ada para proteger su hogar o negocio con facilidad. Con una calidad de imagen n\u00edtida y funciones avanzadas, esta c\u00e1mara redefine la fiabilidad al vigilar lo que m\u00e1s importa. Su elegante dise\u00f1o garantiza que no solo sea funcional, sino tambi\u00e9n est\u00e9ticamente agradable, integr\u00e1ndose a la perfecci\u00f3n en cualquier entorno.<\/span><\/span><\/p>\n<h2><span style=\"vertical-align: inherit;\"><span style=\"vertical-align: inherit;\">Funciones avanzadas para su tranquilidad<\/span><\/span><\/h2>\n<p><span style=\"vertical-align: inherit;\"><span style=\"vertical-align: inherit;\">Equipada con tecnolog\u00eda de vanguardia, la c\u00e1mara Ezviz H1C ofrece una resoluci\u00f3n de video superior y visi\u00f3n nocturna, para que no se pierda ni un instante. Su lente gran angular proporciona una vista completa del entorno, mientras que la funci\u00f3n de detecci\u00f3n de movimiento le avisa al instante si detecta alguna actividad inusual. Este sistema de seguridad mejorado combina innovaci\u00f3n y practicidad a la perfecci\u00f3n, lo que lo hace ideal tanto para uso residencial como comercial.<\/span><\/span><\/p>\n<h2><span style=\"vertical-align: inherit;\"><span style=\"vertical-align: inherit;\">Instalaci\u00f3n sencilla y experiencia de usuario f\u00e1cil de usar<\/span><\/span><\/h2>\n<p><span style=\"vertical-align: inherit;\"><span style=\"vertical-align: inherit;\">La instalaci\u00f3n de la c\u00e1mara Ezviz H1C es facil\u00edsima: no requiere conocimientos t\u00e9cnicos. Tanto si prefiere montarla en interiores como en exteriores, su dise\u00f1o vers\u00e1til facilita su configuraci\u00f3n. Adem\u00e1s, la intuitiva aplicaci\u00f3n m\u00f3vil ofrece funciones de transmisi\u00f3n en vivo y reproducci\u00f3n al alcance de la mano, lo que mejora su experiencia de monitoreo y le permite gestionar su seguridad desde cualquier lugar y en cualquier momento.<\/span><\/span><\/p>\n","protected":false},"excerpt":{"rendered":"<p>Descubra una seguridad clara y confiable La c\u00e1mara Ezviz H1C es una soluci\u00f3n de seguridad de alta definici\u00f3n dise\u00f1ada para [&hellip;]<\/p>\n","protected":false},"featured_media":415,"comment_status":"open","ping_status":"closed","template":"","meta":{"site-sidebar-layout":"default","site-content-layout":"","ast-site-content-layout":"default","site-content-style":"default","site-sidebar-style":"default","ast-global-header-display":"","ast-banner-title-visibility":"","ast-main-header-display":"","ast-hfb-above-header-display":"","ast-hfb-below-header-display":"","ast-hfb-mobile-header-display":"","site-post-title":"","ast-breadcrumbs-content":"","ast-featured-img":"","footer-sml-layout":"","ast-disable-related-posts":"","theme-transparent-header-meta":"","adv-header-id-meta":"","stick-header-meta":"","header-above-stick-meta":"","header-main-stick-meta":"","header-below-stick-meta":"","astra-migrate-meta-layouts":"default","ast-page-background-enabled":"default","ast-page-background-meta":{"desktop":{"background-color":"var(--ast-global-color-5)","background-image":"","background-repeat":"repeat","background-position":"center center","background-size":"auto","background-attachment":"scroll","background-type":"","background-media":"","overlay-type":"","overlay-color":"","overlay-opacity":"","overlay-gradient":""},"tablet":{"background-color":"","background-image":"","background-repeat":"repeat","background-position":"center center","background-size":"auto","background-attachment":"scroll","background-type":"","background-media":"","overlay-type":"","overlay-color":"","overlay-opacity":"","overlay-gradient":""},"mobile":{"background-color":"","background-image":"","background-repeat":"repeat","background-position":"center center","background-size":"auto","background-attachment":"scroll","background-type":"","background-media":"","overlay-type":"","overlay-color":"","overlay-opacity":"","overlay-gradient":""}},"ast-content-background-meta":{"desktop":{"background-color":"var(--ast-global-color-4)","background-image":"","background-repeat":"repeat","background-position":"center center","background-size":"auto","background-attachment":"scroll","background-type":"","background-media":"","overlay-type":"","overlay-color":"","overlay-opacity":"","overlay-gradient":""},"tablet":{"background-color":"var(--ast-global-color-4)","background-image":"","background-repeat":"repeat","background-position":"center center","background-size":"auto","background-attachment":"scroll","background-type":"","background-media":"","overlay-type":"","overlay-color":"","overlay-opacity":"","overlay-gradient":""},"mobile":{"background-color":"var(--ast-global-color-4)","background-image":"","background-repeat":"repeat","background-position":"center center","background-size":"auto","background-attachment":"scroll","background-type":"","background-media":"","overlay-type":"","overlay-color":"","overlay-opacity":"","overlay-gradient":""}}},"product_brand":[47],"product_cat":[44,21],"product_tag":[39,50,49,48],"class_list":{"0":"post-414","1":"product","2":"type-product","3":"status-publish","4":"has-post-thumbnail","6":"product_brand-ezviz","7":"product_cat-camaras-para-el-hogar","8":"product_cat-camaras-wifi-ezviz","9":"product_tag-camara-con-audio","10":"product_tag-discreta","11":"product_tag-pequena","12":"product_tag-wifi","13":"desktop-align-right","14":"tablet-align-center","15":"mobile-align-left","17":"first","18":"instock","19":"shipping-taxable","20":"purchasable","21":"product-type-simple"},"yoast_head":"<!-- This site is optimized with the Yoast SEO plugin v27.3 - https:\/\/yoast.com\/product\/yoast-seo-wordpress\/ -->\n<title>camara ezviz para interior -<\/title>\n<meta name=\"description\" content=\"CAmata wifi ezviz h1c ideal para interior, camara con audio bidireccional camara de facil instalacion\" \/>\n<meta name=\"robots\" content=\"index, follow, max-snippet:-1, max-image-preview:large, max-video-preview:-1\" \/>\n<link rel=\"canonical\" href=\"https:\/\/disvecol.com.co\/index.php\/producto\/camara-ezviz-para-interior\/\" \/>\n<meta property=\"og:locale\" content=\"es_ES\" \/>\n<meta property=\"og:type\" content=\"article\" \/>\n<meta property=\"og:title\" content=\"camara ezviz para interior -\" \/>\n<meta property=\"og:description\" content=\"CAmata wifi ezviz h1c ideal para interior, camara con audio bidireccional camara de facil instalacion\" \/>\n<meta property=\"og:url\" content=\"https:\/\/disvecol.com.co\/index.php\/producto\/camara-ezviz-para-interior\/\" \/>\n<meta property=\"article:modified_time\" content=\"2025-05-22T02:38:36+00:00\" \/>\n<meta property=\"og:image\" content=\"https:\/\/disvecol.com.co\/wp-content\/uploads\/2025\/02\/img_3319_820x580.avif\" \/>\n\t<meta property=\"og:image:width\" content=\"820\" \/>\n\t<meta property=\"og:image:height\" content=\"580\" \/>\n\t<meta property=\"og:image:type\" content=\"image\/jpeg\" \/>\n<meta name=\"twitter:card\" content=\"summary_large_image\" \/>\n<meta name=\"twitter:label1\" content=\"Tiempo de lectura\" \/>\n\t<meta name=\"twitter:data1\" content=\"2 minutos\" \/>\n<script type=\"application\/ld+json\" class=\"yoast-schema-graph\">{\"@context\":\"https:\\\/\\\/schema.org\",\"@graph\":[{\"@type\":\"WebPage\",\"@id\":\"https:\\\/\\\/disvecol.com.co\\\/index.php\\\/producto\\\/camara-ezviz-para-interior\\\/\",\"url\":\"https:\\\/\\\/disvecol.com.co\\\/index.php\\\/producto\\\/camara-ezviz-para-interior\\\/\",\"name\":\"camara ezviz para interior -\",\"isPartOf\":{\"@id\":\"https:\\\/\\\/disvecol.com.co\\\/#website\"},\"primaryImageOfPage\":{\"@id\":\"https:\\\/\\\/disvecol.com.co\\\/index.php\\\/producto\\\/camara-ezviz-para-interior\\\/#primaryimage\"},\"image\":{\"@id\":\"https:\\\/\\\/disvecol.com.co\\\/index.php\\\/producto\\\/camara-ezviz-para-interior\\\/#primaryimage\"},\"thumbnailUrl\":\"https:\\\/\\\/disvecol.com.co\\\/wp-content\\\/uploads\\\/2025\\\/02\\\/img_3319_820x580.avif\",\"datePublished\":\"2025-02-28T03:38:21+00:00\",\"dateModified\":\"2025-05-22T02:38:36+00:00\",\"description\":\"CAmata wifi ezviz h1c ideal para interior, camara con audio bidireccional camara de facil instalacion\",\"breadcrumb\":{\"@id\":\"https:\\\/\\\/disvecol.com.co\\\/index.php\\\/producto\\\/camara-ezviz-para-interior\\\/#breadcrumb\"},\"inLanguage\":\"es\",\"potentialAction\":[{\"@type\":\"ReadAction\",\"target\":[\"https:\\\/\\\/disvecol.com.co\\\/index.php\\\/producto\\\/camara-ezviz-para-interior\\\/\"]}]},{\"@type\":\"ImageObject\",\"inLanguage\":\"es\",\"@id\":\"https:\\\/\\\/disvecol.com.co\\\/index.php\\\/producto\\\/camara-ezviz-para-interior\\\/#primaryimage\",\"url\":\"https:\\\/\\\/disvecol.com.co\\\/wp-content\\\/uploads\\\/2025\\\/02\\\/img_3319_820x580.avif\",\"contentUrl\":\"https:\\\/\\\/disvecol.com.co\\\/wp-content\\\/uploads\\\/2025\\\/02\\\/img_3319_820x580.avif\",\"width\":820,\"height\":580,\"caption\":\"camara wifi h1c\"},{\"@type\":\"BreadcrumbList\",\"@id\":\"https:\\\/\\\/disvecol.com.co\\\/index.php\\\/producto\\\/camara-ezviz-para-interior\\\/#breadcrumb\",\"itemListElement\":[{\"@type\":\"ListItem\",\"position\":1,\"name\":\"Portada\",\"item\":\"https:\\\/\\\/disvecol.com.co\\\/\"},{\"@type\":\"ListItem\",\"position\":2,\"name\":\"Shop\",\"item\":\"https:\\\/\\\/disvecol.com.co\\\/index.php\\\/shop\\\/\"},{\"@type\":\"ListItem\",\"position\":3,\"name\":\"camara ezviz para interior\"}]},{\"@type\":\"WebSite\",\"@id\":\"https:\\\/\\\/disvecol.com.co\\\/#website\",\"url\":\"https:\\\/\\\/disvecol.com.co\\\/\",\"name\":\"Disvecol | camaras de seguridad\",\"description\":\"C\u00e1maras de seguridad y alarmas \",\"publisher\":{\"@id\":\"https:\\\/\\\/disvecol.com.co\\\/#organization\"},\"alternateName\":\"camaras de seguridad Medellin\",\"potentialAction\":[{\"@type\":\"SearchAction\",\"target\":{\"@type\":\"EntryPoint\",\"urlTemplate\":\"https:\\\/\\\/disvecol.com.co\\\/?s={search_term_string}\"},\"query-input\":{\"@type\":\"PropertyValueSpecification\",\"valueRequired\":true,\"valueName\":\"search_term_string\"}}],\"inLanguage\":\"es\"},{\"@type\":\"Organization\",\"@id\":\"https:\\\/\\\/disvecol.com.co\\\/#organization\",\"name\":\"Disvecol S.a.S\",\"alternateName\":\"disvecol camaras\",\"url\":\"https:\\\/\\\/disvecol.com.co\\\/\",\"logo\":{\"@type\":\"ImageObject\",\"inLanguage\":\"es\",\"@id\":\"https:\\\/\\\/disvecol.com.co\\\/#\\\/schema\\\/logo\\\/image\\\/\",\"url\":\"https:\\\/\\\/disvecol.com.co\\\/wp-content\\\/uploads\\\/2025\\\/03\\\/cropped-cropped-1_20250317_112650_0000.png\",\"contentUrl\":\"https:\\\/\\\/disvecol.com.co\\\/wp-content\\\/uploads\\\/2025\\\/03\\\/cropped-cropped-1_20250317_112650_0000.png\",\"width\":1077,\"height\":1077,\"caption\":\"Disvecol S.a.S\"},\"image\":{\"@id\":\"https:\\\/\\\/disvecol.com.co\\\/#\\\/schema\\\/logo\\\/image\\\/\"},\"sameAs\":[\"https:\\\/\\\/www.instagram.com\\\/disvecol_camaras\"]}]}<\/script>\n<!-- \/ Yoast SEO plugin. -->","yoast_head_json":{"title":"camara ezviz para interior -","description":"CAmata wifi ezviz h1c ideal para interior, camara con audio bidireccional camara de facil instalacion","robots":{"index":"index","follow":"follow","max-snippet":"max-snippet:-1","max-image-preview":"max-image-preview:large","max-video-preview":"max-video-preview:-1"},"canonical":"https:\/\/disvecol.com.co\/index.php\/producto\/camara-ezviz-para-interior\/","og_locale":"es_ES","og_type":"article","og_title":"camara ezviz para interior -","og_description":"CAmata wifi ezviz h1c ideal para interior, camara con audio bidireccional camara de facil instalacion","og_url":"https:\/\/disvecol.com.co\/index.php\/producto\/camara-ezviz-para-interior\/","article_modified_time":"2025-05-22T02:38:36+00:00","og_image":[{"width":820,"height":580,"url":"https:\/\/disvecol.com.co\/wp-content\/uploads\/2025\/02\/img_3319_820x580.avif","type":"image\/jpeg"}],"twitter_card":"summary_large_image","twitter_misc":{"Tiempo de lectura":"2 minutos"},"schema":{"@context":"https:\/\/schema.org","@graph":[{"@type":"WebPage","@id":"https:\/\/disvecol.com.co\/index.php\/producto\/camara-ezviz-para-interior\/","url":"https:\/\/disvecol.com.co\/index.php\/producto\/camara-ezviz-para-interior\/","name":"camara ezviz para interior -","isPartOf":{"@id":"https:\/\/disvecol.com.co\/#website"},"primaryImageOfPage":{"@id":"https:\/\/disvecol.com.co\/index.php\/producto\/camara-ezviz-para-interior\/#primaryimage"},"image":{"@id":"https:\/\/disvecol.com.co\/index.php\/producto\/camara-ezviz-para-interior\/#primaryimage"},"thumbnailUrl":"https:\/\/disvecol.com.co\/wp-content\/uploads\/2025\/02\/img_3319_820x580.avif","datePublished":"2025-02-28T03:38:21+00:00","dateModified":"2025-05-22T02:38:36+00:00","description":"CAmata wifi ezviz h1c ideal para interior, camara con audio bidireccional camara de facil instalacion","breadcrumb":{"@id":"https:\/\/disvecol.com.co\/index.php\/producto\/camara-ezviz-para-interior\/#breadcrumb"},"inLanguage":"es","potentialAction":[{"@type":"ReadAction","target":["https:\/\/disvecol.com.co\/index.php\/producto\/camara-ezviz-para-interior\/"]}]},{"@type":"ImageObject","inLanguage":"es","@id":"https:\/\/disvecol.com.co\/index.php\/producto\/camara-ezviz-para-interior\/#primaryimage","url":"https:\/\/disvecol.com.co\/wp-content\/uploads\/2025\/02\/img_3319_820x580.avif","contentUrl":"https:\/\/disvecol.com.co\/wp-content\/uploads\/2025\/02\/img_3319_820x580.avif","width":820,"height":580,"caption":"camara wifi h1c"},{"@type":"BreadcrumbList","@id":"https:\/\/disvecol.com.co\/index.php\/producto\/camara-ezviz-para-interior\/#breadcrumb","itemListElement":[{"@type":"ListItem","position":1,"name":"Portada","item":"https:\/\/disvecol.com.co\/"},{"@type":"ListItem","position":2,"name":"Shop","item":"https:\/\/disvecol.com.co\/index.php\/shop\/"},{"@type":"ListItem","position":3,"name":"camara ezviz para interior"}]},{"@type":"WebSite","@id":"https:\/\/disvecol.com.co\/#website","url":"https:\/\/disvecol.com.co\/","name":"Disvecol | camaras de seguridad","description":"C\u00e1maras de seguridad y alarmas ","publisher":{"@id":"https:\/\/disvecol.com.co\/#organization"},"alternateName":"camaras de seguridad Medellin","potentialAction":[{"@type":"SearchAction","target":{"@type":"EntryPoint","urlTemplate":"https:\/\/disvecol.com.co\/?s={search_term_string}"},"query-input":{"@type":"PropertyValueSpecification","valueRequired":true,"valueName":"search_term_string"}}],"inLanguage":"es"},{"@type":"Organization","@id":"https:\/\/disvecol.com.co\/#organization","name":"Disvecol S.a.S","alternateName":"disvecol camaras","url":"https:\/\/disvecol.com.co\/","logo":{"@type":"ImageObject","inLanguage":"es","@id":"https:\/\/disvecol.com.co\/#\/schema\/logo\/image\/","url":"https:\/\/disvecol.com.co\/wp-content\/uploads\/2025\/03\/cropped-cropped-1_20250317_112650_0000.png","contentUrl":"https:\/\/disvecol.com.co\/wp-content\/uploads\/2025\/03\/cropped-cropped-1_20250317_112650_0000.png","width":1077,"height":1077,"caption":"Disvecol S.a.S"},"image":{"@id":"https:\/\/disvecol.com.co\/#\/schema\/logo\/image\/"},"sameAs":["https:\/\/www.instagram.com\/disvecol_camaras"]}]}},"_links":{"self":[{"href":"https:\/\/disvecol.com.co\/index.php\/wp-json\/wp\/v2\/product\/414","targetHints":{"allow":["GET"]}}],"collection":[{"href":"https:\/\/disvecol.com.co\/index.php\/wp-json\/wp\/v2\/product"}],"about":[{"href":"https:\/\/disvecol.com.co\/index.php\/wp-json\/wp\/v2\/types\/product"}],"replies":[{"embeddable":true,"href":"https:\/\/disvecol.com.co\/index.php\/wp-json\/wp\/v2\/comments?post=414"}],"wp:featuredmedia":[{"embeddable":true,"href":"https:\/\/disvecol.com.co\/index.php\/wp-json\/wp\/v2\/media\/415"}],"wp:attachment":[{"href":"https:\/\/disvecol.com.co\/index.php\/wp-json\/wp\/v2\/media?parent=414"}],"wp:term":[{"taxonomy":"product_brand","embeddable":true,"href":"https:\/\/disvecol.com.co\/index.php\/wp-json\/wp\/v2\/product_brand?post=414"},{"taxonomy":"product_cat","embeddable":true,"href":"https:\/\/disvecol.com.co\/index.php\/wp-json\/wp\/v2\/product_cat?post=414"},{"taxonomy":"product_tag","embeddable":true,"href":"https:\/\/disvecol.com.co\/index.php\/wp-json\/wp\/v2\/product_tag?post=414"}],"curies":[{"name":"wp","href":"https:\/\/api.w.org\/{rel}","templated":true}]}}