{"id":457,"date":"2025-03-12T18:41:17","date_gmt":"2025-03-12T18:41:17","guid":{"rendered":"https:\/\/disvecol.com.co\/?post_type=product&#038;p=457"},"modified":"2025-12-18T15:35:36","modified_gmt":"2025-12-18T15:35:36","slug":"camara-wifi-hikvision","status":"publish","type":"product","link":"https:\/\/disvecol.com.co\/index.php\/producto\/camara-wifi-hikvision\/","title":{"rendered":"C\u00e1mara wifi Hik vision"},"content":{"rendered":"<p>C\u00e1mara wifi Hikvision<br \/>\nLa C\u00e1mara de Seguridad WiFi 360 Grados de Hikvision ofrece una cobertura completa y avanzada para proteger tus espacios. Con su funci\u00f3n de rotaci\u00f3n completa y visi\u00f3n panor\u00e1mica, podr\u00e1s monitorear cada rinc\u00f3n de tu hogar o negocio desde cualquier lugar a trav\u00e9s de tu smartphone. Equipado con alta resoluci\u00f3n de imagen y visi\u00f3n nocturna, garantiza una vigilancia clara d\u00eda y noche. Adem\u00e1s, su instalaci\u00f3n es sencilla y r\u00e1pida, ideal para quienes buscan seguridad sin complicaciones. Mant\u00e9n tu tranquilidad y la de tus seres queridos con esta c\u00e1mara de \u00faltima generaci\u00f3n.<\/p>\n<p><a href=\"https:\/\/disvecol.com.co\/index.php\/categoria-producto\/camaras-wifi\/\">https:\/\/disvecol.com.co\/index.php\/categoria-producto\/camaras-wifi\/<\/a><\/p>\n","protected":false},"excerpt":{"rendered":"<p>La C\u00e1mara de Seguridad WiFi 360 Grados de Hikvision ofrece una cobertura completa y avanzada para proteger tus espacios. Con su funci\u00f3n de rotaci\u00f3n completa y visi\u00f3n panor\u00e1mica, podr\u00e1s monitorear cada rinc\u00f3n de tu hogar o negocio desde cualquier lugar a trav\u00e9s de tu smartphone. Equipado con alta resoluci\u00f3n de imagen y visi\u00f3n nocturna, garantiza una vigilancia clara d\u00eda y noche. Adem\u00e1s, su instalaci\u00f3n es sencilla y r\u00e1pida, ideal para quienes buscan seguridad sin complicaciones. Mant\u00e9n tu tranquilidad y la de tus seres queridos con esta c\u00e1mara de \u00faltima generaci\u00f3n.<\/p>\n","protected":false},"featured_media":459,"comment_status":"open","ping_status":"closed","template":"","meta":{"site-sidebar-layout":"default","site-content-layout":"","ast-site-content-layout":"default","site-content-style":"default","site-sidebar-style":"default","ast-global-header-display":"","ast-banner-title-visibility":"","ast-main-header-display":"","ast-hfb-above-header-display":"","ast-hfb-below-header-display":"","ast-hfb-mobile-header-display":"","site-post-title":"","ast-breadcrumbs-content":"","ast-featured-img":"","footer-sml-layout":"","ast-disable-related-posts":"","theme-transparent-header-meta":"default","adv-header-id-meta":"","stick-header-meta":"","header-above-stick-meta":"","header-main-stick-meta":"","header-below-stick-meta":"","astra-migrate-meta-layouts":"set","ast-page-background-enabled":"default","ast-page-background-meta":{"desktop":{"background-color":"var(--ast-global-color-5)","background-image":"","background-repeat":"repeat","background-position":"center center","background-size":"auto","background-attachment":"scroll","background-type":"","background-media":"","overlay-type":"","overlay-color":"","overlay-opacity":"","overlay-gradient":""},"tablet":{"background-color":"","background-image":"","background-repeat":"repeat","background-position":"center center","background-size":"auto","background-attachment":"scroll","background-type":"","background-media":"","overlay-type":"","overlay-color":"","overlay-opacity":"","overlay-gradient":""},"mobile":{"background-color":"","background-image":"","background-repeat":"repeat","background-position":"center center","background-size":"auto","background-attachment":"scroll","background-type":"","background-media":"","overlay-type":"","overlay-color":"","overlay-opacity":"","overlay-gradient":""}},"ast-content-background-meta":{"desktop":{"background-color":"var(--ast-global-color-4)","background-image":"","background-repeat":"repeat","background-position":"center center","background-size":"auto","background-attachment":"scroll","background-type":"","background-media":"","overlay-type":"","overlay-color":"","overlay-opacity":"","overlay-gradient":""},"tablet":{"background-color":"var(--ast-global-color-4)","background-image":"","background-repeat":"repeat","background-position":"center center","background-size":"auto","background-attachment":"scroll","background-type":"","background-media":"","overlay-type":"","overlay-color":"","overlay-opacity":"","overlay-gradient":""},"mobile":{"background-color":"var(--ast-global-color-4)","background-image":"","background-repeat":"repeat","background-position":"center center","background-size":"auto","background-attachment":"scroll","background-type":"","background-media":"","overlay-type":"","overlay-color":"","overlay-opacity":"","overlay-gradient":""}}},"product_brand":[],"product_cat":[21],"product_tag":[25,28,26,38],"class_list":{"0":"post-457","1":"product","2":"type-product","3":"status-publish","4":"has-post-thumbnail","6":"product_cat-camaras-wifi-ezviz","7":"product_tag-camara-wifi","8":"product_tag-camaras-360-grados","9":"product_tag-camaras-con-audio","10":"product_tag-hik-vision","11":"desktop-align-right","12":"tablet-align-center","13":"mobile-align-left","15":"first","16":"instock","17":"shipping-taxable","18":"purchasable","19":"product-type-simple"},"yoast_head":"<!-- This site is optimized with the Yoast SEO plugin v27.3 - https:\/\/yoast.com\/product\/yoast-seo-wordpress\/ -->\n<title>C\u00e1mara wifi Hik vision -<\/title>\n<meta name=\"description\" content=\"La C\u00e1mara WiFi Hik visi\u00f3n 360 Grados ofrece una cobertura completa y avanzada para proteger tus espacios. Con su funci\u00f3n de rotaci\u00f3n completa y visi\u00f3n panor\u00e1mica, podr\u00e1s monitorear cada rinc\u00f3n de tu hogar o negocio desde cualquier lugar a trav\u00e9s de tu smartphone. Equipado con alta resoluci\u00f3n de imagen y visi\u00f3n nocturna, garantiza una vigilancia clara d\u00eda y noche. Adem\u00e1s, su instalaci\u00f3n es sencilla y r\u00e1pida, ideal para quienes buscan seguridad sin complicaciones. Mant\u00e9n tu tranquilidad y la de tus seres queridos con esta c\u00e1mara de \u00faltima generaci\u00f3n. https:\/\/disvecol.com.co\/index.php\/categoria-producto\/camaras-wifi\/\" \/>\n<meta name=\"robots\" content=\"index, follow, max-snippet:-1, max-image-preview:large, max-video-preview:-1\" \/>\n<link rel=\"canonical\" href=\"https:\/\/disvecol.com.co\/index.php\/producto\/camara-wifi-hikvision\/\" \/>\n<meta property=\"og:locale\" content=\"es_ES\" \/>\n<meta property=\"og:type\" content=\"article\" \/>\n<meta property=\"og:title\" content=\"C\u00e1mara wifi Hik vision -\" \/>\n<meta property=\"og:description\" content=\"La C\u00e1mara WiFi Hik visi\u00f3n 360 Grados ofrece una cobertura completa y avanzada para proteger tus espacios. Con su funci\u00f3n de rotaci\u00f3n completa y visi\u00f3n panor\u00e1mica, podr\u00e1s monitorear cada rinc\u00f3n de tu hogar o negocio desde cualquier lugar a trav\u00e9s de tu smartphone. Equipado con alta resoluci\u00f3n de imagen y visi\u00f3n nocturna, garantiza una vigilancia clara d\u00eda y noche. Adem\u00e1s, su instalaci\u00f3n es sencilla y r\u00e1pida, ideal para quienes buscan seguridad sin complicaciones. Mant\u00e9n tu tranquilidad y la de tus seres queridos con esta c\u00e1mara de \u00faltima generaci\u00f3n. https:\/\/disvecol.com.co\/index.php\/categoria-producto\/camaras-wifi\/\" \/>\n<meta property=\"og:url\" content=\"https:\/\/disvecol.com.co\/index.php\/producto\/camara-wifi-hikvision\/\" \/>\n<meta property=\"article:modified_time\" content=\"2025-12-18T15:35:36+00:00\" \/>\n<meta property=\"og:image\" content=\"https:\/\/disvecol.com.co\/wp-content\/uploads\/2025\/03\/IMG_8787.jpeg\" \/>\n\t<meta property=\"og:image:width\" content=\"550\" \/>\n\t<meta property=\"og:image:height\" content=\"546\" \/>\n\t<meta property=\"og:image:type\" content=\"image\/jpeg\" \/>\n<meta name=\"twitter:card\" content=\"summary_large_image\" \/>\n<meta name=\"twitter:label1\" content=\"Tiempo de lectura\" \/>\n\t<meta name=\"twitter:data1\" content=\"1 minuto\" \/>\n<script type=\"application\/ld+json\" class=\"yoast-schema-graph\">{\"@context\":\"https:\\\/\\\/schema.org\",\"@graph\":[{\"@type\":\"WebPage\",\"@id\":\"https:\\\/\\\/disvecol.com.co\\\/index.php\\\/producto\\\/camara-wifi-hikvision\\\/\",\"url\":\"https:\\\/\\\/disvecol.com.co\\\/index.php\\\/producto\\\/camara-wifi-hikvision\\\/\",\"name\":\"C\u00e1mara wifi Hik vision -\",\"isPartOf\":{\"@id\":\"https:\\\/\\\/disvecol.com.co\\\/#website\"},\"primaryImageOfPage\":{\"@id\":\"https:\\\/\\\/disvecol.com.co\\\/index.php\\\/producto\\\/camara-wifi-hikvision\\\/#primaryimage\"},\"image\":{\"@id\":\"https:\\\/\\\/disvecol.com.co\\\/index.php\\\/producto\\\/camara-wifi-hikvision\\\/#primaryimage\"},\"thumbnailUrl\":\"https:\\\/\\\/disvecol.com.co\\\/wp-content\\\/uploads\\\/2025\\\/03\\\/IMG_8787.jpeg\",\"datePublished\":\"2025-03-12T18:41:17+00:00\",\"dateModified\":\"2025-12-18T15:35:36+00:00\",\"description\":\"La C\u00e1mara WiFi Hik visi\u00f3n 360 Grados ofrece una cobertura completa y avanzada para proteger tus espacios. Con su funci\u00f3n de rotaci\u00f3n completa y visi\u00f3n panor\u00e1mica, podr\u00e1s monitorear cada rinc\u00f3n de tu hogar o negocio desde cualquier lugar a trav\u00e9s de tu smartphone. Equipado con alta resoluci\u00f3n de imagen y visi\u00f3n nocturna, garantiza una vigilancia clara d\u00eda y noche. Adem\u00e1s, su instalaci\u00f3n es sencilla y r\u00e1pida, ideal para quienes buscan seguridad sin complicaciones. Mant\u00e9n tu tranquilidad y la de tus seres queridos con esta c\u00e1mara de \u00faltima generaci\u00f3n. https:\\\/\\\/disvecol.com.co\\\/index.php\\\/categoria-producto\\\/camaras-wifi\\\/\",\"breadcrumb\":{\"@id\":\"https:\\\/\\\/disvecol.com.co\\\/index.php\\\/producto\\\/camara-wifi-hikvision\\\/#breadcrumb\"},\"inLanguage\":\"es\",\"potentialAction\":[{\"@type\":\"ReadAction\",\"target\":[\"https:\\\/\\\/disvecol.com.co\\\/index.php\\\/producto\\\/camara-wifi-hikvision\\\/\"]}]},{\"@type\":\"ImageObject\",\"inLanguage\":\"es\",\"@id\":\"https:\\\/\\\/disvecol.com.co\\\/index.php\\\/producto\\\/camara-wifi-hikvision\\\/#primaryimage\",\"url\":\"https:\\\/\\\/disvecol.com.co\\\/wp-content\\\/uploads\\\/2025\\\/03\\\/IMG_8787.jpeg\",\"contentUrl\":\"https:\\\/\\\/disvecol.com.co\\\/wp-content\\\/uploads\\\/2025\\\/03\\\/IMG_8787.jpeg\",\"width\":550,\"height\":546,\"caption\":\"Hik vision Interior\"},{\"@type\":\"BreadcrumbList\",\"@id\":\"https:\\\/\\\/disvecol.com.co\\\/index.php\\\/producto\\\/camara-wifi-hikvision\\\/#breadcrumb\",\"itemListElement\":[{\"@type\":\"ListItem\",\"position\":1,\"name\":\"Portada\",\"item\":\"https:\\\/\\\/disvecol.com.co\\\/\"},{\"@type\":\"ListItem\",\"position\":2,\"name\":\"Shop\",\"item\":\"https:\\\/\\\/disvecol.com.co\\\/index.php\\\/shop\\\/\"},{\"@type\":\"ListItem\",\"position\":3,\"name\":\"C\u00e1mara wifi Hik vision\"}]},{\"@type\":\"WebSite\",\"@id\":\"https:\\\/\\\/disvecol.com.co\\\/#website\",\"url\":\"https:\\\/\\\/disvecol.com.co\\\/\",\"name\":\"Disvecol | camaras de seguridad\",\"description\":\"C\u00e1maras de seguridad y alarmas \",\"publisher\":{\"@id\":\"https:\\\/\\\/disvecol.com.co\\\/#organization\"},\"alternateName\":\"camaras de seguridad Medellin\",\"potentialAction\":[{\"@type\":\"SearchAction\",\"target\":{\"@type\":\"EntryPoint\",\"urlTemplate\":\"https:\\\/\\\/disvecol.com.co\\\/?s={search_term_string}\"},\"query-input\":{\"@type\":\"PropertyValueSpecification\",\"valueRequired\":true,\"valueName\":\"search_term_string\"}}],\"inLanguage\":\"es\"},{\"@type\":\"Organization\",\"@id\":\"https:\\\/\\\/disvecol.com.co\\\/#organization\",\"name\":\"Disvecol S.a.S\",\"alternateName\":\"disvecol camaras\",\"url\":\"https:\\\/\\\/disvecol.com.co\\\/\",\"logo\":{\"@type\":\"ImageObject\",\"inLanguage\":\"es\",\"@id\":\"https:\\\/\\\/disvecol.com.co\\\/#\\\/schema\\\/logo\\\/image\\\/\",\"url\":\"https:\\\/\\\/disvecol.com.co\\\/wp-content\\\/uploads\\\/2025\\\/03\\\/cropped-cropped-1_20250317_112650_0000.png\",\"contentUrl\":\"https:\\\/\\\/disvecol.com.co\\\/wp-content\\\/uploads\\\/2025\\\/03\\\/cropped-cropped-1_20250317_112650_0000.png\",\"width\":1077,\"height\":1077,\"caption\":\"Disvecol S.a.S\"},\"image\":{\"@id\":\"https:\\\/\\\/disvecol.com.co\\\/#\\\/schema\\\/logo\\\/image\\\/\"},\"sameAs\":[\"https:\\\/\\\/www.instagram.com\\\/disvecol_camaras\"]}]}<\/script>\n<!-- \/ Yoast SEO plugin. -->","yoast_head_json":{"title":"C\u00e1mara wifi Hik vision -","description":"La C\u00e1mara WiFi Hik visi\u00f3n 360 Grados ofrece una cobertura completa y avanzada para proteger tus espacios. Con su funci\u00f3n de rotaci\u00f3n completa y visi\u00f3n panor\u00e1mica, podr\u00e1s monitorear cada rinc\u00f3n de tu hogar o negocio desde cualquier lugar a trav\u00e9s de tu smartphone. Equipado con alta resoluci\u00f3n de imagen y visi\u00f3n nocturna, garantiza una vigilancia clara d\u00eda y noche. Adem\u00e1s, su instalaci\u00f3n es sencilla y r\u00e1pida, ideal para quienes buscan seguridad sin complicaciones. Mant\u00e9n tu tranquilidad y la de tus seres queridos con esta c\u00e1mara de \u00faltima generaci\u00f3n. https:\/\/disvecol.com.co\/index.php\/categoria-producto\/camaras-wifi\/","robots":{"index":"index","follow":"follow","max-snippet":"max-snippet:-1","max-image-preview":"max-image-preview:large","max-video-preview":"max-video-preview:-1"},"canonical":"https:\/\/disvecol.com.co\/index.php\/producto\/camara-wifi-hikvision\/","og_locale":"es_ES","og_type":"article","og_title":"C\u00e1mara wifi Hik vision -","og_description":"La C\u00e1mara WiFi Hik visi\u00f3n 360 Grados ofrece una cobertura completa y avanzada para proteger tus espacios. Con su funci\u00f3n de rotaci\u00f3n completa y visi\u00f3n panor\u00e1mica, podr\u00e1s monitorear cada rinc\u00f3n de tu hogar o negocio desde cualquier lugar a trav\u00e9s de tu smartphone. Equipado con alta resoluci\u00f3n de imagen y visi\u00f3n nocturna, garantiza una vigilancia clara d\u00eda y noche. Adem\u00e1s, su instalaci\u00f3n es sencilla y r\u00e1pida, ideal para quienes buscan seguridad sin complicaciones. Mant\u00e9n tu tranquilidad y la de tus seres queridos con esta c\u00e1mara de \u00faltima generaci\u00f3n. https:\/\/disvecol.com.co\/index.php\/categoria-producto\/camaras-wifi\/","og_url":"https:\/\/disvecol.com.co\/index.php\/producto\/camara-wifi-hikvision\/","article_modified_time":"2025-12-18T15:35:36+00:00","og_image":[{"width":550,"height":546,"url":"https:\/\/disvecol.com.co\/wp-content\/uploads\/2025\/03\/IMG_8787.jpeg","type":"image\/jpeg"}],"twitter_card":"summary_large_image","twitter_misc":{"Tiempo de lectura":"1 minuto"},"schema":{"@context":"https:\/\/schema.org","@graph":[{"@type":"WebPage","@id":"https:\/\/disvecol.com.co\/index.php\/producto\/camara-wifi-hikvision\/","url":"https:\/\/disvecol.com.co\/index.php\/producto\/camara-wifi-hikvision\/","name":"C\u00e1mara wifi Hik vision -","isPartOf":{"@id":"https:\/\/disvecol.com.co\/#website"},"primaryImageOfPage":{"@id":"https:\/\/disvecol.com.co\/index.php\/producto\/camara-wifi-hikvision\/#primaryimage"},"image":{"@id":"https:\/\/disvecol.com.co\/index.php\/producto\/camara-wifi-hikvision\/#primaryimage"},"thumbnailUrl":"https:\/\/disvecol.com.co\/wp-content\/uploads\/2025\/03\/IMG_8787.jpeg","datePublished":"2025-03-12T18:41:17+00:00","dateModified":"2025-12-18T15:35:36+00:00","description":"La C\u00e1mara WiFi Hik visi\u00f3n 360 Grados ofrece una cobertura completa y avanzada para proteger tus espacios. Con su funci\u00f3n de rotaci\u00f3n completa y visi\u00f3n panor\u00e1mica, podr\u00e1s monitorear cada rinc\u00f3n de tu hogar o negocio desde cualquier lugar a trav\u00e9s de tu smartphone. Equipado con alta resoluci\u00f3n de imagen y visi\u00f3n nocturna, garantiza una vigilancia clara d\u00eda y noche. Adem\u00e1s, su instalaci\u00f3n es sencilla y r\u00e1pida, ideal para quienes buscan seguridad sin complicaciones. Mant\u00e9n tu tranquilidad y la de tus seres queridos con esta c\u00e1mara de \u00faltima generaci\u00f3n. https:\/\/disvecol.com.co\/index.php\/categoria-producto\/camaras-wifi\/","breadcrumb":{"@id":"https:\/\/disvecol.com.co\/index.php\/producto\/camara-wifi-hikvision\/#breadcrumb"},"inLanguage":"es","potentialAction":[{"@type":"ReadAction","target":["https:\/\/disvecol.com.co\/index.php\/producto\/camara-wifi-hikvision\/"]}]},{"@type":"ImageObject","inLanguage":"es","@id":"https:\/\/disvecol.com.co\/index.php\/producto\/camara-wifi-hikvision\/#primaryimage","url":"https:\/\/disvecol.com.co\/wp-content\/uploads\/2025\/03\/IMG_8787.jpeg","contentUrl":"https:\/\/disvecol.com.co\/wp-content\/uploads\/2025\/03\/IMG_8787.jpeg","width":550,"height":546,"caption":"Hik vision Interior"},{"@type":"BreadcrumbList","@id":"https:\/\/disvecol.com.co\/index.php\/producto\/camara-wifi-hikvision\/#breadcrumb","itemListElement":[{"@type":"ListItem","position":1,"name":"Portada","item":"https:\/\/disvecol.com.co\/"},{"@type":"ListItem","position":2,"name":"Shop","item":"https:\/\/disvecol.com.co\/index.php\/shop\/"},{"@type":"ListItem","position":3,"name":"C\u00e1mara wifi Hik vision"}]},{"@type":"WebSite","@id":"https:\/\/disvecol.com.co\/#website","url":"https:\/\/disvecol.com.co\/","name":"Disvecol | camaras de seguridad","description":"C\u00e1maras de seguridad y alarmas ","publisher":{"@id":"https:\/\/disvecol.com.co\/#organization"},"alternateName":"camaras de seguridad Medellin","potentialAction":[{"@type":"SearchAction","target":{"@type":"EntryPoint","urlTemplate":"https:\/\/disvecol.com.co\/?s={search_term_string}"},"query-input":{"@type":"PropertyValueSpecification","valueRequired":true,"valueName":"search_term_string"}}],"inLanguage":"es"},{"@type":"Organization","@id":"https:\/\/disvecol.com.co\/#organization","name":"Disvecol S.a.S","alternateName":"disvecol camaras","url":"https:\/\/disvecol.com.co\/","logo":{"@type":"ImageObject","inLanguage":"es","@id":"https:\/\/disvecol.com.co\/#\/schema\/logo\/image\/","url":"https:\/\/disvecol.com.co\/wp-content\/uploads\/2025\/03\/cropped-cropped-1_20250317_112650_0000.png","contentUrl":"https:\/\/disvecol.com.co\/wp-content\/uploads\/2025\/03\/cropped-cropped-1_20250317_112650_0000.png","width":1077,"height":1077,"caption":"Disvecol S.a.S"},"image":{"@id":"https:\/\/disvecol.com.co\/#\/schema\/logo\/image\/"},"sameAs":["https:\/\/www.instagram.com\/disvecol_camaras"]}]}},"_links":{"self":[{"href":"https:\/\/disvecol.com.co\/index.php\/wp-json\/wp\/v2\/product\/457","targetHints":{"allow":["GET"]}}],"collection":[{"href":"https:\/\/disvecol.com.co\/index.php\/wp-json\/wp\/v2\/product"}],"about":[{"href":"https:\/\/disvecol.com.co\/index.php\/wp-json\/wp\/v2\/types\/product"}],"replies":[{"embeddable":true,"href":"https:\/\/disvecol.com.co\/index.php\/wp-json\/wp\/v2\/comments?post=457"}],"wp:featuredmedia":[{"embeddable":true,"href":"https:\/\/disvecol.com.co\/index.php\/wp-json\/wp\/v2\/media\/459"}],"wp:attachment":[{"href":"https:\/\/disvecol.com.co\/index.php\/wp-json\/wp\/v2\/media?parent=457"}],"wp:term":[{"taxonomy":"product_brand","embeddable":true,"href":"https:\/\/disvecol.com.co\/index.php\/wp-json\/wp\/v2\/product_brand?post=457"},{"taxonomy":"product_cat","embeddable":true,"href":"https:\/\/disvecol.com.co\/index.php\/wp-json\/wp\/v2\/product_cat?post=457"},{"taxonomy":"product_tag","embeddable":true,"href":"https:\/\/disvecol.com.co\/index.php\/wp-json\/wp\/v2\/product_tag?post=457"}],"curies":[{"name":"wp","href":"https:\/\/api.w.org\/{rel}","templated":true}]}}