{"id":460,"date":"2025-03-12T18:55:01","date_gmt":"2025-03-12T18:55:01","guid":{"rendered":"https:\/\/disvecol.com.co\/?post_type=product&#038;p=460"},"modified":"2026-01-28T16:12:51","modified_gmt":"2026-01-28T16:12:51","slug":"camara-ezviz-h6c-3-mpx","status":"publish","type":"product","link":"https:\/\/disvecol.com.co\/index.php\/producto\/camara-ezviz-h6c-3-mpx\/","title":{"rendered":"CAMARA EZVIZ h6c 3 Mpx"},"content":{"rendered":"<p>La C\u00e1mara Wifi EZVIZ de 3 megap\u00edxeles es la soluci\u00f3n perfecta para mantener tu hogar seguro. Equipado con audio bidireccional y visi\u00f3n nocturna full color, ofrece una vigilancia detallada incluso en la oscuridad. Con la funci\u00f3n de detecci\u00f3n de personas, recibir\u00e1s notificaciones directas en tu celular, permiti\u00e9ndote monitorear lo que m\u00e1s te importa en tiempo real. Mant\u00e9n la tranquilidad y protecci\u00f3n de tu hogar con tecnolog\u00eda de vanguardia.<\/p>\n","protected":false},"excerpt":{"rendered":"<p>La C\u00e1mara Wifi EZVIZ de 3 megap\u00edxeles es la soluci\u00f3n perfecta para mantener tu hogar seguro. Equipado con audio bidireccional [&hellip;]<\/p>\n","protected":false},"featured_media":461,"comment_status":"open","ping_status":"closed","template":"","meta":{"site-sidebar-layout":"default","site-content-layout":"","ast-site-content-layout":"default","site-content-style":"default","site-sidebar-style":"default","ast-global-header-display":"","ast-banner-title-visibility":"","ast-main-header-display":"","ast-hfb-above-header-display":"","ast-hfb-below-header-display":"","ast-hfb-mobile-header-display":"","site-post-title":"","ast-breadcrumbs-content":"","ast-featured-img":"","footer-sml-layout":"","ast-disable-related-posts":"","theme-transparent-header-meta":"default","adv-header-id-meta":"","stick-header-meta":"","header-above-stick-meta":"","header-main-stick-meta":"","header-below-stick-meta":"","astra-migrate-meta-layouts":"set","ast-page-background-enabled":"default","ast-page-background-meta":{"desktop":{"background-color":"var(--ast-global-color-5)","background-image":"","background-repeat":"repeat","background-position":"center center","background-size":"auto","background-attachment":"scroll","background-type":"","background-media":"","overlay-type":"","overlay-color":"","overlay-opacity":"","overlay-gradient":""},"tablet":{"background-color":"","background-image":"","background-repeat":"repeat","background-position":"center center","background-size":"auto","background-attachment":"scroll","background-type":"","background-media":"","overlay-type":"","overlay-color":"","overlay-opacity":"","overlay-gradient":""},"mobile":{"background-color":"","background-image":"","background-repeat":"repeat","background-position":"center center","background-size":"auto","background-attachment":"scroll","background-type":"","background-media":"","overlay-type":"","overlay-color":"","overlay-opacity":"","overlay-gradient":""}},"ast-content-background-meta":{"desktop":{"background-color":"var(--ast-global-color-4)","background-image":"","background-repeat":"repeat","background-position":"center center","background-size":"auto","background-attachment":"scroll","background-type":"","background-media":"","overlay-type":"","overlay-color":"","overlay-opacity":"","overlay-gradient":""},"tablet":{"background-color":"var(--ast-global-color-4)","background-image":"","background-repeat":"repeat","background-position":"center center","background-size":"auto","background-attachment":"scroll","background-type":"","background-media":"","overlay-type":"","overlay-color":"","overlay-opacity":"","overlay-gradient":""},"mobile":{"background-color":"var(--ast-global-color-4)","background-image":"","background-repeat":"repeat","background-position":"center center","background-size":"auto","background-attachment":"scroll","background-type":"","background-media":"","overlay-type":"","overlay-color":"","overlay-opacity":"","overlay-gradient":""}}},"product_brand":[47],"product_cat":[44,21],"product_tag":[41,39,27,28,40],"class_list":{"0":"post-460","1":"product","2":"type-product","3":"status-publish","4":"has-post-thumbnail","6":"product_brand-ezviz","7":"product_cat-camaras-para-el-hogar","8":"product_cat-camaras-wifi-ezviz","9":"product_tag-3-mega-pixeles","10":"product_tag-camara-con-audio","11":"product_tag-camara-ezviz","12":"product_tag-camaras-360-grados","13":"product_tag-facil-instalacion","14":"desktop-align-right","15":"tablet-align-center","16":"mobile-align-left","18":"first","19":"instock","20":"shipping-taxable","21":"purchasable","22":"product-type-simple"},"yoast_head":"<!-- This site is optimized with the Yoast SEO plugin v27.3 - https:\/\/yoast.com\/product\/yoast-seo-wordpress\/ -->\n<title>CAMARA EZVIZ h6c 3 Mpx -<\/title>\n<meta name=\"description\" content=\"La c\u00e1mara WiFi EZVIZ de 3 megap\u00edxeles ofrece una soluci\u00f3n de seguridad inigualable para tu hogar o negocio. Con su capacidad de audio bidireccional y visi\u00f3n nocturna a todo color, puedes mantener un ojo en lo que m\u00e1s te importa, incluso en la oscuridad. Su innovador sistema de detecci\u00f3n de personas te env\u00eda notificaciones directas a tu celular, garantizando que siempre est\u00e9s al tanto de cualquier movimiento sospechoso. Con\u00e9ctala f\u00e1cilmente a tu red WiFi y disfruta de la tranquilidad que brinda una vigilancia efectiva las 24 horas del d\u00eda.\" \/>\n<meta name=\"robots\" content=\"index, follow, max-snippet:-1, max-image-preview:large, max-video-preview:-1\" \/>\n<link rel=\"canonical\" href=\"https:\/\/disvecol.com.co\/index.php\/producto\/camara-ezviz-h6c-3-mpx\/\" \/>\n<meta property=\"og:locale\" content=\"es_ES\" \/>\n<meta property=\"og:type\" content=\"article\" \/>\n<meta property=\"og:title\" content=\"CAMARA EZVIZ h6c 3 Mpx -\" \/>\n<meta property=\"og:description\" content=\"La c\u00e1mara WiFi EZVIZ de 3 megap\u00edxeles ofrece una soluci\u00f3n de seguridad inigualable para tu hogar o negocio. Con su capacidad de audio bidireccional y visi\u00f3n nocturna a todo color, puedes mantener un ojo en lo que m\u00e1s te importa, incluso en la oscuridad. Su innovador sistema de detecci\u00f3n de personas te env\u00eda notificaciones directas a tu celular, garantizando que siempre est\u00e9s al tanto de cualquier movimiento sospechoso. Con\u00e9ctala f\u00e1cilmente a tu red WiFi y disfruta de la tranquilidad que brinda una vigilancia efectiva las 24 horas del d\u00eda.\" \/>\n<meta property=\"og:url\" content=\"https:\/\/disvecol.com.co\/index.php\/producto\/camara-ezviz-h6c-3-mpx\/\" \/>\n<meta property=\"article:modified_time\" content=\"2026-01-28T16:12:51+00:00\" \/>\n<meta property=\"og:image\" content=\"https:\/\/disvecol.com.co\/wp-content\/uploads\/2025\/03\/IMG_8789.jpeg\" \/>\n\t<meta property=\"og:image:width\" content=\"725\" \/>\n\t<meta property=\"og:image:height\" content=\"718\" \/>\n\t<meta property=\"og:image:type\" content=\"image\/jpeg\" \/>\n<meta name=\"twitter:card\" content=\"summary_large_image\" \/>\n<meta name=\"twitter:label1\" content=\"Tiempo de lectura\" \/>\n\t<meta name=\"twitter:data1\" content=\"1 minuto\" \/>\n<script type=\"application\/ld+json\" class=\"yoast-schema-graph\">{\"@context\":\"https:\\\/\\\/schema.org\",\"@graph\":[{\"@type\":\"WebPage\",\"@id\":\"https:\\\/\\\/disvecol.com.co\\\/index.php\\\/producto\\\/camara-ezviz-h6c-3-mpx\\\/\",\"url\":\"https:\\\/\\\/disvecol.com.co\\\/index.php\\\/producto\\\/camara-ezviz-h6c-3-mpx\\\/\",\"name\":\"CAMARA EZVIZ h6c 3 Mpx -\",\"isPartOf\":{\"@id\":\"https:\\\/\\\/disvecol.com.co\\\/#website\"},\"primaryImageOfPage\":{\"@id\":\"https:\\\/\\\/disvecol.com.co\\\/index.php\\\/producto\\\/camara-ezviz-h6c-3-mpx\\\/#primaryimage\"},\"image\":{\"@id\":\"https:\\\/\\\/disvecol.com.co\\\/index.php\\\/producto\\\/camara-ezviz-h6c-3-mpx\\\/#primaryimage\"},\"thumbnailUrl\":\"https:\\\/\\\/disvecol.com.co\\\/wp-content\\\/uploads\\\/2025\\\/03\\\/IMG_8789.jpeg\",\"datePublished\":\"2025-03-12T18:55:01+00:00\",\"dateModified\":\"2026-01-28T16:12:51+00:00\",\"description\":\"La c\u00e1mara WiFi EZVIZ de 3 megap\u00edxeles ofrece una soluci\u00f3n de seguridad inigualable para tu hogar o negocio. Con su capacidad de audio bidireccional y visi\u00f3n nocturna a todo color, puedes mantener un ojo en lo que m\u00e1s te importa, incluso en la oscuridad. Su innovador sistema de detecci\u00f3n de personas te env\u00eda notificaciones directas a tu celular, garantizando que siempre est\u00e9s al tanto de cualquier movimiento sospechoso. Con\u00e9ctala f\u00e1cilmente a tu red WiFi y disfruta de la tranquilidad que brinda una vigilancia efectiva las 24 horas del d\u00eda.\",\"breadcrumb\":{\"@id\":\"https:\\\/\\\/disvecol.com.co\\\/index.php\\\/producto\\\/camara-ezviz-h6c-3-mpx\\\/#breadcrumb\"},\"inLanguage\":\"es\",\"potentialAction\":[{\"@type\":\"ReadAction\",\"target\":[\"https:\\\/\\\/disvecol.com.co\\\/index.php\\\/producto\\\/camara-ezviz-h6c-3-mpx\\\/\"]}]},{\"@type\":\"ImageObject\",\"inLanguage\":\"es\",\"@id\":\"https:\\\/\\\/disvecol.com.co\\\/index.php\\\/producto\\\/camara-ezviz-h6c-3-mpx\\\/#primaryimage\",\"url\":\"https:\\\/\\\/disvecol.com.co\\\/wp-content\\\/uploads\\\/2025\\\/03\\\/IMG_8789.jpeg\",\"contentUrl\":\"https:\\\/\\\/disvecol.com.co\\\/wp-content\\\/uploads\\\/2025\\\/03\\\/IMG_8789.jpeg\",\"width\":725,\"height\":718,\"caption\":\"Ezviz Interior\"},{\"@type\":\"BreadcrumbList\",\"@id\":\"https:\\\/\\\/disvecol.com.co\\\/index.php\\\/producto\\\/camara-ezviz-h6c-3-mpx\\\/#breadcrumb\",\"itemListElement\":[{\"@type\":\"ListItem\",\"position\":1,\"name\":\"Portada\",\"item\":\"https:\\\/\\\/disvecol.com.co\\\/\"},{\"@type\":\"ListItem\",\"position\":2,\"name\":\"Shop\",\"item\":\"https:\\\/\\\/disvecol.com.co\\\/index.php\\\/shop\\\/\"},{\"@type\":\"ListItem\",\"position\":3,\"name\":\"CAMARA EZVIZ h6c 3 Mpx\"}]},{\"@type\":\"WebSite\",\"@id\":\"https:\\\/\\\/disvecol.com.co\\\/#website\",\"url\":\"https:\\\/\\\/disvecol.com.co\\\/\",\"name\":\"Disvecol | camaras de seguridad\",\"description\":\"C\u00e1maras de seguridad y alarmas \",\"publisher\":{\"@id\":\"https:\\\/\\\/disvecol.com.co\\\/#organization\"},\"alternateName\":\"camaras de seguridad Medellin\",\"potentialAction\":[{\"@type\":\"SearchAction\",\"target\":{\"@type\":\"EntryPoint\",\"urlTemplate\":\"https:\\\/\\\/disvecol.com.co\\\/?s={search_term_string}\"},\"query-input\":{\"@type\":\"PropertyValueSpecification\",\"valueRequired\":true,\"valueName\":\"search_term_string\"}}],\"inLanguage\":\"es\"},{\"@type\":\"Organization\",\"@id\":\"https:\\\/\\\/disvecol.com.co\\\/#organization\",\"name\":\"Disvecol S.a.S\",\"alternateName\":\"disvecol camaras\",\"url\":\"https:\\\/\\\/disvecol.com.co\\\/\",\"logo\":{\"@type\":\"ImageObject\",\"inLanguage\":\"es\",\"@id\":\"https:\\\/\\\/disvecol.com.co\\\/#\\\/schema\\\/logo\\\/image\\\/\",\"url\":\"https:\\\/\\\/disvecol.com.co\\\/wp-content\\\/uploads\\\/2025\\\/03\\\/cropped-cropped-1_20250317_112650_0000.png\",\"contentUrl\":\"https:\\\/\\\/disvecol.com.co\\\/wp-content\\\/uploads\\\/2025\\\/03\\\/cropped-cropped-1_20250317_112650_0000.png\",\"width\":1077,\"height\":1077,\"caption\":\"Disvecol S.a.S\"},\"image\":{\"@id\":\"https:\\\/\\\/disvecol.com.co\\\/#\\\/schema\\\/logo\\\/image\\\/\"},\"sameAs\":[\"https:\\\/\\\/www.instagram.com\\\/disvecol_camaras\"]}]}<\/script>\n<!-- \/ Yoast SEO plugin. -->","yoast_head_json":{"title":"CAMARA EZVIZ h6c 3 Mpx -","description":"La c\u00e1mara WiFi EZVIZ de 3 megap\u00edxeles ofrece una soluci\u00f3n de seguridad inigualable para tu hogar o negocio. Con su capacidad de audio bidireccional y visi\u00f3n nocturna a todo color, puedes mantener un ojo en lo que m\u00e1s te importa, incluso en la oscuridad. Su innovador sistema de detecci\u00f3n de personas te env\u00eda notificaciones directas a tu celular, garantizando que siempre est\u00e9s al tanto de cualquier movimiento sospechoso. Con\u00e9ctala f\u00e1cilmente a tu red WiFi y disfruta de la tranquilidad que brinda una vigilancia efectiva las 24 horas del d\u00eda.","robots":{"index":"index","follow":"follow","max-snippet":"max-snippet:-1","max-image-preview":"max-image-preview:large","max-video-preview":"max-video-preview:-1"},"canonical":"https:\/\/disvecol.com.co\/index.php\/producto\/camara-ezviz-h6c-3-mpx\/","og_locale":"es_ES","og_type":"article","og_title":"CAMARA EZVIZ h6c 3 Mpx -","og_description":"La c\u00e1mara WiFi EZVIZ de 3 megap\u00edxeles ofrece una soluci\u00f3n de seguridad inigualable para tu hogar o negocio. Con su capacidad de audio bidireccional y visi\u00f3n nocturna a todo color, puedes mantener un ojo en lo que m\u00e1s te importa, incluso en la oscuridad. Su innovador sistema de detecci\u00f3n de personas te env\u00eda notificaciones directas a tu celular, garantizando que siempre est\u00e9s al tanto de cualquier movimiento sospechoso. Con\u00e9ctala f\u00e1cilmente a tu red WiFi y disfruta de la tranquilidad que brinda una vigilancia efectiva las 24 horas del d\u00eda.","og_url":"https:\/\/disvecol.com.co\/index.php\/producto\/camara-ezviz-h6c-3-mpx\/","article_modified_time":"2026-01-28T16:12:51+00:00","og_image":[{"width":725,"height":718,"url":"https:\/\/disvecol.com.co\/wp-content\/uploads\/2025\/03\/IMG_8789.jpeg","type":"image\/jpeg"}],"twitter_card":"summary_large_image","twitter_misc":{"Tiempo de lectura":"1 minuto"},"schema":{"@context":"https:\/\/schema.org","@graph":[{"@type":"WebPage","@id":"https:\/\/disvecol.com.co\/index.php\/producto\/camara-ezviz-h6c-3-mpx\/","url":"https:\/\/disvecol.com.co\/index.php\/producto\/camara-ezviz-h6c-3-mpx\/","name":"CAMARA EZVIZ h6c 3 Mpx -","isPartOf":{"@id":"https:\/\/disvecol.com.co\/#website"},"primaryImageOfPage":{"@id":"https:\/\/disvecol.com.co\/index.php\/producto\/camara-ezviz-h6c-3-mpx\/#primaryimage"},"image":{"@id":"https:\/\/disvecol.com.co\/index.php\/producto\/camara-ezviz-h6c-3-mpx\/#primaryimage"},"thumbnailUrl":"https:\/\/disvecol.com.co\/wp-content\/uploads\/2025\/03\/IMG_8789.jpeg","datePublished":"2025-03-12T18:55:01+00:00","dateModified":"2026-01-28T16:12:51+00:00","description":"La c\u00e1mara WiFi EZVIZ de 3 megap\u00edxeles ofrece una soluci\u00f3n de seguridad inigualable para tu hogar o negocio. Con su capacidad de audio bidireccional y visi\u00f3n nocturna a todo color, puedes mantener un ojo en lo que m\u00e1s te importa, incluso en la oscuridad. Su innovador sistema de detecci\u00f3n de personas te env\u00eda notificaciones directas a tu celular, garantizando que siempre est\u00e9s al tanto de cualquier movimiento sospechoso. Con\u00e9ctala f\u00e1cilmente a tu red WiFi y disfruta de la tranquilidad que brinda una vigilancia efectiva las 24 horas del d\u00eda.","breadcrumb":{"@id":"https:\/\/disvecol.com.co\/index.php\/producto\/camara-ezviz-h6c-3-mpx\/#breadcrumb"},"inLanguage":"es","potentialAction":[{"@type":"ReadAction","target":["https:\/\/disvecol.com.co\/index.php\/producto\/camara-ezviz-h6c-3-mpx\/"]}]},{"@type":"ImageObject","inLanguage":"es","@id":"https:\/\/disvecol.com.co\/index.php\/producto\/camara-ezviz-h6c-3-mpx\/#primaryimage","url":"https:\/\/disvecol.com.co\/wp-content\/uploads\/2025\/03\/IMG_8789.jpeg","contentUrl":"https:\/\/disvecol.com.co\/wp-content\/uploads\/2025\/03\/IMG_8789.jpeg","width":725,"height":718,"caption":"Ezviz Interior"},{"@type":"BreadcrumbList","@id":"https:\/\/disvecol.com.co\/index.php\/producto\/camara-ezviz-h6c-3-mpx\/#breadcrumb","itemListElement":[{"@type":"ListItem","position":1,"name":"Portada","item":"https:\/\/disvecol.com.co\/"},{"@type":"ListItem","position":2,"name":"Shop","item":"https:\/\/disvecol.com.co\/index.php\/shop\/"},{"@type":"ListItem","position":3,"name":"CAMARA EZVIZ h6c 3 Mpx"}]},{"@type":"WebSite","@id":"https:\/\/disvecol.com.co\/#website","url":"https:\/\/disvecol.com.co\/","name":"Disvecol | camaras de seguridad","description":"C\u00e1maras de seguridad y alarmas ","publisher":{"@id":"https:\/\/disvecol.com.co\/#organization"},"alternateName":"camaras de seguridad Medellin","potentialAction":[{"@type":"SearchAction","target":{"@type":"EntryPoint","urlTemplate":"https:\/\/disvecol.com.co\/?s={search_term_string}"},"query-input":{"@type":"PropertyValueSpecification","valueRequired":true,"valueName":"search_term_string"}}],"inLanguage":"es"},{"@type":"Organization","@id":"https:\/\/disvecol.com.co\/#organization","name":"Disvecol S.a.S","alternateName":"disvecol camaras","url":"https:\/\/disvecol.com.co\/","logo":{"@type":"ImageObject","inLanguage":"es","@id":"https:\/\/disvecol.com.co\/#\/schema\/logo\/image\/","url":"https:\/\/disvecol.com.co\/wp-content\/uploads\/2025\/03\/cropped-cropped-1_20250317_112650_0000.png","contentUrl":"https:\/\/disvecol.com.co\/wp-content\/uploads\/2025\/03\/cropped-cropped-1_20250317_112650_0000.png","width":1077,"height":1077,"caption":"Disvecol S.a.S"},"image":{"@id":"https:\/\/disvecol.com.co\/#\/schema\/logo\/image\/"},"sameAs":["https:\/\/www.instagram.com\/disvecol_camaras"]}]}},"_links":{"self":[{"href":"https:\/\/disvecol.com.co\/index.php\/wp-json\/wp\/v2\/product\/460","targetHints":{"allow":["GET"]}}],"collection":[{"href":"https:\/\/disvecol.com.co\/index.php\/wp-json\/wp\/v2\/product"}],"about":[{"href":"https:\/\/disvecol.com.co\/index.php\/wp-json\/wp\/v2\/types\/product"}],"replies":[{"embeddable":true,"href":"https:\/\/disvecol.com.co\/index.php\/wp-json\/wp\/v2\/comments?post=460"}],"wp:featuredmedia":[{"embeddable":true,"href":"https:\/\/disvecol.com.co\/index.php\/wp-json\/wp\/v2\/media\/461"}],"wp:attachment":[{"href":"https:\/\/disvecol.com.co\/index.php\/wp-json\/wp\/v2\/media?parent=460"}],"wp:term":[{"taxonomy":"product_brand","embeddable":true,"href":"https:\/\/disvecol.com.co\/index.php\/wp-json\/wp\/v2\/product_brand?post=460"},{"taxonomy":"product_cat","embeddable":true,"href":"https:\/\/disvecol.com.co\/index.php\/wp-json\/wp\/v2\/product_cat?post=460"},{"taxonomy":"product_tag","embeddable":true,"href":"https:\/\/disvecol.com.co\/index.php\/wp-json\/wp\/v2\/product_tag?post=460"}],"curies":[{"name":"wp","href":"https:\/\/api.w.org\/{rel}","templated":true}]}}