{"id":463,"date":"2025-03-12T19:03:15","date_gmt":"2025-03-12T19:03:15","guid":{"rendered":"https:\/\/disvecol.com.co\/?post_type=product&#038;p=463"},"modified":"2025-03-12T19:03:15","modified_gmt":"2025-03-12T19:03:15","slug":"camara-tapo-c100","status":"publish","type":"product","link":"https:\/\/disvecol.com.co\/index.php\/producto\/camara-tapo-c100\/","title":{"rendered":"C\u00e1mara tapo c100"},"content":{"rendered":"<p>La C\u00e1mara Tapo C100 es una soluci\u00f3n avanzada para la vigilancia de tu hogar, combinando una calidad de imagen n\u00edtida con la comodidad de la conectividad WiFi. Con su audio bidireccional, puedes no solo ver, sino tambi\u00e9n comunicarte en tiempo real. Su dise\u00f1o compacto y elegante se integra perfectamente en cualquier espacio, mientras que las alertas de movimiento y la grabaci\u00f3n en la nube ofrecen una capa extra de seguridad. Ideal para monitorizar entradas, ventanas o habitaciones, esta c\u00e1mara te da tranquilidad desde tu smartphone, sin complicaciones.<\/p>\n","protected":false},"excerpt":{"rendered":"<p>La C\u00e1mara Tapo C100 es una soluci\u00f3n avanzada para la vigilancia de tu hogar, combinando una calidad de imagen n\u00edtida [&hellip;]<\/p>\n","protected":false},"featured_media":464,"comment_status":"open","ping_status":"closed","template":"","meta":{"site-sidebar-layout":"default","site-content-layout":"","ast-site-content-layout":"default","site-content-style":"default","site-sidebar-style":"default","ast-global-header-display":"","ast-banner-title-visibility":"","ast-main-header-display":"","ast-hfb-above-header-display":"","ast-hfb-below-header-display":"","ast-hfb-mobile-header-display":"","site-post-title":"","ast-breadcrumbs-content":"","ast-featured-img":"","footer-sml-layout":"","ast-disable-related-posts":"","theme-transparent-header-meta":"","adv-header-id-meta":"","stick-header-meta":"","header-above-stick-meta":"","header-main-stick-meta":"","header-below-stick-meta":"","astra-migrate-meta-layouts":"default","ast-page-background-enabled":"default","ast-page-background-meta":{"desktop":{"background-color":"var(--ast-global-color-5)","background-image":"","background-repeat":"repeat","background-position":"center center","background-size":"auto","background-attachment":"scroll","background-type":"","background-media":"","overlay-type":"","overlay-color":"","overlay-opacity":"","overlay-gradient":""},"tablet":{"background-color":"","background-image":"","background-repeat":"repeat","background-position":"center center","background-size":"auto","background-attachment":"scroll","background-type":"","background-media":"","overlay-type":"","overlay-color":"","overlay-opacity":"","overlay-gradient":""},"mobile":{"background-color":"","background-image":"","background-repeat":"repeat","background-position":"center center","background-size":"auto","background-attachment":"scroll","background-type":"","background-media":"","overlay-type":"","overlay-color":"","overlay-opacity":"","overlay-gradient":""}},"ast-content-background-meta":{"desktop":{"background-color":"var(--ast-global-color-4)","background-image":"","background-repeat":"repeat","background-position":"center center","background-size":"auto","background-attachment":"scroll","background-type":"","background-media":"","overlay-type":"","overlay-color":"","overlay-opacity":"","overlay-gradient":""},"tablet":{"background-color":"var(--ast-global-color-4)","background-image":"","background-repeat":"repeat","background-position":"center center","background-size":"auto","background-attachment":"scroll","background-type":"","background-media":"","overlay-type":"","overlay-color":"","overlay-opacity":"","overlay-gradient":""},"mobile":{"background-color":"var(--ast-global-color-4)","background-image":"","background-repeat":"repeat","background-position":"center center","background-size":"auto","background-attachment":"scroll","background-type":"","background-media":"","overlay-type":"","overlay-color":"","overlay-opacity":"","overlay-gradient":""}}},"product_brand":[],"product_cat":[20],"product_tag":[25,42],"class_list":{"0":"post-463","1":"product","2":"type-product","3":"status-publish","4":"has-post-thumbnail","6":"product_cat-sin-categorizar","7":"product_tag-camara-wifi","8":"product_tag-tapo","9":"desktop-align-right","10":"tablet-align-center","11":"mobile-align-left","13":"first","14":"instock","15":"shipping-taxable","16":"purchasable","17":"product-type-simple"},"yoast_head":"<!-- This site is optimized with the Yoast SEO plugin v27.3 - https:\/\/yoast.com\/product\/yoast-seo-wordpress\/ -->\n<title>C\u00e1mara tapo c100 -<\/title>\n<meta name=\"description\" content=\"C\u00e1mara wifi tapo c100 con audio y visi\u00f3n nocturna full color\" \/>\n<meta name=\"robots\" content=\"index, follow, max-snippet:-1, max-image-preview:large, max-video-preview:-1\" \/>\n<link rel=\"canonical\" href=\"https:\/\/disvecol.com.co\/index.php\/producto\/camara-tapo-c100\/\" \/>\n<meta property=\"og:locale\" content=\"es_ES\" \/>\n<meta property=\"og:type\" content=\"article\" \/>\n<meta property=\"og:title\" content=\"C\u00e1mara tapo c100 -\" \/>\n<meta property=\"og:description\" content=\"C\u00e1mara wifi tapo c100 con audio y visi\u00f3n nocturna full color\" \/>\n<meta property=\"og:url\" content=\"https:\/\/disvecol.com.co\/index.php\/producto\/camara-tapo-c100\/\" \/>\n<meta property=\"og:image\" content=\"https:\/\/disvecol.com.co\/wp-content\/uploads\/2025\/03\/IMG_8793.jpeg\" \/>\n\t<meta property=\"og:image:width\" content=\"608\" \/>\n\t<meta property=\"og:image:height\" content=\"600\" \/>\n\t<meta property=\"og:image:type\" content=\"image\/jpeg\" \/>\n<meta name=\"twitter:card\" content=\"summary_large_image\" \/>\n<meta name=\"twitter:label1\" content=\"Tiempo de lectura\" \/>\n\t<meta name=\"twitter:data1\" content=\"1 minuto\" \/>\n<script type=\"application\/ld+json\" class=\"yoast-schema-graph\">{\"@context\":\"https:\\\/\\\/schema.org\",\"@graph\":[{\"@type\":\"WebPage\",\"@id\":\"https:\\\/\\\/disvecol.com.co\\\/index.php\\\/producto\\\/camara-tapo-c100\\\/\",\"url\":\"https:\\\/\\\/disvecol.com.co\\\/index.php\\\/producto\\\/camara-tapo-c100\\\/\",\"name\":\"C\u00e1mara tapo c100 -\",\"isPartOf\":{\"@id\":\"https:\\\/\\\/disvecol.com.co\\\/#website\"},\"primaryImageOfPage\":{\"@id\":\"https:\\\/\\\/disvecol.com.co\\\/index.php\\\/producto\\\/camara-tapo-c100\\\/#primaryimage\"},\"image\":{\"@id\":\"https:\\\/\\\/disvecol.com.co\\\/index.php\\\/producto\\\/camara-tapo-c100\\\/#primaryimage\"},\"thumbnailUrl\":\"https:\\\/\\\/disvecol.com.co\\\/wp-content\\\/uploads\\\/2025\\\/03\\\/IMG_8793.jpeg\",\"datePublished\":\"2025-03-12T19:03:15+00:00\",\"description\":\"C\u00e1mara wifi tapo c100 con audio y visi\u00f3n nocturna full color\",\"breadcrumb\":{\"@id\":\"https:\\\/\\\/disvecol.com.co\\\/index.php\\\/producto\\\/camara-tapo-c100\\\/#breadcrumb\"},\"inLanguage\":\"es\",\"potentialAction\":[{\"@type\":\"ReadAction\",\"target\":[\"https:\\\/\\\/disvecol.com.co\\\/index.php\\\/producto\\\/camara-tapo-c100\\\/\"]}]},{\"@type\":\"ImageObject\",\"inLanguage\":\"es\",\"@id\":\"https:\\\/\\\/disvecol.com.co\\\/index.php\\\/producto\\\/camara-tapo-c100\\\/#primaryimage\",\"url\":\"https:\\\/\\\/disvecol.com.co\\\/wp-content\\\/uploads\\\/2025\\\/03\\\/IMG_8793.jpeg\",\"contentUrl\":\"https:\\\/\\\/disvecol.com.co\\\/wp-content\\\/uploads\\\/2025\\\/03\\\/IMG_8793.jpeg\",\"width\":608,\"height\":600},{\"@type\":\"BreadcrumbList\",\"@id\":\"https:\\\/\\\/disvecol.com.co\\\/index.php\\\/producto\\\/camara-tapo-c100\\\/#breadcrumb\",\"itemListElement\":[{\"@type\":\"ListItem\",\"position\":1,\"name\":\"Portada\",\"item\":\"https:\\\/\\\/disvecol.com.co\\\/\"},{\"@type\":\"ListItem\",\"position\":2,\"name\":\"Shop\",\"item\":\"https:\\\/\\\/disvecol.com.co\\\/index.php\\\/shop\\\/\"},{\"@type\":\"ListItem\",\"position\":3,\"name\":\"C\u00e1mara tapo c100\"}]},{\"@type\":\"WebSite\",\"@id\":\"https:\\\/\\\/disvecol.com.co\\\/#website\",\"url\":\"https:\\\/\\\/disvecol.com.co\\\/\",\"name\":\"Disvecol | camaras de seguridad\",\"description\":\"C\u00e1maras de seguridad y alarmas \",\"publisher\":{\"@id\":\"https:\\\/\\\/disvecol.com.co\\\/#organization\"},\"alternateName\":\"camaras de seguridad Medellin\",\"potentialAction\":[{\"@type\":\"SearchAction\",\"target\":{\"@type\":\"EntryPoint\",\"urlTemplate\":\"https:\\\/\\\/disvecol.com.co\\\/?s={search_term_string}\"},\"query-input\":{\"@type\":\"PropertyValueSpecification\",\"valueRequired\":true,\"valueName\":\"search_term_string\"}}],\"inLanguage\":\"es\"},{\"@type\":\"Organization\",\"@id\":\"https:\\\/\\\/disvecol.com.co\\\/#organization\",\"name\":\"Disvecol S.a.S\",\"alternateName\":\"disvecol camaras\",\"url\":\"https:\\\/\\\/disvecol.com.co\\\/\",\"logo\":{\"@type\":\"ImageObject\",\"inLanguage\":\"es\",\"@id\":\"https:\\\/\\\/disvecol.com.co\\\/#\\\/schema\\\/logo\\\/image\\\/\",\"url\":\"https:\\\/\\\/disvecol.com.co\\\/wp-content\\\/uploads\\\/2025\\\/03\\\/cropped-cropped-1_20250317_112650_0000.png\",\"contentUrl\":\"https:\\\/\\\/disvecol.com.co\\\/wp-content\\\/uploads\\\/2025\\\/03\\\/cropped-cropped-1_20250317_112650_0000.png\",\"width\":1077,\"height\":1077,\"caption\":\"Disvecol S.a.S\"},\"image\":{\"@id\":\"https:\\\/\\\/disvecol.com.co\\\/#\\\/schema\\\/logo\\\/image\\\/\"},\"sameAs\":[\"https:\\\/\\\/www.instagram.com\\\/disvecol_camaras\"]}]}<\/script>\n<!-- \/ Yoast SEO plugin. -->","yoast_head_json":{"title":"C\u00e1mara tapo c100 -","description":"C\u00e1mara wifi tapo c100 con audio y visi\u00f3n nocturna full color","robots":{"index":"index","follow":"follow","max-snippet":"max-snippet:-1","max-image-preview":"max-image-preview:large","max-video-preview":"max-video-preview:-1"},"canonical":"https:\/\/disvecol.com.co\/index.php\/producto\/camara-tapo-c100\/","og_locale":"es_ES","og_type":"article","og_title":"C\u00e1mara tapo c100 -","og_description":"C\u00e1mara wifi tapo c100 con audio y visi\u00f3n nocturna full color","og_url":"https:\/\/disvecol.com.co\/index.php\/producto\/camara-tapo-c100\/","og_image":[{"width":608,"height":600,"url":"https:\/\/disvecol.com.co\/wp-content\/uploads\/2025\/03\/IMG_8793.jpeg","type":"image\/jpeg"}],"twitter_card":"summary_large_image","twitter_misc":{"Tiempo de lectura":"1 minuto"},"schema":{"@context":"https:\/\/schema.org","@graph":[{"@type":"WebPage","@id":"https:\/\/disvecol.com.co\/index.php\/producto\/camara-tapo-c100\/","url":"https:\/\/disvecol.com.co\/index.php\/producto\/camara-tapo-c100\/","name":"C\u00e1mara tapo c100 -","isPartOf":{"@id":"https:\/\/disvecol.com.co\/#website"},"primaryImageOfPage":{"@id":"https:\/\/disvecol.com.co\/index.php\/producto\/camara-tapo-c100\/#primaryimage"},"image":{"@id":"https:\/\/disvecol.com.co\/index.php\/producto\/camara-tapo-c100\/#primaryimage"},"thumbnailUrl":"https:\/\/disvecol.com.co\/wp-content\/uploads\/2025\/03\/IMG_8793.jpeg","datePublished":"2025-03-12T19:03:15+00:00","description":"C\u00e1mara wifi tapo c100 con audio y visi\u00f3n nocturna full color","breadcrumb":{"@id":"https:\/\/disvecol.com.co\/index.php\/producto\/camara-tapo-c100\/#breadcrumb"},"inLanguage":"es","potentialAction":[{"@type":"ReadAction","target":["https:\/\/disvecol.com.co\/index.php\/producto\/camara-tapo-c100\/"]}]},{"@type":"ImageObject","inLanguage":"es","@id":"https:\/\/disvecol.com.co\/index.php\/producto\/camara-tapo-c100\/#primaryimage","url":"https:\/\/disvecol.com.co\/wp-content\/uploads\/2025\/03\/IMG_8793.jpeg","contentUrl":"https:\/\/disvecol.com.co\/wp-content\/uploads\/2025\/03\/IMG_8793.jpeg","width":608,"height":600},{"@type":"BreadcrumbList","@id":"https:\/\/disvecol.com.co\/index.php\/producto\/camara-tapo-c100\/#breadcrumb","itemListElement":[{"@type":"ListItem","position":1,"name":"Portada","item":"https:\/\/disvecol.com.co\/"},{"@type":"ListItem","position":2,"name":"Shop","item":"https:\/\/disvecol.com.co\/index.php\/shop\/"},{"@type":"ListItem","position":3,"name":"C\u00e1mara tapo c100"}]},{"@type":"WebSite","@id":"https:\/\/disvecol.com.co\/#website","url":"https:\/\/disvecol.com.co\/","name":"Disvecol | camaras de seguridad","description":"C\u00e1maras de seguridad y alarmas ","publisher":{"@id":"https:\/\/disvecol.com.co\/#organization"},"alternateName":"camaras de seguridad Medellin","potentialAction":[{"@type":"SearchAction","target":{"@type":"EntryPoint","urlTemplate":"https:\/\/disvecol.com.co\/?s={search_term_string}"},"query-input":{"@type":"PropertyValueSpecification","valueRequired":true,"valueName":"search_term_string"}}],"inLanguage":"es"},{"@type":"Organization","@id":"https:\/\/disvecol.com.co\/#organization","name":"Disvecol S.a.S","alternateName":"disvecol camaras","url":"https:\/\/disvecol.com.co\/","logo":{"@type":"ImageObject","inLanguage":"es","@id":"https:\/\/disvecol.com.co\/#\/schema\/logo\/image\/","url":"https:\/\/disvecol.com.co\/wp-content\/uploads\/2025\/03\/cropped-cropped-1_20250317_112650_0000.png","contentUrl":"https:\/\/disvecol.com.co\/wp-content\/uploads\/2025\/03\/cropped-cropped-1_20250317_112650_0000.png","width":1077,"height":1077,"caption":"Disvecol S.a.S"},"image":{"@id":"https:\/\/disvecol.com.co\/#\/schema\/logo\/image\/"},"sameAs":["https:\/\/www.instagram.com\/disvecol_camaras"]}]}},"_links":{"self":[{"href":"https:\/\/disvecol.com.co\/index.php\/wp-json\/wp\/v2\/product\/463","targetHints":{"allow":["GET"]}}],"collection":[{"href":"https:\/\/disvecol.com.co\/index.php\/wp-json\/wp\/v2\/product"}],"about":[{"href":"https:\/\/disvecol.com.co\/index.php\/wp-json\/wp\/v2\/types\/product"}],"replies":[{"embeddable":true,"href":"https:\/\/disvecol.com.co\/index.php\/wp-json\/wp\/v2\/comments?post=463"}],"wp:featuredmedia":[{"embeddable":true,"href":"https:\/\/disvecol.com.co\/index.php\/wp-json\/wp\/v2\/media\/464"}],"wp:attachment":[{"href":"https:\/\/disvecol.com.co\/index.php\/wp-json\/wp\/v2\/media?parent=463"}],"wp:term":[{"taxonomy":"product_brand","embeddable":true,"href":"https:\/\/disvecol.com.co\/index.php\/wp-json\/wp\/v2\/product_brand?post=463"},{"taxonomy":"product_cat","embeddable":true,"href":"https:\/\/disvecol.com.co\/index.php\/wp-json\/wp\/v2\/product_cat?post=463"},{"taxonomy":"product_tag","embeddable":true,"href":"https:\/\/disvecol.com.co\/index.php\/wp-json\/wp\/v2\/product_tag?post=463"}],"curies":[{"name":"wp","href":"https:\/\/api.w.org\/{rel}","templated":true}]}}