{"id":506,"date":"2025-03-28T05:00:57","date_gmt":"2025-03-28T05:00:57","guid":{"rendered":"https:\/\/disvecol.com.co\/?post_type=product&#038;p=506"},"modified":"2025-03-28T05:00:57","modified_gmt":"2025-03-28T05:00:57","slug":"camara-doble-lente-h90","status":"publish","type":"product","link":"https:\/\/disvecol.com.co\/index.php\/producto\/camara-doble-lente-h90\/","title":{"rendered":"C\u00e1mara doble lente H90"},"content":{"rendered":"<p>La C\u00e1mara WiFi 4K EZVIZ es la soluci\u00f3n perfecta para mantener tu hogar seguro y vigilado en todo momento. Con una calidad de imagen impresionante de 4K, puedes capturar cada detalle con una claridad excepcional. Equipado con conectividad WiFi, te permite acceder a las transmisiones en vivo desde tu dispositivo m\u00f3vil, asegurando que siempre est\u00e9s al tanto de lo que<\/p>\n","protected":false},"excerpt":{"rendered":"<p>La C\u00e1mara WiFi 4K EZVIZ es la soluci\u00f3n perfecta para mantener tu hogar seguro y vigilado en todo momento. Con [&hellip;]<\/p>\n","protected":false},"featured_media":509,"comment_status":"open","ping_status":"closed","template":"","meta":{"site-sidebar-layout":"default","site-content-layout":"","ast-site-content-layout":"default","site-content-style":"default","site-sidebar-style":"default","ast-global-header-display":"","ast-banner-title-visibility":"","ast-main-header-display":"","ast-hfb-above-header-display":"","ast-hfb-below-header-display":"","ast-hfb-mobile-header-display":"","site-post-title":"","ast-breadcrumbs-content":"","ast-featured-img":"","footer-sml-layout":"","ast-disable-related-posts":"","theme-transparent-header-meta":"","adv-header-id-meta":"","stick-header-meta":"","header-above-stick-meta":"","header-main-stick-meta":"","header-below-stick-meta":"","astra-migrate-meta-layouts":"default","ast-page-background-enabled":"default","ast-page-background-meta":{"desktop":{"background-color":"var(--ast-global-color-5)","background-image":"","background-repeat":"repeat","background-position":"center center","background-size":"auto","background-attachment":"scroll","background-type":"","background-media":"","overlay-type":"","overlay-color":"","overlay-opacity":"","overlay-gradient":""},"tablet":{"background-color":"","background-image":"","background-repeat":"repeat","background-position":"center center","background-size":"auto","background-attachment":"scroll","background-type":"","background-media":"","overlay-type":"","overlay-color":"","overlay-opacity":"","overlay-gradient":""},"mobile":{"background-color":"","background-image":"","background-repeat":"repeat","background-position":"center center","background-size":"auto","background-attachment":"scroll","background-type":"","background-media":"","overlay-type":"","overlay-color":"","overlay-opacity":"","overlay-gradient":""}},"ast-content-background-meta":{"desktop":{"background-color":"var(--ast-global-color-4)","background-image":"","background-repeat":"repeat","background-position":"center center","background-size":"auto","background-attachment":"scroll","background-type":"","background-media":"","overlay-type":"","overlay-color":"","overlay-opacity":"","overlay-gradient":""},"tablet":{"background-color":"var(--ast-global-color-4)","background-image":"","background-repeat":"repeat","background-position":"center center","background-size":"auto","background-attachment":"scroll","background-type":"","background-media":"","overlay-type":"","overlay-color":"","overlay-opacity":"","overlay-gradient":""},"mobile":{"background-color":"var(--ast-global-color-4)","background-image":"","background-repeat":"repeat","background-position":"center center","background-size":"auto","background-attachment":"scroll","background-type":"","background-media":"","overlay-type":"","overlay-color":"","overlay-opacity":"","overlay-gradient":""}}},"product_brand":[],"product_cat":[44,21],"product_tag":[43,27,25],"class_list":{"0":"post-506","1":"product","2":"type-product","3":"status-publish","4":"has-post-thumbnail","6":"product_cat-camaras-para-el-hogar","7":"product_cat-camaras-wifi-ezviz","8":"product_tag-camara-exterior","9":"product_tag-camara-ezviz","10":"product_tag-camara-wifi","11":"desktop-align-right","12":"tablet-align-center","13":"mobile-align-left","15":"first","16":"instock","17":"shipping-taxable","18":"product-type-simple"},"yoast_head":"<!-- This site is optimized with the Yoast SEO plugin v27.3 - https:\/\/yoast.com\/product\/yoast-seo-wordpress\/ -->\n<title>C\u00e1mara doble lente H90 -<\/title>\n<meta name=\"description\" content=\"C\u00e1mara wifi doble lente resoluci\u00f3n 2k+ ideal para espacios exteriores c\u00e1mara con giro 360 grados\" \/>\n<meta name=\"robots\" content=\"index, follow, max-snippet:-1, max-image-preview:large, max-video-preview:-1\" \/>\n<link rel=\"canonical\" href=\"https:\/\/disvecol.com.co\/index.php\/producto\/camara-doble-lente-h90\/\" \/>\n<meta property=\"og:locale\" content=\"es_ES\" \/>\n<meta property=\"og:type\" content=\"article\" \/>\n<meta property=\"og:title\" content=\"C\u00e1mara doble lente H90 -\" \/>\n<meta property=\"og:description\" content=\"C\u00e1mara wifi doble lente resoluci\u00f3n 2k+ ideal para espacios exteriores c\u00e1mara con giro 360 grados\" \/>\n<meta property=\"og:url\" content=\"https:\/\/disvecol.com.co\/index.php\/producto\/camara-doble-lente-h90\/\" \/>\n<meta property=\"og:image\" content=\"https:\/\/disvecol.com.co\/wp-content\/uploads\/2025\/03\/IMG_9510.jpeg\" \/>\n\t<meta property=\"og:image:width\" content=\"1170\" \/>\n\t<meta property=\"og:image:height\" content=\"1159\" \/>\n\t<meta property=\"og:image:type\" content=\"image\/jpeg\" \/>\n<meta name=\"twitter:card\" content=\"summary_large_image\" \/>\n<meta name=\"twitter:label1\" content=\"Tiempo de lectura\" \/>\n\t<meta name=\"twitter:data1\" content=\"1 minuto\" \/>\n<script type=\"application\/ld+json\" class=\"yoast-schema-graph\">{\"@context\":\"https:\\\/\\\/schema.org\",\"@graph\":[{\"@type\":\"WebPage\",\"@id\":\"https:\\\/\\\/disvecol.com.co\\\/index.php\\\/producto\\\/camara-doble-lente-h90\\\/\",\"url\":\"https:\\\/\\\/disvecol.com.co\\\/index.php\\\/producto\\\/camara-doble-lente-h90\\\/\",\"name\":\"C\u00e1mara doble lente H90 -\",\"isPartOf\":{\"@id\":\"https:\\\/\\\/disvecol.com.co\\\/#website\"},\"primaryImageOfPage\":{\"@id\":\"https:\\\/\\\/disvecol.com.co\\\/index.php\\\/producto\\\/camara-doble-lente-h90\\\/#primaryimage\"},\"image\":{\"@id\":\"https:\\\/\\\/disvecol.com.co\\\/index.php\\\/producto\\\/camara-doble-lente-h90\\\/#primaryimage\"},\"thumbnailUrl\":\"https:\\\/\\\/disvecol.com.co\\\/wp-content\\\/uploads\\\/2025\\\/03\\\/IMG_9510.jpeg\",\"datePublished\":\"2025-03-28T05:00:57+00:00\",\"description\":\"C\u00e1mara wifi doble lente resoluci\u00f3n 2k+ ideal para espacios exteriores c\u00e1mara con giro 360 grados\",\"breadcrumb\":{\"@id\":\"https:\\\/\\\/disvecol.com.co\\\/index.php\\\/producto\\\/camara-doble-lente-h90\\\/#breadcrumb\"},\"inLanguage\":\"es\",\"potentialAction\":[{\"@type\":\"ReadAction\",\"target\":[\"https:\\\/\\\/disvecol.com.co\\\/index.php\\\/producto\\\/camara-doble-lente-h90\\\/\"]}]},{\"@type\":\"ImageObject\",\"inLanguage\":\"es\",\"@id\":\"https:\\\/\\\/disvecol.com.co\\\/index.php\\\/producto\\\/camara-doble-lente-h90\\\/#primaryimage\",\"url\":\"https:\\\/\\\/disvecol.com.co\\\/wp-content\\\/uploads\\\/2025\\\/03\\\/IMG_9510.jpeg\",\"contentUrl\":\"https:\\\/\\\/disvecol.com.co\\\/wp-content\\\/uploads\\\/2025\\\/03\\\/IMG_9510.jpeg\",\"width\":1170,\"height\":1159},{\"@type\":\"BreadcrumbList\",\"@id\":\"https:\\\/\\\/disvecol.com.co\\\/index.php\\\/producto\\\/camara-doble-lente-h90\\\/#breadcrumb\",\"itemListElement\":[{\"@type\":\"ListItem\",\"position\":1,\"name\":\"Portada\",\"item\":\"https:\\\/\\\/disvecol.com.co\\\/\"},{\"@type\":\"ListItem\",\"position\":2,\"name\":\"Shop\",\"item\":\"https:\\\/\\\/disvecol.com.co\\\/index.php\\\/shop\\\/\"},{\"@type\":\"ListItem\",\"position\":3,\"name\":\"C\u00e1mara doble lente H90\"}]},{\"@type\":\"WebSite\",\"@id\":\"https:\\\/\\\/disvecol.com.co\\\/#website\",\"url\":\"https:\\\/\\\/disvecol.com.co\\\/\",\"name\":\"Disvecol | camaras de seguridad\",\"description\":\"C\u00e1maras de seguridad y alarmas \",\"publisher\":{\"@id\":\"https:\\\/\\\/disvecol.com.co\\\/#organization\"},\"alternateName\":\"camaras de seguridad Medellin\",\"potentialAction\":[{\"@type\":\"SearchAction\",\"target\":{\"@type\":\"EntryPoint\",\"urlTemplate\":\"https:\\\/\\\/disvecol.com.co\\\/?s={search_term_string}\"},\"query-input\":{\"@type\":\"PropertyValueSpecification\",\"valueRequired\":true,\"valueName\":\"search_term_string\"}}],\"inLanguage\":\"es\"},{\"@type\":\"Organization\",\"@id\":\"https:\\\/\\\/disvecol.com.co\\\/#organization\",\"name\":\"Disvecol S.a.S\",\"alternateName\":\"disvecol camaras\",\"url\":\"https:\\\/\\\/disvecol.com.co\\\/\",\"logo\":{\"@type\":\"ImageObject\",\"inLanguage\":\"es\",\"@id\":\"https:\\\/\\\/disvecol.com.co\\\/#\\\/schema\\\/logo\\\/image\\\/\",\"url\":\"https:\\\/\\\/disvecol.com.co\\\/wp-content\\\/uploads\\\/2025\\\/03\\\/cropped-cropped-1_20250317_112650_0000.png\",\"contentUrl\":\"https:\\\/\\\/disvecol.com.co\\\/wp-content\\\/uploads\\\/2025\\\/03\\\/cropped-cropped-1_20250317_112650_0000.png\",\"width\":1077,\"height\":1077,\"caption\":\"Disvecol S.a.S\"},\"image\":{\"@id\":\"https:\\\/\\\/disvecol.com.co\\\/#\\\/schema\\\/logo\\\/image\\\/\"},\"sameAs\":[\"https:\\\/\\\/www.instagram.com\\\/disvecol_camaras\"]}]}<\/script>\n<!-- \/ Yoast SEO plugin. -->","yoast_head_json":{"title":"C\u00e1mara doble lente H90 -","description":"C\u00e1mara wifi doble lente resoluci\u00f3n 2k+ ideal para espacios exteriores c\u00e1mara con giro 360 grados","robots":{"index":"index","follow":"follow","max-snippet":"max-snippet:-1","max-image-preview":"max-image-preview:large","max-video-preview":"max-video-preview:-1"},"canonical":"https:\/\/disvecol.com.co\/index.php\/producto\/camara-doble-lente-h90\/","og_locale":"es_ES","og_type":"article","og_title":"C\u00e1mara doble lente H90 -","og_description":"C\u00e1mara wifi doble lente resoluci\u00f3n 2k+ ideal para espacios exteriores c\u00e1mara con giro 360 grados","og_url":"https:\/\/disvecol.com.co\/index.php\/producto\/camara-doble-lente-h90\/","og_image":[{"width":1170,"height":1159,"url":"https:\/\/disvecol.com.co\/wp-content\/uploads\/2025\/03\/IMG_9510.jpeg","type":"image\/jpeg"}],"twitter_card":"summary_large_image","twitter_misc":{"Tiempo de lectura":"1 minuto"},"schema":{"@context":"https:\/\/schema.org","@graph":[{"@type":"WebPage","@id":"https:\/\/disvecol.com.co\/index.php\/producto\/camara-doble-lente-h90\/","url":"https:\/\/disvecol.com.co\/index.php\/producto\/camara-doble-lente-h90\/","name":"C\u00e1mara doble lente H90 -","isPartOf":{"@id":"https:\/\/disvecol.com.co\/#website"},"primaryImageOfPage":{"@id":"https:\/\/disvecol.com.co\/index.php\/producto\/camara-doble-lente-h90\/#primaryimage"},"image":{"@id":"https:\/\/disvecol.com.co\/index.php\/producto\/camara-doble-lente-h90\/#primaryimage"},"thumbnailUrl":"https:\/\/disvecol.com.co\/wp-content\/uploads\/2025\/03\/IMG_9510.jpeg","datePublished":"2025-03-28T05:00:57+00:00","description":"C\u00e1mara wifi doble lente resoluci\u00f3n 2k+ ideal para espacios exteriores c\u00e1mara con giro 360 grados","breadcrumb":{"@id":"https:\/\/disvecol.com.co\/index.php\/producto\/camara-doble-lente-h90\/#breadcrumb"},"inLanguage":"es","potentialAction":[{"@type":"ReadAction","target":["https:\/\/disvecol.com.co\/index.php\/producto\/camara-doble-lente-h90\/"]}]},{"@type":"ImageObject","inLanguage":"es","@id":"https:\/\/disvecol.com.co\/index.php\/producto\/camara-doble-lente-h90\/#primaryimage","url":"https:\/\/disvecol.com.co\/wp-content\/uploads\/2025\/03\/IMG_9510.jpeg","contentUrl":"https:\/\/disvecol.com.co\/wp-content\/uploads\/2025\/03\/IMG_9510.jpeg","width":1170,"height":1159},{"@type":"BreadcrumbList","@id":"https:\/\/disvecol.com.co\/index.php\/producto\/camara-doble-lente-h90\/#breadcrumb","itemListElement":[{"@type":"ListItem","position":1,"name":"Portada","item":"https:\/\/disvecol.com.co\/"},{"@type":"ListItem","position":2,"name":"Shop","item":"https:\/\/disvecol.com.co\/index.php\/shop\/"},{"@type":"ListItem","position":3,"name":"C\u00e1mara doble lente H90"}]},{"@type":"WebSite","@id":"https:\/\/disvecol.com.co\/#website","url":"https:\/\/disvecol.com.co\/","name":"Disvecol | camaras de seguridad","description":"C\u00e1maras de seguridad y alarmas ","publisher":{"@id":"https:\/\/disvecol.com.co\/#organization"},"alternateName":"camaras de seguridad Medellin","potentialAction":[{"@type":"SearchAction","target":{"@type":"EntryPoint","urlTemplate":"https:\/\/disvecol.com.co\/?s={search_term_string}"},"query-input":{"@type":"PropertyValueSpecification","valueRequired":true,"valueName":"search_term_string"}}],"inLanguage":"es"},{"@type":"Organization","@id":"https:\/\/disvecol.com.co\/#organization","name":"Disvecol S.a.S","alternateName":"disvecol camaras","url":"https:\/\/disvecol.com.co\/","logo":{"@type":"ImageObject","inLanguage":"es","@id":"https:\/\/disvecol.com.co\/#\/schema\/logo\/image\/","url":"https:\/\/disvecol.com.co\/wp-content\/uploads\/2025\/03\/cropped-cropped-1_20250317_112650_0000.png","contentUrl":"https:\/\/disvecol.com.co\/wp-content\/uploads\/2025\/03\/cropped-cropped-1_20250317_112650_0000.png","width":1077,"height":1077,"caption":"Disvecol S.a.S"},"image":{"@id":"https:\/\/disvecol.com.co\/#\/schema\/logo\/image\/"},"sameAs":["https:\/\/www.instagram.com\/disvecol_camaras"]}]}},"_links":{"self":[{"href":"https:\/\/disvecol.com.co\/index.php\/wp-json\/wp\/v2\/product\/506","targetHints":{"allow":["GET"]}}],"collection":[{"href":"https:\/\/disvecol.com.co\/index.php\/wp-json\/wp\/v2\/product"}],"about":[{"href":"https:\/\/disvecol.com.co\/index.php\/wp-json\/wp\/v2\/types\/product"}],"replies":[{"embeddable":true,"href":"https:\/\/disvecol.com.co\/index.php\/wp-json\/wp\/v2\/comments?post=506"}],"wp:featuredmedia":[{"embeddable":true,"href":"https:\/\/disvecol.com.co\/index.php\/wp-json\/wp\/v2\/media\/509"}],"wp:attachment":[{"href":"https:\/\/disvecol.com.co\/index.php\/wp-json\/wp\/v2\/media?parent=506"}],"wp:term":[{"taxonomy":"product_brand","embeddable":true,"href":"https:\/\/disvecol.com.co\/index.php\/wp-json\/wp\/v2\/product_brand?post=506"},{"taxonomy":"product_cat","embeddable":true,"href":"https:\/\/disvecol.com.co\/index.php\/wp-json\/wp\/v2\/product_cat?post=506"},{"taxonomy":"product_tag","embeddable":true,"href":"https:\/\/disvecol.com.co\/index.php\/wp-json\/wp\/v2\/product_tag?post=506"}],"curies":[{"name":"wp","href":"https:\/\/api.w.org\/{rel}","templated":true}]}}