{"id":556,"date":"2025-05-22T02:50:08","date_gmt":"2025-05-22T02:50:08","guid":{"rendered":"https:\/\/disvecol.com.co\/?post_type=product&#038;p=556"},"modified":"2025-05-22T03:48:34","modified_gmt":"2025-05-22T03:48:34","slug":"camara-hilook-tipo-bala","status":"publish","type":"product","link":"https:\/\/disvecol.com.co\/index.php\/producto\/camara-hilook-tipo-bala\/","title":{"rendered":"Camara hilook tipo bala"},"content":{"rendered":"<h2>Calidad de Imagen Superior<\/h2>\n<p>La C\u00e1mara Hilook Tipo Bala 1080 ofrece una calidad de imagen inigualable gracias a su resoluci\u00f3n de 1080p, asegurando que cada detalle sea capturado con claridad. Con su lente avanzada, esta c\u00e1mara permite obtener im\u00e1genes n\u00edtidas tanto de d\u00eda como de noche, gracias a su tecnolog\u00eda de visi\u00f3n nocturna. Esto significa que puedes monitorear tu hogar o negocio en cualquier momento, sin comprometer la calidad.<\/p>\n<h2>Dise\u00f1o Resistente y Funcional<\/h2>\n<p>Construida para resistir las condiciones m\u00e1s adversas, la C\u00e1mara Hilook Tipo Bala cuenta con un dise\u00f1o robusto y resistente al agua, ideal para su instalaci\u00f3n tanto en interiores como exteriores. Su dise\u00f1o tipo bala no solo brinda un aspecto moderno, sino que tambi\u00e9n facilita su ajuste en diversas ubicaciones, manteniendo una est\u00e9tica elegante mientras asegura la vigilancia efectiva de tus espacios.<\/p>\n<h2>Instalaci\u00f3n Sencilla y Eficaz<\/h2>\n<p>La instalaci\u00f3n de la C\u00e1mara Hilook Tipo Bala 1080 es r\u00e1pida y sencilla, permitiendo que los usuarios la configuren sin complicaciones. Equipado con un sistema de conectividad eficiente, puedes integrarla a tu sistema de seguridad existente y comenzar a monitorear inmediatamente. Su compatibilidad con smartphones y dispositivos de monitoreo hace que puedas estar al tanto de lo que sucede en tu hogar o empresa, est\u00e9s donde est\u00e9s.<\/p>\n<p>El rendimiento confiable de esta c\u00e1mara, junto a su relaci\u00f3n calidad-precio, la convierte en una opci\u00f3n excelente para quienes buscan seguridad sin comprometer la eficacia. La C\u00e1mara Hilook Tipo Bala 1080 no solo proporciona protecci\u00f3n, sino que se convierte en un aliado indispensable en la seguridad de tus espacios. Ya sea para uso personal o empresarial, esta c\u00e1mara es la soluci\u00f3n ideal para mantener la tranquilidad que necesitas.<\/p>\n","protected":false},"excerpt":{"rendered":"<p>Calidad de Imagen Superior La C\u00e1mara Hilook Tipo Bala 1080 ofrece una calidad de imagen inigualable gracias a su resoluci\u00f3n [&hellip;]<\/p>\n","protected":false},"featured_media":557,"comment_status":"open","ping_status":"closed","template":"","meta":{"site-sidebar-layout":"default","site-content-layout":"","ast-site-content-layout":"default","site-content-style":"default","site-sidebar-style":"default","ast-global-header-display":"","ast-banner-title-visibility":"","ast-main-header-display":"","ast-hfb-above-header-display":"","ast-hfb-below-header-display":"","ast-hfb-mobile-header-display":"","site-post-title":"","ast-breadcrumbs-content":"","ast-featured-img":"","footer-sml-layout":"","ast-disable-related-posts":"","theme-transparent-header-meta":"","adv-header-id-meta":"","stick-header-meta":"","header-above-stick-meta":"","header-main-stick-meta":"","header-below-stick-meta":"","astra-migrate-meta-layouts":"default","ast-page-background-enabled":"default","ast-page-background-meta":{"desktop":{"background-color":"var(--ast-global-color-5)","background-image":"","background-repeat":"repeat","background-position":"center center","background-size":"auto","background-attachment":"scroll","background-type":"","background-media":"","overlay-type":"","overlay-color":"","overlay-opacity":"","overlay-gradient":""},"tablet":{"background-color":"","background-image":"","background-repeat":"repeat","background-position":"center center","background-size":"auto","background-attachment":"scroll","background-type":"","background-media":"","overlay-type":"","overlay-color":"","overlay-opacity":"","overlay-gradient":""},"mobile":{"background-color":"","background-image":"","background-repeat":"repeat","background-position":"center center","background-size":"auto","background-attachment":"scroll","background-type":"","background-media":"","overlay-type":"","overlay-color":"","overlay-opacity":"","overlay-gradient":""}},"ast-content-background-meta":{"desktop":{"background-color":"var(--ast-global-color-4)","background-image":"","background-repeat":"repeat","background-position":"center center","background-size":"auto","background-attachment":"scroll","background-type":"","background-media":"","overlay-type":"","overlay-color":"","overlay-opacity":"","overlay-gradient":""},"tablet":{"background-color":"var(--ast-global-color-4)","background-image":"","background-repeat":"repeat","background-position":"center center","background-size":"auto","background-attachment":"scroll","background-type":"","background-media":"","overlay-type":"","overlay-color":"","overlay-opacity":"","overlay-gradient":""},"mobile":{"background-color":"var(--ast-global-color-4)","background-image":"","background-repeat":"repeat","background-position":"center center","background-size":"auto","background-attachment":"scroll","background-type":"","background-media":"","overlay-type":"","overlay-color":"","overlay-opacity":"","overlay-gradient":""}}},"product_brand":[51],"product_cat":[22],"product_tag":[54],"class_list":{"0":"post-556","1":"product","2":"type-product","3":"status-publish","4":"has-post-thumbnail","6":"product_brand-hikvision","7":"product_cat-dvr-precios","8":"product_tag-camara-hilook","9":"desktop-align-right","10":"tablet-align-center","11":"mobile-align-left","13":"first","14":"instock","15":"shipping-taxable","16":"purchasable","17":"product-type-simple"},"yoast_head":"<!-- This site is optimized with the Yoast SEO plugin v27.3 - https:\/\/yoast.com\/product\/yoast-seo-wordpress\/ -->\n<title>Camara hilook tipo bala -<\/title>\n<meta name=\"robots\" content=\"index, follow, max-snippet:-1, max-image-preview:large, max-video-preview:-1\" \/>\n<link rel=\"canonical\" href=\"https:\/\/disvecol.com.co\/index.php\/producto\/camara-hilook-tipo-bala\/\" \/>\n<meta property=\"og:locale\" content=\"es_ES\" \/>\n<meta property=\"og:type\" content=\"article\" \/>\n<meta property=\"og:title\" content=\"Camara hilook tipo bala -\" \/>\n<meta property=\"og:description\" content=\"Calidad de Imagen Superior La C\u00e1mara Hilook Tipo Bala 1080 ofrece una calidad de imagen inigualable gracias a su resoluci\u00f3n [&hellip;]\" \/>\n<meta property=\"og:url\" content=\"https:\/\/disvecol.com.co\/index.php\/producto\/camara-hilook-tipo-bala\/\" \/>\n<meta property=\"article:modified_time\" content=\"2025-05-22T03:48:34+00:00\" \/>\n<meta property=\"og:image\" content=\"https:\/\/disvecol.com.co\/wp-content\/uploads\/2025\/05\/D_637460-MLU72745594396_112023-O.jpg\" \/>\n\t<meta property=\"og:image:width\" content=\"500\" \/>\n\t<meta property=\"og:image:height\" content=\"486\" \/>\n\t<meta property=\"og:image:type\" content=\"image\/jpeg\" \/>\n<meta name=\"twitter:card\" content=\"summary_large_image\" \/>\n<meta name=\"twitter:label1\" content=\"Tiempo de lectura\" \/>\n\t<meta name=\"twitter:data1\" content=\"2 minutos\" \/>\n<script type=\"application\/ld+json\" class=\"yoast-schema-graph\">{\"@context\":\"https:\\\/\\\/schema.org\",\"@graph\":[{\"@type\":\"WebPage\",\"@id\":\"https:\\\/\\\/disvecol.com.co\\\/index.php\\\/producto\\\/camara-hilook-tipo-bala\\\/\",\"url\":\"https:\\\/\\\/disvecol.com.co\\\/index.php\\\/producto\\\/camara-hilook-tipo-bala\\\/\",\"name\":\"Camara hilook tipo bala -\",\"isPartOf\":{\"@id\":\"https:\\\/\\\/disvecol.com.co\\\/#website\"},\"primaryImageOfPage\":{\"@id\":\"https:\\\/\\\/disvecol.com.co\\\/index.php\\\/producto\\\/camara-hilook-tipo-bala\\\/#primaryimage\"},\"image\":{\"@id\":\"https:\\\/\\\/disvecol.com.co\\\/index.php\\\/producto\\\/camara-hilook-tipo-bala\\\/#primaryimage\"},\"thumbnailUrl\":\"https:\\\/\\\/disvecol.com.co\\\/wp-content\\\/uploads\\\/2025\\\/05\\\/D_637460-MLU72745594396_112023-O.jpg\",\"datePublished\":\"2025-05-22T02:50:08+00:00\",\"dateModified\":\"2025-05-22T03:48:34+00:00\",\"breadcrumb\":{\"@id\":\"https:\\\/\\\/disvecol.com.co\\\/index.php\\\/producto\\\/camara-hilook-tipo-bala\\\/#breadcrumb\"},\"inLanguage\":\"es\",\"potentialAction\":[{\"@type\":\"ReadAction\",\"target\":[\"https:\\\/\\\/disvecol.com.co\\\/index.php\\\/producto\\\/camara-hilook-tipo-bala\\\/\"]}]},{\"@type\":\"ImageObject\",\"inLanguage\":\"es\",\"@id\":\"https:\\\/\\\/disvecol.com.co\\\/index.php\\\/producto\\\/camara-hilook-tipo-bala\\\/#primaryimage\",\"url\":\"https:\\\/\\\/disvecol.com.co\\\/wp-content\\\/uploads\\\/2025\\\/05\\\/D_637460-MLU72745594396_112023-O.jpg\",\"contentUrl\":\"https:\\\/\\\/disvecol.com.co\\\/wp-content\\\/uploads\\\/2025\\\/05\\\/D_637460-MLU72745594396_112023-O.jpg\",\"width\":500,\"height\":486,\"caption\":\"CAMARA TIPO BALA PLASTICA 1080\"},{\"@type\":\"BreadcrumbList\",\"@id\":\"https:\\\/\\\/disvecol.com.co\\\/index.php\\\/producto\\\/camara-hilook-tipo-bala\\\/#breadcrumb\",\"itemListElement\":[{\"@type\":\"ListItem\",\"position\":1,\"name\":\"Portada\",\"item\":\"https:\\\/\\\/disvecol.com.co\\\/\"},{\"@type\":\"ListItem\",\"position\":2,\"name\":\"Shop\",\"item\":\"https:\\\/\\\/disvecol.com.co\\\/index.php\\\/shop\\\/\"},{\"@type\":\"ListItem\",\"position\":3,\"name\":\"Camara hilook tipo bala\"}]},{\"@type\":\"WebSite\",\"@id\":\"https:\\\/\\\/disvecol.com.co\\\/#website\",\"url\":\"https:\\\/\\\/disvecol.com.co\\\/\",\"name\":\"Disvecol | camaras de seguridad\",\"description\":\"C\u00e1maras de seguridad y alarmas \",\"publisher\":{\"@id\":\"https:\\\/\\\/disvecol.com.co\\\/#organization\"},\"alternateName\":\"camaras de seguridad Medellin\",\"potentialAction\":[{\"@type\":\"SearchAction\",\"target\":{\"@type\":\"EntryPoint\",\"urlTemplate\":\"https:\\\/\\\/disvecol.com.co\\\/?s={search_term_string}\"},\"query-input\":{\"@type\":\"PropertyValueSpecification\",\"valueRequired\":true,\"valueName\":\"search_term_string\"}}],\"inLanguage\":\"es\"},{\"@type\":\"Organization\",\"@id\":\"https:\\\/\\\/disvecol.com.co\\\/#organization\",\"name\":\"Disvecol S.a.S\",\"alternateName\":\"disvecol camaras\",\"url\":\"https:\\\/\\\/disvecol.com.co\\\/\",\"logo\":{\"@type\":\"ImageObject\",\"inLanguage\":\"es\",\"@id\":\"https:\\\/\\\/disvecol.com.co\\\/#\\\/schema\\\/logo\\\/image\\\/\",\"url\":\"https:\\\/\\\/disvecol.com.co\\\/wp-content\\\/uploads\\\/2025\\\/03\\\/cropped-cropped-1_20250317_112650_0000.png\",\"contentUrl\":\"https:\\\/\\\/disvecol.com.co\\\/wp-content\\\/uploads\\\/2025\\\/03\\\/cropped-cropped-1_20250317_112650_0000.png\",\"width\":1077,\"height\":1077,\"caption\":\"Disvecol S.a.S\"},\"image\":{\"@id\":\"https:\\\/\\\/disvecol.com.co\\\/#\\\/schema\\\/logo\\\/image\\\/\"},\"sameAs\":[\"https:\\\/\\\/www.instagram.com\\\/disvecol_camaras\"]}]}<\/script>\n<!-- \/ Yoast SEO plugin. -->","yoast_head_json":{"title":"Camara hilook tipo bala -","robots":{"index":"index","follow":"follow","max-snippet":"max-snippet:-1","max-image-preview":"max-image-preview:large","max-video-preview":"max-video-preview:-1"},"canonical":"https:\/\/disvecol.com.co\/index.php\/producto\/camara-hilook-tipo-bala\/","og_locale":"es_ES","og_type":"article","og_title":"Camara hilook tipo bala -","og_description":"Calidad de Imagen Superior La C\u00e1mara Hilook Tipo Bala 1080 ofrece una calidad de imagen inigualable gracias a su resoluci\u00f3n [&hellip;]","og_url":"https:\/\/disvecol.com.co\/index.php\/producto\/camara-hilook-tipo-bala\/","article_modified_time":"2025-05-22T03:48:34+00:00","og_image":[{"width":500,"height":486,"url":"https:\/\/disvecol.com.co\/wp-content\/uploads\/2025\/05\/D_637460-MLU72745594396_112023-O.jpg","type":"image\/jpeg"}],"twitter_card":"summary_large_image","twitter_misc":{"Tiempo de lectura":"2 minutos"},"schema":{"@context":"https:\/\/schema.org","@graph":[{"@type":"WebPage","@id":"https:\/\/disvecol.com.co\/index.php\/producto\/camara-hilook-tipo-bala\/","url":"https:\/\/disvecol.com.co\/index.php\/producto\/camara-hilook-tipo-bala\/","name":"Camara hilook tipo bala -","isPartOf":{"@id":"https:\/\/disvecol.com.co\/#website"},"primaryImageOfPage":{"@id":"https:\/\/disvecol.com.co\/index.php\/producto\/camara-hilook-tipo-bala\/#primaryimage"},"image":{"@id":"https:\/\/disvecol.com.co\/index.php\/producto\/camara-hilook-tipo-bala\/#primaryimage"},"thumbnailUrl":"https:\/\/disvecol.com.co\/wp-content\/uploads\/2025\/05\/D_637460-MLU72745594396_112023-O.jpg","datePublished":"2025-05-22T02:50:08+00:00","dateModified":"2025-05-22T03:48:34+00:00","breadcrumb":{"@id":"https:\/\/disvecol.com.co\/index.php\/producto\/camara-hilook-tipo-bala\/#breadcrumb"},"inLanguage":"es","potentialAction":[{"@type":"ReadAction","target":["https:\/\/disvecol.com.co\/index.php\/producto\/camara-hilook-tipo-bala\/"]}]},{"@type":"ImageObject","inLanguage":"es","@id":"https:\/\/disvecol.com.co\/index.php\/producto\/camara-hilook-tipo-bala\/#primaryimage","url":"https:\/\/disvecol.com.co\/wp-content\/uploads\/2025\/05\/D_637460-MLU72745594396_112023-O.jpg","contentUrl":"https:\/\/disvecol.com.co\/wp-content\/uploads\/2025\/05\/D_637460-MLU72745594396_112023-O.jpg","width":500,"height":486,"caption":"CAMARA TIPO BALA PLASTICA 1080"},{"@type":"BreadcrumbList","@id":"https:\/\/disvecol.com.co\/index.php\/producto\/camara-hilook-tipo-bala\/#breadcrumb","itemListElement":[{"@type":"ListItem","position":1,"name":"Portada","item":"https:\/\/disvecol.com.co\/"},{"@type":"ListItem","position":2,"name":"Shop","item":"https:\/\/disvecol.com.co\/index.php\/shop\/"},{"@type":"ListItem","position":3,"name":"Camara hilook tipo bala"}]},{"@type":"WebSite","@id":"https:\/\/disvecol.com.co\/#website","url":"https:\/\/disvecol.com.co\/","name":"Disvecol | camaras de seguridad","description":"C\u00e1maras de seguridad y alarmas ","publisher":{"@id":"https:\/\/disvecol.com.co\/#organization"},"alternateName":"camaras de seguridad Medellin","potentialAction":[{"@type":"SearchAction","target":{"@type":"EntryPoint","urlTemplate":"https:\/\/disvecol.com.co\/?s={search_term_string}"},"query-input":{"@type":"PropertyValueSpecification","valueRequired":true,"valueName":"search_term_string"}}],"inLanguage":"es"},{"@type":"Organization","@id":"https:\/\/disvecol.com.co\/#organization","name":"Disvecol S.a.S","alternateName":"disvecol camaras","url":"https:\/\/disvecol.com.co\/","logo":{"@type":"ImageObject","inLanguage":"es","@id":"https:\/\/disvecol.com.co\/#\/schema\/logo\/image\/","url":"https:\/\/disvecol.com.co\/wp-content\/uploads\/2025\/03\/cropped-cropped-1_20250317_112650_0000.png","contentUrl":"https:\/\/disvecol.com.co\/wp-content\/uploads\/2025\/03\/cropped-cropped-1_20250317_112650_0000.png","width":1077,"height":1077,"caption":"Disvecol S.a.S"},"image":{"@id":"https:\/\/disvecol.com.co\/#\/schema\/logo\/image\/"},"sameAs":["https:\/\/www.instagram.com\/disvecol_camaras"]}]}},"_links":{"self":[{"href":"https:\/\/disvecol.com.co\/index.php\/wp-json\/wp\/v2\/product\/556","targetHints":{"allow":["GET"]}}],"collection":[{"href":"https:\/\/disvecol.com.co\/index.php\/wp-json\/wp\/v2\/product"}],"about":[{"href":"https:\/\/disvecol.com.co\/index.php\/wp-json\/wp\/v2\/types\/product"}],"replies":[{"embeddable":true,"href":"https:\/\/disvecol.com.co\/index.php\/wp-json\/wp\/v2\/comments?post=556"}],"wp:featuredmedia":[{"embeddable":true,"href":"https:\/\/disvecol.com.co\/index.php\/wp-json\/wp\/v2\/media\/557"}],"wp:attachment":[{"href":"https:\/\/disvecol.com.co\/index.php\/wp-json\/wp\/v2\/media?parent=556"}],"wp:term":[{"taxonomy":"product_brand","embeddable":true,"href":"https:\/\/disvecol.com.co\/index.php\/wp-json\/wp\/v2\/product_brand?post=556"},{"taxonomy":"product_cat","embeddable":true,"href":"https:\/\/disvecol.com.co\/index.php\/wp-json\/wp\/v2\/product_cat?post=556"},{"taxonomy":"product_tag","embeddable":true,"href":"https:\/\/disvecol.com.co\/index.php\/wp-json\/wp\/v2\/product_tag?post=556"}],"curies":[{"name":"wp","href":"https:\/\/api.w.org\/{rel}","templated":true}]}}